{"id":40395,"date":"2022-12-20T12:58:28","date_gmt":"2022-12-20T11:58:28","guid":{"rendered":"https:\/\/www.altei.cz\/hifi\/?post_type=product&#038;p=40395"},"modified":"2022-12-20T15:04:47","modified_gmt":"2022-12-20T14:04:47","slug":"kef-ls50-meta","status":"publish","type":"product","link":"https:\/\/www.altei.cz\/hifi\/produkt\/kef-ls50-meta\/","title":{"rendered":"KEF LS50 Meta"},"content":{"rendered":"<p>LS50 Meta je vysoce p\u0159esn\u00fd, emocion\u00e1ln\u011b poutav\u00fd reproduktor postaven\u00fd na revolu\u010dn\u00ed akustick\u00e9 technologii. Tento pevn\u00fd kompaktn\u00ed reproduktor, navr\u017een\u00fd kolem 12. generace Uni-Q s \u0159adou Metamaterial Absorption Technology, je schopen dod\u00e1vat detailn\u00ed zvuk kdekoli v m\u00edstnosti.<br \/>\ncena za kus<\/p>\n","protected":false},"excerpt":{"rendered":"<h4>KEF LS50 Meta<\/h4>\n","protected":false},"featured_media":40396,"comment_status":"open","ping_status":"closed","template":"","meta":[],"pwb-brand":[496],"product_brand":[],"product_cat":[497,82],"product_tag":[66,108,86,264],"class_list":{"0":"post-40395","1":"product","2":"type-product","3":"status-publish","4":"has-post-thumbnail","6":"pwb-brand-kef","7":"product_cat-kef","8":"product_cat-reprosoustavy","9":"product_tag-hi-fi","10":"product_tag-referencni","11":"product_tag-regalova","12":"product_tag-reprosoustava","14":"first","15":"onbackorder","16":"taxable","17":"shipping-taxable","18":"purchasable","19":"product-type-simple"},"aioseo_notices":[],"jetpack_sharing_enabled":true,"brands":[{"id":496,"name":"KEF","slug":"kef"}],"_links":{"self":[{"href":"https:\/\/www.altei.cz\/hifi\/wp-json\/wp\/v2\/product\/40395","targetHints":{"allow":["GET"]}}],"collection":[{"href":"https:\/\/www.altei.cz\/hifi\/wp-json\/wp\/v2\/product"}],"about":[{"href":"https:\/\/www.altei.cz\/hifi\/wp-json\/wp\/v2\/types\/product"}],"replies":[{"embeddable":true,"href":"https:\/\/www.altei.cz\/hifi\/wp-json\/wp\/v2\/comments?post=40395"}],"wp:featuredmedia":[{"embeddable":true,"href":"https:\/\/www.altei.cz\/hifi\/wp-json\/wp\/v2\/media\/40396"}],"wp:attachment":[{"href":"https:\/\/www.altei.cz\/hifi\/wp-json\/wp\/v2\/media?parent=40395"}],"wp:term":[{"taxonomy":"pwb-brand","embeddable":true,"href":"https:\/\/www.altei.cz\/hifi\/wp-json\/wp\/v2\/pwb-brand?post=40395"},{"taxonomy":"product_brand","embeddable":true,"href":"https:\/\/www.altei.cz\/hifi\/wp-json\/wp\/v2\/product_brand?post=40395"},{"taxonomy":"product_cat","embeddable":true,"href":"https:\/\/www.altei.cz\/hifi\/wp-json\/wp\/v2\/product_cat?post=40395"},{"taxonomy":"product_tag","embeddable":true,"href":"https:\/\/www.altei.cz\/hifi\/wp-json\/wp\/v2\/product_tag?post=40395"}],"curies":[{"name":"wp","href":"https:\/\/api.w.org\/{rel}","templated":true}]}}