{"id":40429,"date":"2022-12-21T09:44:37","date_gmt":"2022-12-21T08:44:37","guid":{"rendered":"https:\/\/www.altei.cz\/hifi\/?post_type=product&#038;p=40429"},"modified":"2024-02-21T13:11:10","modified_gmt":"2024-02-21T12:11:10","slug":"denon-heos-link-sh2","status":"publish","type":"product","link":"https:\/\/www.altei.cz\/hifi\/produkt\/denon-heos-link-sh2\/","title":{"rendered":"DENON HEOS LINK HS2"},"content":{"rendered":"<ul>\n<li>Voln\u011b dostupn\u00e1 HEOS aplikace pro iOS a Android<\/li>\n<li>Pomoc\u00ed aplikace je tak\u00e9 mo\u017en\u00e9 ovl\u00e1d\u00e1n\u00ed p\u0159ipojen\u00fdch zesilova\u010d\u016f, AV reciever\u016f \u010di minisyst\u00e9m\u016f Denon (funkce zapnut\u00ed\/vypnut\u00ed, p\u0159epnut\u00ed vstupu) p\u0159es generovan\u00e9 IR povely.<\/li>\n<li>Zap\u00edn\u00e1n\u00ed \/ vyp\u00edn\u00e1n\u00ed p\u0159ipojen\u00fdch za\u0159\u00edzen\u00ed pomoc\u00ed 12V sp\u00edn\u00e1n\u00ed<\/li>\n<li>Podpora streamov\u00e1n\u00ed HD audio form\u00e1t\u016f<\/li>\n<li>Streamov\u00e1n\u00ed obl\u00edben\u00fdch hudebn\u00edch slu\u017eeb jako Spotify, TIDAL, Deezer \u010di TuneIn<\/li>\n<li>Streamov\u00e1n\u00ed hudby ulo\u017een\u00e9 lok\u00e1ln\u011b v iOS \u010di Android telefonu \u010di tabletu.<\/li>\n<li>Streamov\u00e1n\u00ed hudby ulo\u017een\u00e9 na lok\u00e1n\u00ed s\u00edti \u2013 nap\u0159\u00edklad PC \u010di NAS<\/li>\n<li>Zabudovan\u00fd Bluetooth modul pro bezdr\u00e1tov\u00e9 streamov\u00e1n\u00ed<\/li>\n<li>USB termin\u00e1l, optick\u00fd i koaxi\u00e1ln\u00ed dig. vstup a analogov\u00fd AUX vstup umo\u017e\u0148uj\u00ed p\u0159ehr\u00e1v\u00e1n\u00ed z r\u016fzn\u00fdch zdroj\u016f p\u0159es jeden \u010di v\u00edce HEOS p\u0159ehr\u00e1va\u010d\u016f najednou, v perfektn\u00ed synchronizaci.<\/li>\n<li>Stereofonn\u00ed v\u00fdstup<\/li>\n<li>V\u00fdstup pro subwoofer \u2013 Pre-out<\/li>\n<li>Zabudovan\u00fd WiFi dual-band modul pro p\u0159ipojen\u00ed ke standardn\u00ed dom\u00e1c\u00ed bezdr\u00e1tov\u00e9 s\u00edti<\/li>\n<li>Tla\u010d\u00edtka pro ovl\u00e1d\u00e1n\u00ed hlasitosti, Mute a LED indik\u00e1tor stavu p\u0159\u00edmo na p\u0159\u00edstroji<\/li>\n<li>Sluch\u00e1tkov\u00fd v\u00fdstup<\/li>\n<li>Ethernetov\u00fd termin\u00e1l pro kabelov\u00e9 p\u0159ipojen\u00ed k po\u010d\u00edta\u010dov\u00e9 s\u00edti<\/li>\n<li>Ovl\u00e1d\u00e1n\u00ed bas\u016f a v\u00fd\u0161ek<\/li>\n<\/ul>\n","protected":false},"excerpt":{"rendered":"<h4>Bezdr\u00e1tov\u00fd z\u00f3nov\u00fd p\u0159ehr\u00e1va\u010d \/ p\u0159edzesilova\u010d vhodn\u00fd i pro Multiroom<\/h4>\n","protected":false},"featured_media":40431,"comment_status":"open","ping_status":"closed","template":"","meta":[],"pwb-brand":[460],"product_brand":[],"product_cat":[465,30,266,25],"product_tag":[46,34,28,57,59,60],"class_list":{"0":"post-40429","1":"product","2":"type-product","3":"status-publish","4":"has-post-thumbnail","6":"pwb-brand-denon","7":"product_cat-bluetooth","8":"product_cat-predzesilovace","9":"product_cat-predzesilovace-2","10":"product_cat-streamovaci-prehravace","11":"product_tag-bluetooth","12":"product_tag-predzesilovac","13":"product_tag-sitove-prehravace","14":"product_tag-streaming","15":"product_tag-tidal","16":"product_tag-usb","18":"first","19":"instock","20":"sale","21":"sold-individually","22":"taxable","23":"shipping-taxable","24":"purchasable","25":"product-type-simple"},"aioseo_notices":[],"jetpack_sharing_enabled":true,"brands":[{"id":460,"name":"Denon","slug":"denon"}],"_links":{"self":[{"href":"https:\/\/www.altei.cz\/hifi\/wp-json\/wp\/v2\/product\/40429","targetHints":{"allow":["GET"]}}],"collection":[{"href":"https:\/\/www.altei.cz\/hifi\/wp-json\/wp\/v2\/product"}],"about":[{"href":"https:\/\/www.altei.cz\/hifi\/wp-json\/wp\/v2\/types\/product"}],"replies":[{"embeddable":true,"href":"https:\/\/www.altei.cz\/hifi\/wp-json\/wp\/v2\/comments?post=40429"}],"wp:featuredmedia":[{"embeddable":true,"href":"https:\/\/www.altei.cz\/hifi\/wp-json\/wp\/v2\/media\/40431"}],"wp:attachment":[{"href":"https:\/\/www.altei.cz\/hifi\/wp-json\/wp\/v2\/media?parent=40429"}],"wp:term":[{"taxonomy":"pwb-brand","embeddable":true,"href":"https:\/\/www.altei.cz\/hifi\/wp-json\/wp\/v2\/pwb-brand?post=40429"},{"taxonomy":"product_brand","embeddable":true,"href":"https:\/\/www.altei.cz\/hifi\/wp-json\/wp\/v2\/product_brand?post=40429"},{"taxonomy":"product_cat","embeddable":true,"href":"https:\/\/www.altei.cz\/hifi\/wp-json\/wp\/v2\/product_cat?post=40429"},{"taxonomy":"product_tag","embeddable":true,"href":"https:\/\/www.altei.cz\/hifi\/wp-json\/wp\/v2\/product_tag?post=40429"}],"curies":[{"name":"wp","href":"https:\/\/api.w.org\/{rel}","templated":true}]}}