{"id":40441,"date":"2022-12-21T13:38:27","date_gmt":"2022-12-21T12:38:27","guid":{"rendered":"https:\/\/www.altei.cz\/hifi\/?post_type=product&#038;p=40441"},"modified":"2025-01-03T13:09:45","modified_gmt":"2025-01-03T12:09:45","slug":"keith-monks-discovery33-45","status":"publish","type":"product","link":"https:\/\/www.altei.cz\/hifi\/produkt\/keith-monks-discovery33-45\/","title":{"rendered":"KEITH MONKS discOvery33\/45"},"content":{"rendered":"<p>KEITH MONKS discOvery33\/45 je ekologick\u00fd \u010distic\u00ed roztok na vinylov\u00e9 desky (Ilustra\u010dn\u00ed foto)<\/p>\n<ul>\n<li>Kompletn\u00ed p\u0159\u00edrodn\u00ed \u010distic\u00ed roztok na vinylov\u00e9 desky v jedn\u00e9 lahvi.<\/li>\n<li>Obnovuje star\u00e9 desky, zvy\u0161uje kvalitu zvuku a chr\u00e1n\u00ed zcela nov\u00e9 nehran\u00e9 disky<\/li>\n<li>Rozpou\u0161t\u00ed a odstra\u0148uje prach, \u0161p\u00ednu a mastnotu<\/li>\n<li>Odstra\u0148uje zbytky \u010d\u00e1stic a p\u0159ebyte\u010dn\u00e9 oleje, kter\u00e9 z\u016fstaly p\u0159i lisov\u00e1n\u00ed desek<\/li>\n<li>Vynikaj\u00edc\u00ed protipl\u00eds\u0148ov\u00fd \u00fa\u010dinek<\/li>\n<li>Odstra\u0148uje statickou elekt\u0159inu<\/li>\n<li>Kapalina nezanech\u00e1v\u00e1 sly\u0161iteln\u00e9 ani viditeln\u00e9 zbytky<\/li>\n<li>100% p\u0159\u00edrodn\u00ed \u00fa\u010dinn\u00e9 l\u00e1tky na rostlinn\u00e9 b\u00e1zi sm\u00edchan\u00e9 s \u010distou nejkvalitn\u011bj\u0161\u00ed t\u0159ikr\u00e1t filtrovanou destilovanou vodou<\/li>\n<li>P\u0159\u00edrodn\u00ed barvivo pro snadnou identifikaci (ze superkoncentr\u00e1tu, nezanech\u00e1v\u00e1 zbytky)<\/li>\n<li>P\u0159in\u00e1\u0161\u00ed historicky nejlep\u0161\u00ed zlep\u0161en\u00ed kvality zvuku a redukci \u0161umu z RCM Keith Monks.<\/li>\n<li>1 litr (vy\u010dist\u00ed p\u0159ibli\u017en\u011b 200 stran LP)<\/li>\n<\/ul>\n","protected":false},"excerpt":{"rendered":"<p>\u010cist\u00edc\u00ed roztok pro vinylov\u00e9 LP desky a singly 45 ot\u00e1\u010dek za minutu, 1000ml.<\/p>\n","protected":false},"featured_media":40439,"comment_status":"open","ping_status":"closed","template":"","meta":[],"pwb-brand":[334],"product_brand":[],"product_cat":[221],"product_tag":[499,131],"class_list":{"0":"post-40441","1":"product","2":"type-product","3":"status-publish","4":"has-post-thumbnail","6":"pwb-brand-keith-monks","7":"product_cat-prislusenstvi","8":"product_tag-cisteni-vinyl","9":"product_tag-prislusenstvi","11":"first","12":"instock","13":"taxable","14":"shipping-taxable","15":"purchasable","16":"product-type-simple"},"aioseo_notices":[],"jetpack_sharing_enabled":true,"brands":[{"id":334,"name":"Keith Monks","slug":"keith-monks"}],"_links":{"self":[{"href":"https:\/\/www.altei.cz\/hifi\/wp-json\/wp\/v2\/product\/40441","targetHints":{"allow":["GET"]}}],"collection":[{"href":"https:\/\/www.altei.cz\/hifi\/wp-json\/wp\/v2\/product"}],"about":[{"href":"https:\/\/www.altei.cz\/hifi\/wp-json\/wp\/v2\/types\/product"}],"replies":[{"embeddable":true,"href":"https:\/\/www.altei.cz\/hifi\/wp-json\/wp\/v2\/comments?post=40441"}],"wp:featuredmedia":[{"embeddable":true,"href":"https:\/\/www.altei.cz\/hifi\/wp-json\/wp\/v2\/media\/40439"}],"wp:attachment":[{"href":"https:\/\/www.altei.cz\/hifi\/wp-json\/wp\/v2\/media?parent=40441"}],"wp:term":[{"taxonomy":"pwb-brand","embeddable":true,"href":"https:\/\/www.altei.cz\/hifi\/wp-json\/wp\/v2\/pwb-brand?post=40441"},{"taxonomy":"product_brand","embeddable":true,"href":"https:\/\/www.altei.cz\/hifi\/wp-json\/wp\/v2\/product_brand?post=40441"},{"taxonomy":"product_cat","embeddable":true,"href":"https:\/\/www.altei.cz\/hifi\/wp-json\/wp\/v2\/product_cat?post=40441"},{"taxonomy":"product_tag","embeddable":true,"href":"https:\/\/www.altei.cz\/hifi\/wp-json\/wp\/v2\/product_tag?post=40441"}],"curies":[{"name":"wp","href":"https:\/\/api.w.org\/{rel}","templated":true}]}}