{"id":40461,"date":"2022-12-23T09:57:02","date_gmt":"2022-12-23T08:57:02","guid":{"rendered":"https:\/\/www.altei.cz\/hifi\/?post_type=product&#038;p=40461"},"modified":"2025-02-17T16:32:36","modified_gmt":"2025-02-17T15:32:36","slug":"bw-802-d4","status":"publish","type":"product","link":"https:\/\/www.altei.cz\/hifi\/produkt\/bw-802-d4\/","title":{"rendered":"B&amp;W 802 D4"},"content":{"rendered":"<p>Model 802 D4 je vyroben v podobn\u00fdch rozm\u011brech jako vlajkov\u00e1 lo\u010f 801 D4 a nab\u00edz\u00ed stejn\u00fd v\u00fdkon jako jeho sourozenec, v\u010detn\u011b stejn\u00e9 ozvu\u010dnice Turbine Head pro st\u0159edot\u00f3novou jednotku, ale celkov\u011b je p\u0159\u00edstupn\u011bj\u0161\u00ed. Ide\u00e1ln\u00ed pro referen\u010dn\u00ed stereofonn\u00ed poslech a tak\u00e9 jako vynikaj\u00edc\u00ed volba pro dom\u00e1c\u00ed kino.<\/p>\n<p>Cena za p\u00e1r<\/p>\n<ul>\n<li class=\"p1\">Diamantov\u00fd tweeter<\/li>\n<li class=\"p1\">Tweeter-on-Top s ozvu\u010dnic\u00ed z jedin\u00e9ho bloku hlin\u00edku<\/li>\n<li class=\"p1\">Continuum FST\u2122 membr\u00e1na<\/li>\n<li class=\"p1\">Anti-Resonance centr\u00e1ln\u00ed n\u00e1stavec<\/li>\n<li class=\"p1\">Biomimetic z\u00e1v\u011bsy<\/li>\n<li class=\"p1\">Turb\u00ednov\u00e1 hlavice<\/li>\n<li class=\"p1\">Matrix\u2122<\/li>\n<li class=\"p1\">Aerofoil membr\u00e1ny basov\u00fdch reproduktor\u016f<\/li>\n<li class=\"p1\">Flowport\u2122<\/li>\n<\/ul>\n","protected":false},"excerpt":{"rendered":"<h4>B&amp;W 802 D4 Reprosoustava sloupov\u00e1<\/h4>\n","protected":false},"featured_media":40462,"comment_status":"closed","ping_status":"closed","template":"","meta":[],"pwb-brand":[459],"product_brand":[],"product_cat":[567,82],"product_tag":[264,85],"class_list":{"0":"post-40461","1":"product","2":"type-product","3":"status-publish","4":"has-post-thumbnail","6":"pwb-brand-bowers-wilkins","7":"product_cat-bw","8":"product_cat-reprosoustavy","9":"product_tag-reprosoustava","10":"product_tag-sloupova","12":"first","13":"onbackorder","14":"taxable","15":"shipping-taxable","16":"purchasable","17":"product-type-simple"},"aioseo_notices":[],"jetpack_sharing_enabled":true,"brands":[{"id":459,"name":"B&amp;W","slug":"bowers-wilkins"}],"_links":{"self":[{"href":"https:\/\/www.altei.cz\/hifi\/wp-json\/wp\/v2\/product\/40461","targetHints":{"allow":["GET"]}}],"collection":[{"href":"https:\/\/www.altei.cz\/hifi\/wp-json\/wp\/v2\/product"}],"about":[{"href":"https:\/\/www.altei.cz\/hifi\/wp-json\/wp\/v2\/types\/product"}],"replies":[{"embeddable":true,"href":"https:\/\/www.altei.cz\/hifi\/wp-json\/wp\/v2\/comments?post=40461"}],"wp:featuredmedia":[{"embeddable":true,"href":"https:\/\/www.altei.cz\/hifi\/wp-json\/wp\/v2\/media\/40462"}],"wp:attachment":[{"href":"https:\/\/www.altei.cz\/hifi\/wp-json\/wp\/v2\/media?parent=40461"}],"wp:term":[{"taxonomy":"pwb-brand","embeddable":true,"href":"https:\/\/www.altei.cz\/hifi\/wp-json\/wp\/v2\/pwb-brand?post=40461"},{"taxonomy":"product_brand","embeddable":true,"href":"https:\/\/www.altei.cz\/hifi\/wp-json\/wp\/v2\/product_brand?post=40461"},{"taxonomy":"product_cat","embeddable":true,"href":"https:\/\/www.altei.cz\/hifi\/wp-json\/wp\/v2\/product_cat?post=40461"},{"taxonomy":"product_tag","embeddable":true,"href":"https:\/\/www.altei.cz\/hifi\/wp-json\/wp\/v2\/product_tag?post=40461"}],"curies":[{"name":"wp","href":"https:\/\/api.w.org\/{rel}","templated":true}]}}