{"id":40473,"date":"2022-12-23T11:35:35","date_gmt":"2022-12-23T10:35:35","guid":{"rendered":"https:\/\/www.altei.cz\/hifi\/?post_type=product&#038;p=40473"},"modified":"2025-02-17T16:19:13","modified_gmt":"2025-02-17T15:19:13","slug":"bw-db2-d","status":"publish","type":"product","link":"https:\/\/www.altei.cz\/hifi\/produkt\/bw-db2-d\/","title":{"rendered":"B&amp;W DB2 D"},"content":{"rendered":"<p>Model DB2D zauj\u00edm\u00e1 prost\u0159edn\u00ed pozici v\u00a0referen\u010dn\u00ed \u0159ad\u011b subwoofer\u016f B&amp;W. Pou\u017e\u00edv\u00e1 stejnou koncepci se dv\u011bma z\u00e1dy k\u00a0sob\u011b um\u00edst\u011bn\u00fdmi reproduktory, jako nejvy\u0161\u0161\u00ed model DB1D. M\u00e1 v\u0161ak pon\u011bkud kompaktn\u011bj\u0161\u00ed rozm\u011bry a jeho reproduktory, nap\u00e1jen\u00e9 1000W Class D Hypex zesilova\u010dem, maj\u00ed \u00a0250mm membr\u00e1ny Aerofoil, odvozen\u00e9 z reprosoustav B&amp;W 800D3.<\/p>\n<p>Nastavov\u00e1n\u00ed usnad\u0148uje aplikace dostupn\u00e1 pro iOS a Android, p\u0159i\u010dem\u017e pokro\u010dil\u00e1 digit\u00e1ln\u00ed elektronika\u00a0 umo\u017e\u0148uje nejen ide\u00e1ln\u00ed p\u0159izp\u016fsoben\u00ed ostatn\u00edm reprosoustav\u00e1m v\u00a0syst\u00e9mu, ale d\u00edky kalibra\u010dn\u00edmu syst\u00e9mu tak\u00e9 p\u0159izp\u016fsoben\u00ed akustice m\u00edstnosti.<\/p>\n<p>Povrch ozvu\u010dnice m\u016f\u017ee b\u00fdt tvo\u0159en bu\u010f pravou d\u0159ev\u011bnou d\u00fdhou v odst\u00ednu \u010derven\u00fd o\u0159ech, nebo leskle \u010dern\u00fdm, \u010di sat\u00e9nov\u011b b\u00edl\u00fdm lakem.<\/p>\n","protected":false},"excerpt":{"rendered":"<h4>B&amp;W DB2 D Reproduktor basov\u00fd<\/h4>\n","protected":false},"featured_media":40474,"comment_status":"closed","ping_status":"closed","template":"","meta":[],"pwb-brand":[459],"product_brand":[],"product_cat":[567,82],"product_tag":[86,264],"class_list":{"0":"post-40473","1":"product","2":"type-product","3":"status-publish","4":"has-post-thumbnail","6":"pwb-brand-bowers-wilkins","7":"product_cat-bw","8":"product_cat-reprosoustavy","9":"product_tag-regalova","10":"product_tag-reprosoustava","12":"first","13":"onbackorder","14":"taxable","15":"shipping-taxable","16":"purchasable","17":"product-type-simple"},"aioseo_notices":[],"jetpack_sharing_enabled":true,"brands":[{"id":459,"name":"B&amp;W","slug":"bowers-wilkins"}],"_links":{"self":[{"href":"https:\/\/www.altei.cz\/hifi\/wp-json\/wp\/v2\/product\/40473","targetHints":{"allow":["GET"]}}],"collection":[{"href":"https:\/\/www.altei.cz\/hifi\/wp-json\/wp\/v2\/product"}],"about":[{"href":"https:\/\/www.altei.cz\/hifi\/wp-json\/wp\/v2\/types\/product"}],"replies":[{"embeddable":true,"href":"https:\/\/www.altei.cz\/hifi\/wp-json\/wp\/v2\/comments?post=40473"}],"wp:featuredmedia":[{"embeddable":true,"href":"https:\/\/www.altei.cz\/hifi\/wp-json\/wp\/v2\/media\/40474"}],"wp:attachment":[{"href":"https:\/\/www.altei.cz\/hifi\/wp-json\/wp\/v2\/media?parent=40473"}],"wp:term":[{"taxonomy":"pwb-brand","embeddable":true,"href":"https:\/\/www.altei.cz\/hifi\/wp-json\/wp\/v2\/pwb-brand?post=40473"},{"taxonomy":"product_brand","embeddable":true,"href":"https:\/\/www.altei.cz\/hifi\/wp-json\/wp\/v2\/product_brand?post=40473"},{"taxonomy":"product_cat","embeddable":true,"href":"https:\/\/www.altei.cz\/hifi\/wp-json\/wp\/v2\/product_cat?post=40473"},{"taxonomy":"product_tag","embeddable":true,"href":"https:\/\/www.altei.cz\/hifi\/wp-json\/wp\/v2\/product_tag?post=40473"}],"curies":[{"name":"wp","href":"https:\/\/api.w.org\/{rel}","templated":true}]}}