{"id":40744,"date":"2023-02-07T12:56:28","date_gmt":"2023-02-07T11:56:28","guid":{"rendered":"https:\/\/www.altei.cz\/hifi\/?post_type=product&#038;p=40744"},"modified":"2026-01-12T13:41:03","modified_gmt":"2026-01-12T12:41:03","slug":"hana-ub","status":"publish","type":"product","link":"https:\/\/www.altei.cz\/hifi\/produkt\/hana-ub\/","title":{"rendered":"HANA UB"},"content":{"rendered":"<p>HANA UB (UMAMI BLUE) je \u0161pi\u010dkov\u00e1 gramofonov\u00e1 p\u0159enoska z \u0159ady elektrodynamick\u00fdch (MC) gramofonov\u00fdch p\u0159enosek \u83ef, neboli \u201eHANA\u201c z Japonska, kter\u00e1 zt\u011bles\u0148uje skute\u010dn\u00fd smysl pro synergii, kombinuje z\u00e1kladn\u00ed slo\u017eky model\u016f <a title=\"HANA UR\" href=\"https:\/\/www.altei.cz\/hifi\/produkt\/hana-ur\/\" target=\"_blank\" rel=\"noopener\">Umami Red<\/a> a <a title=\"HANA ML\" href=\"https:\/\/www.altei.cz\/hifi\/produkt\/hana-ml\/\" target=\"_blank\" rel=\"noopener\">Hana ML<\/a>, kter\u00e9 si vydobily svou oblibu u audiofil\u016f a vytv\u00e1\u0159\u00ed nov\u00fd standard hudebn\u00edho v\u00fdkonu a po\u0159izovac\u00ed ceny.<\/p>\n<p>Vrchn\u00ed design\u00e9r p\u0159enosek <a title=\"HANA\" href=\"https:\/\/www.altei.cz\/hifi\/hana\/\" target=\"_blank\" rel=\"noopener\">Hana<\/a> pan Maseo Okada vytv\u00e1\u0159\u00ed nov\u00e9 m\u011b\u0159\u00edtko v\u00fdjime\u010dn\u00e9ho zvuku a hodnoty. Modr\u00e1 UB m\u00e1 t\u011blo Auricle\u2122 vyroben\u00e9 z ultra\u010dist\u00e9ho A7075 aluminia, kter\u00e9 je vyu\u017e\u00edv\u00e1no p\u0159edev\u0161\u00edm pro kosmick\u00e9 technologie a b\u00edl\u00e9 POM vlo\u017eky, kter\u00e1 je\u0161t\u011b v\u00edce potla\u010duje necht\u011bn\u00e9 rezonance. Pro tuto p\u0159enosku je specifick\u00e1 i speci\u00e1ln\u00ed povrchov\u00e1 \u00faprava MTP (Melamine Thermosetting Process) .<\/p>\n<p>Diamantov\u00fd hrot typu Micro Line na chv\u011bjce z tvrzen\u00e9ho boru zachyt\u00ed i ty nejjemn\u011bj\u0161\u00ed detaily dr\u00e1\u017eky pro dosa\u017een\u00ed maxim\u00e1ln\u00edho frekven\u010dn\u00edho rozsahu. Nejen Alnico magnet a excelentn\u00ed bezkysl\u00edkat\u00e1 m\u011b\u010f pou\u017eit\u00e1 na vinut\u00ed, ale i vyu\u017eit\u00ed kryogenn\u00edho procesu posunuje sonick\u00e9 vlastnosti p\u0159enosky HANA UB je\u0161t\u011b v\u00fd\u0161e. Vynikaj\u00edc\u00ed volba pro milovn\u00edky annalogov\u00e9ho zvuku vinyl\u016f.<\/p>\n<p><a href=\"https:\/\/www.hifiroom.cz\/recenze\/hana-umami-blue-t25514.html?sid=93c4b3c88fa6f579f9d9240bed6988a9\" target=\"_blank\" rel=\"noopener\">Recenze Umami Blue na hifiroom.cz<\/a><\/p>\n<p>&nbsp;<\/p>\n<div  class='avia-button-wrap av-isq5m0-40ec68af419bbb20791ca0f0c8e78dd0-wrap avia-button-center  avia-builder-el-0  avia-builder-el-no-sibling '><a href='https:\/\/www.altei.cz\/hifi\/hana\/'  class='avia-button av-isq5m0-40ec68af419bbb20791ca0f0c8e78dd0 av-link-btn avia-icon_select-no avia-size-small avia-position-center avia-color-theme-color'   aria-label=\"V\u00edce\"><span class='avia_iconbox_title' >V\u00edce<\/span><\/a><\/div>\n","protected":false},"excerpt":{"rendered":"<h4>\u0160pi\u010dkov\u00e1 elektrodynamick\u00e1 p\u0159enoska MC MicroLine<\/h4>\n","protected":false},"featured_media":40745,"comment_status":"closed","ping_status":"closed","template":"","meta":[],"pwb-brand":[155],"product_brand":[],"product_cat":[157],"product_tag":[304,289,103,290,305,159],"class_list":{"0":"post-40744","1":"product","2":"type-product","3":"status-publish","4":"has-post-thumbnail","6":"pwb-brand-hana","7":"product_cat-gramofonove-prenosky","8":"product_tag-cartridge","9":"product_tag-diamant-prirodni","10":"product_tag-gramofon","11":"product_tag-microline","12":"product_tag-phono","13":"product_tag-prenoska","14":"product_shipping_class-z-1-kg","16":"first","17":"onbackorder","18":"featured","19":"taxable","20":"shipping-taxable","21":"purchasable","22":"product-type-simple"},"aioseo_notices":[],"jetpack_sharing_enabled":true,"brands":[{"id":155,"name":"HANA","slug":"hana"}],"_links":{"self":[{"href":"https:\/\/www.altei.cz\/hifi\/wp-json\/wp\/v2\/product\/40744","targetHints":{"allow":["GET"]}}],"collection":[{"href":"https:\/\/www.altei.cz\/hifi\/wp-json\/wp\/v2\/product"}],"about":[{"href":"https:\/\/www.altei.cz\/hifi\/wp-json\/wp\/v2\/types\/product"}],"replies":[{"embeddable":true,"href":"https:\/\/www.altei.cz\/hifi\/wp-json\/wp\/v2\/comments?post=40744"}],"wp:featuredmedia":[{"embeddable":true,"href":"https:\/\/www.altei.cz\/hifi\/wp-json\/wp\/v2\/media\/40745"}],"wp:attachment":[{"href":"https:\/\/www.altei.cz\/hifi\/wp-json\/wp\/v2\/media?parent=40744"}],"wp:term":[{"taxonomy":"pwb-brand","embeddable":true,"href":"https:\/\/www.altei.cz\/hifi\/wp-json\/wp\/v2\/pwb-brand?post=40744"},{"taxonomy":"product_brand","embeddable":true,"href":"https:\/\/www.altei.cz\/hifi\/wp-json\/wp\/v2\/product_brand?post=40744"},{"taxonomy":"product_cat","embeddable":true,"href":"https:\/\/www.altei.cz\/hifi\/wp-json\/wp\/v2\/product_cat?post=40744"},{"taxonomy":"product_tag","embeddable":true,"href":"https:\/\/www.altei.cz\/hifi\/wp-json\/wp\/v2\/product_tag?post=40744"}],"curies":[{"name":"wp","href":"https:\/\/api.w.org\/{rel}","templated":true}]}}