{"id":40879,"date":"2023-03-22T22:14:27","date_gmt":"2023-03-22T21:14:27","guid":{"rendered":"https:\/\/www.altei.cz\/hifi\/?post_type=product&#038;p=40879"},"modified":"2026-03-18T22:20:10","modified_gmt":"2026-03-18T21:20:10","slug":"ta-s430","status":"publish","type":"product","link":"https:\/\/www.altei.cz\/hifi\/produkt\/ta-s430\/","title":{"rendered":"T+A S430"},"content":{"rendered":"<div class=\"text-wrap tlid-copy-target\">\n<div class=\"result-shield-container tlid-copy-target\"><span class=\"tlid-translation translation\">T+A S430\u00a0 z \u0159ady Solitaire je t\u0159\u00edp\u00e1smov\u00e1 sloupov\u00e1 reprosoustava se symetrick\u00fdm vyza\u0159ov\u00e1n\u00edm a magnetostatick\u00fdm plan\u00e1rn\u00edm v\u00fd\u0161kov\u00fdm reproduktorem vlastn\u00ed konstrukce i v\u00fdroby Mag50.\u00a0<\/span><\/div>\n<div>Vstupem do sv\u011bta referen\u010dn\u00edch reprosoustav <a href=\"https:\/\/www.altei.cz\/hifi\/ta-hifi\/\">T+A<\/a> je model Solitaire S430, kter\u00fd bez probl\u00e9m\u016f \u0159e\u0161\u00ed rozpor mezi vzhledem, konstrukc\u00ed a maxim\u00e1ln\u00edm audiofilsk\u00fdm v\u00fdkonem. Toho bylo dosa\u017eeno spojen\u00edm v\u00fdhod konven\u010dn\u00edho n\u00e1vrhu reprosoustavy se syst\u00e9mem symetrick\u00e9 sm\u011brovosti st\u0159edn\u00edho p\u00e1sma &#8211; vyvinut\u00e9ho speci\u00e1ln\u011b pro toto pou\u017eit\u00ed &#8211; a nov\u00e9ho magnetostatick\u00e9ho v\u00fd\u0161kov\u00e9ho m\u011bni\u010de. Konstrukce st\u0159edot\u00f3nov\u00e9\/v\u00fd\u0161kov\u00e9 jednotky, kter\u00e1 se skl\u00e1d\u00e1 ze dvou nov\u011b vyvinut\u00fdch 15cm st\u0159edot\u00f3nov\u00fdch jednotek s koncentrick\u00fdm 5cm v\u00fd\u0161kov\u00fdm m\u011bni\u010dem, v\u00fdrazn\u011b sni\u017euje vlivy poslechov\u00e9 m\u00edstnosti. D\u00edky t\u00e9to technologii je tento model T+A S430 mnohem v\u00edce ne\u017e jen z\u00e1kladn\u00edm typem \u0159ady Solitaire, st\u00e1v\u00e1 se prvn\u00edm krokem k nov\u00e9 t\u0159\u00edd\u011b.<\/div>\n<\/div>\n<div>Z\u00e1kladem Solitaire S430 je ru\u010dn\u011b vyr\u00e1b\u011bn\u00fd magnetostat Mag50, kter\u00fd byl vyvinut a vyroben v\u00fdhradn\u011b v Herfordu. A\u010dkoli tato jednotka v z\u00e1sad\u011b vych\u00e1z\u00ed ze sluch\u00e1tkov\u00fdch m\u011bni\u010d\u016f TPM 3100 a TPM 2500, obsahuje velk\u00e9 mno\u017estv\u00ed inovativn\u00edch \u0159e\u0161en\u00ed, d\u00edky nim\u017e je v\u00edce ne\u017e jen jedine\u010dn\u00fdm \u010dlenem rodiny magnetostat\u016f <a href=\"https:\/\/www.ta-hifi.de\">T+A<\/a>: je skute\u010dn\u011b symbolem l\u00e1sky k hudb\u011b a v\u00edry ve v\u011bdu jako nezbytnosti pro co nejlep\u0161\u00ed reprodukci zvuku. Jeho vnit\u0159n\u00ed konstrukce se skl\u00e1d\u00e1 z vodi\u010de WaveArray &#8211; vyvinut\u00e9ho speci\u00e1ln\u011b pro tuto aplikaci &#8211; jeho\u017e vodiv\u00e1 hlin\u00edkov\u00e1 vrstva je vylept\u00e1na na nosn\u00e9 f\u00f3lii pomoc\u00ed fotochemick\u00e9ho procesu. M\u00edrn\u011b zvln\u011bn\u00fd pr\u016fb\u011bh vodi\u010d\u016f je pe\u010dliv\u011b vypo\u010d\u00edt\u00e1n tak, aby se zabr\u00e1nilo \u0161kodliv\u00fdm line\u00e1rn\u00edm m\u00f3d\u016fm. Syst\u00e9m \u0159\u00edzen\u00ed tahu, p\u0159evzat\u00fd z modelu Solitaire P-SE a upraven\u00fd pro pou\u017eit\u00ed v reproduktorech, zaji\u0161\u0165uje efektivn\u00ed charakteristiku proud\u011bn\u00ed v Mag50 a minimalizaci turbulenc\u00ed u magnet\u016f, tak\u017ee jsou eliminov\u00e1ny i ty nejmen\u0161\u00ed negativn\u00ed vlivy. Navzdory sv\u00e9 d\u00e9lce pouh\u00fdch 50 milimetr\u016f poskytuje deset magnet\u016f &#8211; uspo\u0159\u00e1dan\u00fdch ve dvou \u0159ad\u00e1ch &#8211; Mag50 neust\u00e1le dostate\u010dn\u00fd hnac\u00ed v\u00fdkon pro p\u016fsobivou hladinu zvuku, zat\u00edmco \u0161kodliv\u00e9 zkreslen\u00ed, kter\u00e9 obvykle vznikaj\u00ed u mal\u00fdch magnetostat\u016f, je eliminov\u00e1no d\u0159\u00edve, ne\u017e se m\u016f\u017ee rozvinout, a to d\u00edky promy\u0161len\u00e9 modulaci magnetick\u00e9ho pole a rafinovan\u00fdm tlumic\u00edm a absorp\u010dn\u00edm opat\u0159en\u00edm. Z hlediska kvality zvuku nab\u00edz\u00ed Mag50 p\u0159esnost, rychlost a rozli\u0161en\u00ed elektrostatu, ale bez nutnosti p\u0159\u00eddavn\u00e9ho nap\u00e1jen\u00ed.<\/div>\n<div>T+A S430 lze objednat ve t\u0159ech barevn\u00fdch variant\u00e1ch: \u010cern\u00e1 s vysok\u00fdm leskem, Macassar s vysok\u00fdm leskem a Arctic Silver s vysok\u00fdm leskem.<\/div>\n<div class=\"text-wrap tlid-copy-target\">\n<div class=\"result-shield-container tlid-copy-target\"><\/div>\n<div class=\"result-shield-container tlid-copy-target\"><strong><span class=\"tlid-translation translation\">Cena za p\u00e1r<\/span><\/strong><\/div>\n<\/div>\n<div>\n<p><strong>UNBOXING<\/strong><\/p>\n<div class='avia-iframe-wrap'><iframe loading=\"lazy\" title=\"Unboxing I Solitaire S 430\" width=\"1500\" height=\"844\" src=\"https:\/\/www.youtube.com\/embed\/HzFIbuM8xVc?feature=oembed\" frameborder=\"0\" allow=\"accelerometer; autoplay; clipboard-write; encrypted-media; gyroscope; picture-in-picture; web-share\" referrerpolicy=\"strict-origin-when-cross-origin\" allowfullscreen><\/iframe><\/div>\n<\/div>\n","protected":false},"excerpt":{"rendered":"<h4 class=\"ls-l-1\">\u0160pi\u010dkov\u00e1 reprosoustava sloupov\u00e1<\/h4>\n","protected":false},"featured_media":40880,"comment_status":"closed","ping_status":"closed","template":"","meta":[],"pwb-brand":[152],"product_brand":[],"product_cat":[82,503,31],"product_tag":[66,84,85,109,38],"class_list":{"0":"post-40879","1":"product","2":"type-product","3":"status-publish","4":"has-post-thumbnail","6":"pwb-brand-ta","7":"product_cat-reprosoustavy","8":"product_cat-solitaire-s","9":"product_cat-ta","10":"product_tag-hi-fi","11":"product_tag-reprosoustavy","12":"product_tag-sloupova","13":"product_tag-solitaire","14":"product_tag-ta-hifi","16":"first","17":"onbackorder","18":"taxable","19":"shipping-taxable","20":"purchasable","21":"product-type-simple"},"aioseo_notices":[],"jetpack_sharing_enabled":true,"brands":[{"id":152,"name":"T+A","slug":"ta"}],"_links":{"self":[{"href":"https:\/\/www.altei.cz\/hifi\/wp-json\/wp\/v2\/product\/40879","targetHints":{"allow":["GET"]}}],"collection":[{"href":"https:\/\/www.altei.cz\/hifi\/wp-json\/wp\/v2\/product"}],"about":[{"href":"https:\/\/www.altei.cz\/hifi\/wp-json\/wp\/v2\/types\/product"}],"replies":[{"embeddable":true,"href":"https:\/\/www.altei.cz\/hifi\/wp-json\/wp\/v2\/comments?post=40879"}],"wp:featuredmedia":[{"embeddable":true,"href":"https:\/\/www.altei.cz\/hifi\/wp-json\/wp\/v2\/media\/40880"}],"wp:attachment":[{"href":"https:\/\/www.altei.cz\/hifi\/wp-json\/wp\/v2\/media?parent=40879"}],"wp:term":[{"taxonomy":"pwb-brand","embeddable":true,"href":"https:\/\/www.altei.cz\/hifi\/wp-json\/wp\/v2\/pwb-brand?post=40879"},{"taxonomy":"product_brand","embeddable":true,"href":"https:\/\/www.altei.cz\/hifi\/wp-json\/wp\/v2\/product_brand?post=40879"},{"taxonomy":"product_cat","embeddable":true,"href":"https:\/\/www.altei.cz\/hifi\/wp-json\/wp\/v2\/product_cat?post=40879"},{"taxonomy":"product_tag","embeddable":true,"href":"https:\/\/www.altei.cz\/hifi\/wp-json\/wp\/v2\/product_tag?post=40879"}],"curies":[{"name":"wp","href":"https:\/\/api.w.org\/{rel}","templated":true}]}}