{"id":40885,"date":"2023-03-27T11:38:33","date_gmt":"2023-03-27T09:38:33","guid":{"rendered":"https:\/\/www.altei.cz\/hifi\/?post_type=product&#038;p=40885"},"modified":"2026-03-18T22:19:05","modified_gmt":"2026-03-18T21:19:05","slug":"ta-s540","status":"publish","type":"product","link":"https:\/\/www.altei.cz\/hifi\/produkt\/ta-s540\/","title":{"rendered":"T+A S540"},"content":{"rendered":"<div class=\"text-wrap tlid-copy-target\">\n<div class=\"result-shield-container tlid-copy-target\"><span class=\"tlid-translation translation\">T+A S540 z \u0159ady Solitaire je referen\u010dn\u00ed t\u0159\u00edp\u00e1smov\u00e1 sloupov\u00e1 reprosoustava se symetrick\u00fdm vyza\u0159ov\u00e1n\u00edm a magnetostatick\u00fdm plan\u00e1rn\u00edm v\u00fd\u0161kov\u00fdm reproduktorem (85 cm)\u00a0 vlastn\u00ed konstrukce i v\u00fdroby Mag850 a Line array soustavou st\u0159edov\u00fdch reproduktor\u016f. P\u0159edn\u00ed st\u011bna z masivn\u00edho hlin\u00edku a dual bass syst\u00e9m.<br \/>\n<\/span><\/div>\n<div><\/div>\n<div>Modely Solitaire S530 a S540 jsou vybaveny neb\u00fdvalou \u0159adou jedine\u010dn\u00fdch \u0161pi\u010dkov\u00fdch technologi\u00ed. Jejich vlastn\u00ed magnetostat Mag850, poh\u00e1n\u011bn\u00fd 64 vysoce v\u00fdkonn\u00fdmi magnety, se t\u00e1hne v d\u00e9lce 85 centimetr\u016f pod\u00e9l p\u0159edn\u00ed \u010d\u00e1sti sk\u0159\u00edn\u011b, zat\u00edmco sedm elipticky tvarovan\u00fdch st\u0159edov\u00fdch jednotek StarStabilizer zvl\u00e1d\u00e1 frekven\u010dn\u00ed rozsah od 150 do 2000 Hertz\u016f. Tento syst\u00e9m p\u0159edstavuje nejnov\u011bj\u0161\u00ed iteraci technologie <a href=\"https:\/\/www.altei.cz\/hifi\/ta-hifi\/\">T+A<\/a> nazvan\u00e9 Cylinder Wave: revolu\u010dn\u00ed koncepce, kter\u00e1 vytv\u00e1\u0159\u00ed homogenn\u00ed zvukov\u00e9 pole mezi reproduktory a \u00fa\u010dinn\u011b minimalizuje ru\u0161iv\u00e9 vlivy poslechov\u00e9 m\u00edstnosti.<br \/>\nZ konstruk\u010dn\u00edho hlediska se oba reproduktory li\u0161\u00ed pouze fyzickou velikost\u00ed a pou\u017eit\u00fdm basov\u00fdm syst\u00e9mem: S 530 m\u011b\u0159\u00ed 128 cm a m\u00e1 dva vysoce v\u00fdkonn\u00e9 basov\u00e9 m\u011bni\u010de v bassreflexov\u00e9m syst\u00e9mu, zat\u00edmco T+A S540 je vysok\u00fd 148 cm a m\u00e1 celkem \u010dty\u0159i vysoce v\u00fdkonn\u00e9 basov\u00e9 m\u011bni\u010de v uzav\u0159en\u00e9m syst\u00e9mu.<\/div>\n<\/div>\n<div><\/div>\n<div>V\u00fdvoj\u00e1\u0159i <a href=\"https:\/\/www.ta-hifi.de\" target=\"_blank\" rel=\"noopener\">T+A<\/a> v\u011b\u0159\u00ed osv\u011bd\u010den\u00fdm technologi\u00edm, ale z\u00e1rove\u0148 vyu\u017e\u00edvaj\u00ed v\u00fdsledk\u016f pe\u010dliv\u011b promy\u0161len\u00e9ho v\u00fdvoje. Technologie Cylinder Wave byla p\u016fvodn\u011b vyvinuta p\u0159ed v\u00edce ne\u017e deseti lety pro tehdy pr\u016fkopnick\u00e9 modely Solitaire CWT. Tehdy i nyn\u00ed se technologie Cylinder Wave pou\u017e\u00edv\u00e1 k zamezen\u00ed \u0161kodliv\u00fdch odraz\u016f v m\u00edstnosti a umo\u017e\u0148uje neru\u0161en\u00fd poslech. Mag850 a sedm st\u0159edot\u00f3nov\u00fdch m\u011bni\u010d\u016f spojuj\u00ed sv\u00e9 s\u00edly jako Line Source, respektive Line Array. Proto\u017ee se ka\u017ed\u00fd bod na membr\u00e1n\u011b Mag850 pohybuje sou\u010dasn\u011b, nep\u0159edstavuje nic jin\u00e9ho ne\u017e dokonal\u00fd Line Source, kter\u00fd vytv\u00e1\u0159\u00ed rovinnou rozptylovou charakteristiku. Ov\u00e1ln\u00fd tvar sedmi jednotek st\u0159edn\u00edho rozsahu umo\u017e\u0148uje um\u00edstit jednotliv\u00e9 jednotky mnohem bl\u00ed\u017ee k sob\u011b. Toto uspo\u0159\u00e1d\u00e1n\u00ed vytv\u00e1\u0159\u00ed rovinnou zvukovou vlnu, jej\u00ed\u017e nejv\u011bt\u0161\u00ed v\u00fdkon sm\u011b\u0159uje dop\u0159edu do poslechov\u00e9ho prostoru, p\u0159ed reproduktor. Vyza\u0159ov\u00e1n\u00ed sm\u011brem ke stropu a podlaze &#8211; kter\u00e9 vytv\u00e1\u0159ej\u00ed p\u0159ev\u00e1\u017enou \u010d\u00e1st \u0161kodliv\u00fdch odraz\u016f &#8211; je zabr\u00e1n\u011bno d\u0159\u00edve, ne\u017e se m\u016f\u017ee rozvinout, a hudebn\u00ed reprodukce se tak st\u00e1v\u00e1 v\u00fdrazn\u011b autenti\u010dt\u011bj\u0161\u00ed a \u010dist\u0161\u00ed.<\/div>\n<div class=\"text-wrap tlid-copy-target\">\n<div class=\"result-shield-container tlid-copy-target\">T+A S540 lze objednat ve t\u0159ech barevn\u00fdch variant\u00e1ch: \u010cern\u00e1 s vysok\u00fdm leskem, Macassar s vysok\u00fdm leskem a Arctic Silver s vysok\u00fdm leskem.<\/div>\n<div><\/div>\n<div class=\"result-shield-container tlid-copy-target\"><strong><span class=\"tlid-translation translation\">Cena za p\u00e1r<\/span><\/strong><\/div>\n<\/div>\n<div><\/div>\n<div><a href=\"https:\/\/www.hifi-voice.com\/testy-a-recenze\/reprosoustavy-podlahove\/6686-t-a-solitaire-s-540\"><b>Hi-Fi Voice recenze T+A Solitaire S 540<\/b><\/a><\/div>\n<div><a href=\"https:\/\/hifimanie.cz\/2025\/07\/ta-solitaire-s-540-poslechli-jsme-si-to-nejlepsi-od-ta\/\"><strong>Hifim\u00e1nie test T+A Solitaire S 540 &amp; S 530<\/strong><\/a><\/div>\n","protected":false},"excerpt":{"rendered":"<h4 class=\"ls-l-1\">\u0160pi\u010dkov\u00e1 referen\u010dn\u00ed reprosoustava sloupov\u00e1<\/h4>\n","protected":false},"featured_media":40886,"comment_status":"closed","ping_status":"closed","template":"","meta":[],"pwb-brand":[152],"product_brand":[],"product_cat":[82,503,31],"product_tag":[66,84,85,109,38],"class_list":{"0":"post-40885","1":"product","2":"type-product","3":"status-publish","4":"has-post-thumbnail","6":"pwb-brand-ta","7":"product_cat-reprosoustavy","8":"product_cat-solitaire-s","9":"product_cat-ta","10":"product_tag-hi-fi","11":"product_tag-reprosoustavy","12":"product_tag-sloupova","13":"product_tag-solitaire","14":"product_tag-ta-hifi","16":"first","17":"onbackorder","18":"taxable","19":"shipping-taxable","20":"purchasable","21":"product-type-simple"},"aioseo_notices":[],"jetpack_sharing_enabled":true,"brands":[{"id":152,"name":"T+A","slug":"ta"}],"_links":{"self":[{"href":"https:\/\/www.altei.cz\/hifi\/wp-json\/wp\/v2\/product\/40885","targetHints":{"allow":["GET"]}}],"collection":[{"href":"https:\/\/www.altei.cz\/hifi\/wp-json\/wp\/v2\/product"}],"about":[{"href":"https:\/\/www.altei.cz\/hifi\/wp-json\/wp\/v2\/types\/product"}],"replies":[{"embeddable":true,"href":"https:\/\/www.altei.cz\/hifi\/wp-json\/wp\/v2\/comments?post=40885"}],"wp:featuredmedia":[{"embeddable":true,"href":"https:\/\/www.altei.cz\/hifi\/wp-json\/wp\/v2\/media\/40886"}],"wp:attachment":[{"href":"https:\/\/www.altei.cz\/hifi\/wp-json\/wp\/v2\/media?parent=40885"}],"wp:term":[{"taxonomy":"pwb-brand","embeddable":true,"href":"https:\/\/www.altei.cz\/hifi\/wp-json\/wp\/v2\/pwb-brand?post=40885"},{"taxonomy":"product_brand","embeddable":true,"href":"https:\/\/www.altei.cz\/hifi\/wp-json\/wp\/v2\/product_brand?post=40885"},{"taxonomy":"product_cat","embeddable":true,"href":"https:\/\/www.altei.cz\/hifi\/wp-json\/wp\/v2\/product_cat?post=40885"},{"taxonomy":"product_tag","embeddable":true,"href":"https:\/\/www.altei.cz\/hifi\/wp-json\/wp\/v2\/product_tag?post=40885"}],"curies":[{"name":"wp","href":"https:\/\/api.w.org\/{rel}","templated":true}]}}