{"id":40899,"date":"2023-03-31T18:32:53","date_gmt":"2023-03-31T16:32:53","guid":{"rendered":"https:\/\/www.altei.cz\/hifi\/?post_type=product&#038;p=40899"},"modified":"2026-04-01T11:14:32","modified_gmt":"2026-04-01T09:14:32","slug":"rtm-lpr35-mgf-tape-r34510","status":"publish","type":"product","link":"https:\/\/www.altei.cz\/hifi\/produkt\/rtm-lpr35-mgf-tape-r34510\/","title":{"rendered":"RTM LPR35 mgf tape R34510"},"content":{"rendered":"<p>RTM LPR35 magnetofonov\u00fd p\u00e1s 1\/4&#8243; (6,3mm) na plastov\u00e9 5&#8243; (18 cm) c\u00edvce Trident s n\u00e1vinem 885 ft (270 m)<\/p>\n<p>Cena za 1 kus.<\/p>\n","protected":false},"excerpt":{"rendered":"<p>LPR35 magnetofonov\u00fd p\u00e1s tl. 35 \u00b5m, 1\/4&#8243; (6,3mm)<\/p>\n","protected":false},"featured_media":38335,"comment_status":"open","ping_status":"closed","template":"","meta":[],"pwb-brand":[349],"product_brand":[],"product_cat":[352,350,366],"product_tag":[355],"class_list":{"0":"post-40899","1":"product","2":"type-product","3":"status-publish","4":"has-post-thumbnail","6":"pwb-brand-rtm","7":"product_cat-mgf-pas","8":"product_cat-mgf-pasy","9":"product_cat-rtm","10":"product_tag-mgf-pas-1-4","11":"product_shipping_class-z-1-kg","13":"first","14":"instock","15":"taxable","16":"shipping-taxable","17":"purchasable","18":"product-type-simple"},"aioseo_notices":[],"jetpack_sharing_enabled":true,"brands":[{"id":349,"name":"RTM","slug":"rtm"}],"_links":{"self":[{"href":"https:\/\/www.altei.cz\/hifi\/wp-json\/wp\/v2\/product\/40899","targetHints":{"allow":["GET"]}}],"collection":[{"href":"https:\/\/www.altei.cz\/hifi\/wp-json\/wp\/v2\/product"}],"about":[{"href":"https:\/\/www.altei.cz\/hifi\/wp-json\/wp\/v2\/types\/product"}],"replies":[{"embeddable":true,"href":"https:\/\/www.altei.cz\/hifi\/wp-json\/wp\/v2\/comments?post=40899"}],"wp:featuredmedia":[{"embeddable":true,"href":"https:\/\/www.altei.cz\/hifi\/wp-json\/wp\/v2\/media\/38335"}],"wp:attachment":[{"href":"https:\/\/www.altei.cz\/hifi\/wp-json\/wp\/v2\/media?parent=40899"}],"wp:term":[{"taxonomy":"pwb-brand","embeddable":true,"href":"https:\/\/www.altei.cz\/hifi\/wp-json\/wp\/v2\/pwb-brand?post=40899"},{"taxonomy":"product_brand","embeddable":true,"href":"https:\/\/www.altei.cz\/hifi\/wp-json\/wp\/v2\/product_brand?post=40899"},{"taxonomy":"product_cat","embeddable":true,"href":"https:\/\/www.altei.cz\/hifi\/wp-json\/wp\/v2\/product_cat?post=40899"},{"taxonomy":"product_tag","embeddable":true,"href":"https:\/\/www.altei.cz\/hifi\/wp-json\/wp\/v2\/product_tag?post=40899"}],"curies":[{"name":"wp","href":"https:\/\/api.w.org\/{rel}","templated":true}]}}