{"id":40911,"date":"2023-04-03T19:29:18","date_gmt":"2023-04-03T17:29:18","guid":{"rendered":"https:\/\/www.altei.cz\/hifi\/?post_type=product&#038;p=40911"},"modified":"2025-04-22T10:06:09","modified_gmt":"2025-04-22T08:06:09","slug":"rtm-sm900-mgf-tape-r34620","status":"publish","type":"product","link":"https:\/\/www.altei.cz\/hifi\/produkt\/rtm-sm900-mgf-tape-r34620\/","title":{"rendered":"RTM SM900 mgf tape R34620"},"content":{"rendered":"<p>SM900 magnetofonov\u00fd p\u00e1s tl. 50 \u00b5m, 1\/4&#8243; (6,3mm) na kovov\u00e9 c\u00edvce 10,5&#8243; (26,5 cm) NAB s n\u00e1vinem 2500 ft (762 m). Cena za 1 kus.<\/p>\n","protected":false},"excerpt":{"rendered":"<p>SM900 magnetofonov\u00fd 1\/4&#8243; p\u00e1s<\/p>\n","protected":false},"featured_media":40912,"comment_status":"open","ping_status":"closed","template":"","meta":[],"pwb-brand":[349],"product_brand":[],"product_cat":[352,350,366],"product_tag":[358,355,356],"class_list":{"0":"post-40911","1":"product","2":"type-product","3":"status-publish","4":"has-post-thumbnail","6":"pwb-brand-rtm","7":"product_cat-mgf-pas","8":"product_cat-mgf-pasy","9":"product_cat-rtm","10":"product_tag-lpr90","11":"product_tag-mgf-pas-1-4","12":"product_tag-nab-reel","13":"product_shipping_class-z-2-kg","15":"first","16":"instock","17":"taxable","18":"shipping-taxable","19":"purchasable","20":"product-type-simple"},"aioseo_notices":[],"jetpack_sharing_enabled":true,"brands":[{"id":349,"name":"RTM","slug":"rtm"}],"_links":{"self":[{"href":"https:\/\/www.altei.cz\/hifi\/wp-json\/wp\/v2\/product\/40911","targetHints":{"allow":["GET"]}}],"collection":[{"href":"https:\/\/www.altei.cz\/hifi\/wp-json\/wp\/v2\/product"}],"about":[{"href":"https:\/\/www.altei.cz\/hifi\/wp-json\/wp\/v2\/types\/product"}],"replies":[{"embeddable":true,"href":"https:\/\/www.altei.cz\/hifi\/wp-json\/wp\/v2\/comments?post=40911"}],"wp:featuredmedia":[{"embeddable":true,"href":"https:\/\/www.altei.cz\/hifi\/wp-json\/wp\/v2\/media\/40912"}],"wp:attachment":[{"href":"https:\/\/www.altei.cz\/hifi\/wp-json\/wp\/v2\/media?parent=40911"}],"wp:term":[{"taxonomy":"pwb-brand","embeddable":true,"href":"https:\/\/www.altei.cz\/hifi\/wp-json\/wp\/v2\/pwb-brand?post=40911"},{"taxonomy":"product_brand","embeddable":true,"href":"https:\/\/www.altei.cz\/hifi\/wp-json\/wp\/v2\/product_brand?post=40911"},{"taxonomy":"product_cat","embeddable":true,"href":"https:\/\/www.altei.cz\/hifi\/wp-json\/wp\/v2\/product_cat?post=40911"},{"taxonomy":"product_tag","embeddable":true,"href":"https:\/\/www.altei.cz\/hifi\/wp-json\/wp\/v2\/product_tag?post=40911"}],"curies":[{"name":"wp","href":"https:\/\/api.w.org\/{rel}","templated":true}]}}