{"id":40917,"date":"2023-04-03T19:57:44","date_gmt":"2023-04-03T17:57:44","guid":{"rendered":"https:\/\/www.altei.cz\/hifi\/?post_type=product&#038;p=40917"},"modified":"2024-10-30T10:29:50","modified_gmt":"2024-10-30T09:29:50","slug":"rtm-r39500-plastova-civka","status":"publish","type":"product","link":"https:\/\/www.altei.cz\/hifi\/produkt\/rtm-r39500-plastova-civka\/","title":{"rendered":"RTM R39500 Plastov\u00e1 c\u00edvka"},"content":{"rendered":"<p>RTM R39500 Plastov\u00e1 c\u00edvka pro magnetofonov\u00fd p\u00e1s 1\/4&#8243; (6,3mm) s upevn\u011bn\u00edm Trident 5&#8243; (13 cm) pro n\u00e1vin 1800 ft (549 m). Cena za 1 kus.<\/p>\n","protected":false},"excerpt":{"rendered":"<p>Plastov\u00e1 c\u00edvka<\/p>\n","protected":false},"featured_media":40918,"comment_status":"closed","ping_status":"closed","template":"","meta":[],"pwb-brand":[349],"product_brand":[],"product_cat":[352,350,366],"product_tag":[355,501],"class_list":{"0":"post-40917","1":"product","2":"type-product","3":"status-publish","4":"has-post-thumbnail","6":"pwb-brand-rtm","7":"product_cat-mgf-pas","8":"product_cat-mgf-pasy","9":"product_cat-rtm","10":"product_tag-mgf-pas-1-4","11":"product_tag-plastova-civka","12":"product_shipping_class-z-1-kg","14":"first","15":"instock","16":"taxable","17":"shipping-taxable","18":"purchasable","19":"product-type-simple"},"aioseo_notices":[],"jetpack_sharing_enabled":true,"brands":[{"id":349,"name":"RTM","slug":"rtm"}],"_links":{"self":[{"href":"https:\/\/www.altei.cz\/hifi\/wp-json\/wp\/v2\/product\/40917","targetHints":{"allow":["GET"]}}],"collection":[{"href":"https:\/\/www.altei.cz\/hifi\/wp-json\/wp\/v2\/product"}],"about":[{"href":"https:\/\/www.altei.cz\/hifi\/wp-json\/wp\/v2\/types\/product"}],"replies":[{"embeddable":true,"href":"https:\/\/www.altei.cz\/hifi\/wp-json\/wp\/v2\/comments?post=40917"}],"wp:featuredmedia":[{"embeddable":true,"href":"https:\/\/www.altei.cz\/hifi\/wp-json\/wp\/v2\/media\/40918"}],"wp:attachment":[{"href":"https:\/\/www.altei.cz\/hifi\/wp-json\/wp\/v2\/media?parent=40917"}],"wp:term":[{"taxonomy":"pwb-brand","embeddable":true,"href":"https:\/\/www.altei.cz\/hifi\/wp-json\/wp\/v2\/pwb-brand?post=40917"},{"taxonomy":"product_brand","embeddable":true,"href":"https:\/\/www.altei.cz\/hifi\/wp-json\/wp\/v2\/product_brand?post=40917"},{"taxonomy":"product_cat","embeddable":true,"href":"https:\/\/www.altei.cz\/hifi\/wp-json\/wp\/v2\/product_cat?post=40917"},{"taxonomy":"product_tag","embeddable":true,"href":"https:\/\/www.altei.cz\/hifi\/wp-json\/wp\/v2\/product_tag?post=40917"}],"curies":[{"name":"wp","href":"https:\/\/api.w.org\/{rel}","templated":true}]}}