{"id":40932,"date":"2023-04-04T16:02:22","date_gmt":"2023-04-04T14:02:22","guid":{"rendered":"https:\/\/www.altei.cz\/hifi\/?post_type=product&#038;p=40932"},"modified":"2025-11-21T11:49:15","modified_gmt":"2025-11-21T10:49:15","slug":"rtm-r39663-nab-adapter","status":"publish","type":"product","link":"https:\/\/www.altei.cz\/hifi\/produkt\/rtm-r39663-nab-adapter\/","title":{"rendered":"RTM R39663 NAB adapter"},"content":{"rendered":"<p>RTM R39663 NAB adapter 1\/4&#8243; aluminium barva \u010dern\u00e1. Kompatibilita: Teac, Revox, Studer, Sony, Philips, Grundig, Akai, Uher (NE TASCAM magnetofony) Cena za p\u00e1r.<\/p>\n","protected":false},"excerpt":{"rendered":"<p>RTM NAB adapt\u00e9r<\/p>\n","protected":false},"featured_media":40935,"comment_status":"closed","ping_status":"closed","template":"","meta":[],"pwb-brand":[349],"product_brand":[],"product_cat":[352,350,366],"product_tag":[355,502,356],"class_list":{"0":"post-40932","1":"product","2":"type-product","3":"status-publish","4":"has-post-thumbnail","6":"pwb-brand-rtm","7":"product_cat-mgf-pas","8":"product_cat-mgf-pasy","9":"product_cat-rtm","10":"product_tag-mgf-pas-1-4","11":"product_tag-nab-adapter","12":"product_tag-nab-reel","13":"product_shipping_class-z-2-kg","15":"first","16":"outofstock","17":"taxable","18":"shipping-taxable","19":"purchasable","20":"product-type-simple"},"aioseo_notices":[],"jetpack_sharing_enabled":true,"brands":[{"id":349,"name":"RTM","slug":"rtm"}],"_links":{"self":[{"href":"https:\/\/www.altei.cz\/hifi\/wp-json\/wp\/v2\/product\/40932","targetHints":{"allow":["GET"]}}],"collection":[{"href":"https:\/\/www.altei.cz\/hifi\/wp-json\/wp\/v2\/product"}],"about":[{"href":"https:\/\/www.altei.cz\/hifi\/wp-json\/wp\/v2\/types\/product"}],"replies":[{"embeddable":true,"href":"https:\/\/www.altei.cz\/hifi\/wp-json\/wp\/v2\/comments?post=40932"}],"wp:featuredmedia":[{"embeddable":true,"href":"https:\/\/www.altei.cz\/hifi\/wp-json\/wp\/v2\/media\/40935"}],"wp:attachment":[{"href":"https:\/\/www.altei.cz\/hifi\/wp-json\/wp\/v2\/media?parent=40932"}],"wp:term":[{"taxonomy":"pwb-brand","embeddable":true,"href":"https:\/\/www.altei.cz\/hifi\/wp-json\/wp\/v2\/pwb-brand?post=40932"},{"taxonomy":"product_brand","embeddable":true,"href":"https:\/\/www.altei.cz\/hifi\/wp-json\/wp\/v2\/product_brand?post=40932"},{"taxonomy":"product_cat","embeddable":true,"href":"https:\/\/www.altei.cz\/hifi\/wp-json\/wp\/v2\/product_cat?post=40932"},{"taxonomy":"product_tag","embeddable":true,"href":"https:\/\/www.altei.cz\/hifi\/wp-json\/wp\/v2\/product_tag?post=40932"}],"curies":[{"name":"wp","href":"https:\/\/api.w.org\/{rel}","templated":true}]}}