{"id":40952,"date":"2023-04-04T22:13:35","date_gmt":"2023-04-04T20:13:35","guid":{"rendered":"https:\/\/www.altei.cz\/hifi\/?post_type=product&#038;p=40952"},"modified":"2026-04-17T16:03:40","modified_gmt":"2026-04-17T14:03:40","slug":"zyx-ultimate-ex-airy-gs","status":"publish","type":"product","link":"https:\/\/www.altei.cz\/hifi\/produkt\/zyx-ultimate-ex-airy-gs\/","title":{"rendered":"ZYX ULTIMATE EX AIRY GS TB"},"content":{"rendered":"<p>ZYX ULTIMATE EX AIRY GS je MC p\u0159enoska neboli\u00a0 &#8222;Real Stereo&#8220; syst\u00e9m, chv\u011bjka z uhl\u00edkov\u00fdch vl\u00e1ken, magnetick\u00fd obvod s nulovou rezistenc\u00ed, dvojit\u00e9 pouzdro pro potla\u010den\u00ed rezonanc\u00ed, diamantov\u00fd line\u00e1rn\u00ed hrot &#8222;Micro Ridge&#8220; 3 x 60 \u00b5m s dlouhou \u017eivotnost\u00ed, vinut\u00ed ze slitiny st\u0159\u00edbra a zlata, v\u00fdstupn\u00ed \u00farove\u0148 0,24mV (L)<\/p>\n<p><strong>Ultimate Exceed<\/strong> &#8211; jednobodov\u00e9 zemnic\u00ed svorky, du\u00e1ln\u00ed v\u00fdstup<\/p>\n<p><strong>MC p\u0159enoska s C-1000 karbonovou chv\u011bjkou<\/strong><br \/>\nV \u0159ad\u011b ZYX Ultimate (100, Airy, 4D, OMEGA a DYNAMIC) je v\u016fbec poprv\u00e9 v MC p\u0159enosce s pohyblivou c\u00edvkou pou\u017eita karbonov\u00e1 chv\u011bjka. Uhl\u00edkov\u00e1 ty\u010dka chv\u011bjky je vyrobena z 1000 kus\u016f kompozitn\u00edch uhl\u00edkov\u00fdch vl\u00e1ken, odtud n\u00e1zev C-1000 carbon cantilever.<br \/>\nTato kompozitn\u00ed uhl\u00edkov\u00e1 vl\u00e1kna jsou pevn\u011bj\u0161\u00ed ne\u017e hlin\u00edk, \u017eelezo i titan. Nav\u00edc je jeho m\u011brn\u00e1 hmotnost je jen polovi\u010dn\u00ed ve srovn\u00e1n\u00ed s b\u00f3rem. Proto si m\u016f\u017eeme b\u00fdt jisti, \u017ee karbonov\u00e1 chv\u011bjka z C-1000 vyu\u017e\u00edv\u00e1 dokonal\u00fd a ide\u00e1ln\u00ed materi\u00e1l pro p\u0159ehr\u00e1v\u00e1n\u00ed analogov\u00fdch z\u00e1znam\u016f.<br \/>\nUhl\u00edkov\u00e1 chv\u011bjka n\u00e1m poskytuje nej\u0161ir\u0161\u00ed frekven\u010dn\u00ed rozsah a vynikaj\u00edc\u00ed tracking. Dal\u0161\u00ed v\u00fdznamnou v\u00fdhodou je, \u017ee mechanick\u00fd zvukov\u00fd sign\u00e1l zachycen\u00fd na hrotu p\u0159enosky se m\u016f\u017ee \u0161\u00ed\u0159it sm\u011brem k c\u00edvce p\u0159\u00edm\u00fdm a bezprost\u0159edn\u00edm zp\u016fsobem prost\u0159ednictv\u00edm t\u011bchto 1000 kus\u016f mechanick\u00fdch uhl\u00edkov\u00fdch vl\u00e1ken. T\u00edm je zaji\u0161t\u011bno, \u017ee odra\u017een\u00e9, opakovan\u00e9 nebo modulovan\u00e9 zvukov\u00e9 sign\u00e1ly jsou zcela vylou\u010deny. Celkov\u00fdm v\u00fdsledkem je, \u017ee si vychutn\u00e1te ten nejjemn\u011bj\u0161\u00ed, nejp\u0159irozen\u011bj\u0161\u00ed, nejdynami\u010dt\u011bj\u0161\u00ed a nejv\u011brn\u011bj\u0161\u00ed zvuk, jak\u00fd jste kdy za\u017eili.<\/p>\n<p><strong>T\u011blo s dvojitou strukturou<\/strong><br \/>\nD\u00edky kombinaci nekovov\u00fdch materi\u00e1l\u016f vyu\u017eit\u00fdch p\u0159i konstrukci t\u011bla p\u0159enosky je vylou\u010deno, aby rezonance vznikaj\u00edc\u00ed na povrchu ovliv\u0148ovaly vnit\u0159n\u00ed syst\u00e9m gener\u00e1toru. Dal\u0161\u00ed v\u00fdhodou je, \u017ee tato konstrukce je lehk\u00e1 a z\u00e1rove\u0148 tuh\u00e1.<\/p>\n<p><strong>High Speed magnetick\u00fd obvod<\/strong><br \/>\nTento obvod je speci\u00e1ln\u011b navr\u017een tak, aby nuloval magnetick\u00fd odpor v magnetick\u00e9 meze\u0159e, a umo\u017e\u0148uje vysokorychlostn\u00ed generov\u00e1n\u00ed v\u00fdkonu proti sign\u00e1l\u016fm v cel\u00e9 \u0161\u00ed\u0159ce p\u00e1sma rovnou bez \u010dasov\u00e9ho zpo\u017ed\u011bn\u00ed.<\/p>\n<p><strong>Micro Ridge hrot<\/strong><br \/>\nPou\u017eit\u00fd hrot \u0159ady Ultimate m\u00e1 hrany diamantov\u00e9ho d\u0159\u00edku nastaven\u00e9 rovnob\u011b\u017en\u011b se stranami konzoly. P\u0159i pou\u017eit\u00ed tohoto typu hrotu je nejtvrd\u0161\u00ed osa krystalu zarovn\u00e1na tak, aby fungovala jako kontaktn\u00ed bod s dr\u00e1\u017ekou desky. To zaji\u0161\u0165uje stabiln\u00ed a hladk\u00e9 veden\u00ed v dr\u00e1\u017ece a velmi jemn\u00fd zvuk, p\u0159i\u010dem\u017e dal\u0161\u00ed v\u00fdhodou je prodlou\u017een\u00e1 \u017eivotnost hrotu na a\u017e 2000 hodin. Hrot je typu Micro-ridge, kter\u00fd je p\u016fvodn\u00edm japonsk\u00fdm v\u00fdvojem nab\u00edzej\u00edc\u00ed nejvy\u0161\u0161\u00ed kvalitu p\u0159enosu. Polom\u011br kontaktu je v\u017edy 3 \u03bcm u h\u0159ebenu o tlou\u0161\u0165ce 6 \u03bcm.<\/p>\n<p><strong>C\u00edvky gener\u00e1toru z dr\u00e1t\u016f ze slitiny zlata a st\u0159\u00edbra<\/strong><br \/>\nP\u0159esto\u017ee se hodnota odporu dr\u00e1tu typu G-S slitiny vlivem zpracov\u00e1n\u00ed dvou vz\u00e1cn\u00fdch kov\u016f zvy\u0161uje, m\u016f\u017eete si vychutnat jedine\u010dn\u00fd, jemn\u00fd, m\u011bkk\u00fd a \u0161irokop\u00e1smov\u00fd zvuk, kter\u00fd kombinuje p\u0159ednosti zlata a st\u0159\u00edbra. Dr\u00e1t dok\u00e1\u017ee ve vinut\u00ed p\u0159enosky snadno plynule na\u010d\u00edst roz\u0161\u00ed\u0159en\u00fd rozsah v\u00fd\u0161ek a transparentn\u00ed st\u0159edy i n\u00edzk\u00e9 basy s vynikaj\u00edc\u00ed kvalitou zvuku. Proto jsou zvuky tak re\u00e1ln\u00e9, p\u0159irozen\u00e9 a hladk\u00e9 v cel\u00e9m rozsahu. \u017d\u00e1dn\u00e9 zabarven\u00ed. Tak\u017ee budete c\u00edtit skute\u010dn\u00e9 zvuky klav\u00edru, smy\u010dc\u016f a vok\u00e1l\u016f p\u0159\u00edmo p\u0159ed sebou.<\/p>\n<p>&nbsp;<\/p>\n<p>&nbsp;<\/p>\n<p>&nbsp;<\/p>\n","protected":false},"excerpt":{"rendered":"<h4>&#8222;Real Stereo&#8220; syst\u00e9m, chv\u011bjka z uhl\u00edkov\u00fdch vl\u00e1ken, magnetick\u00fd obvod s nulovou rezistenc\u00ed, diamantov\u00fd line\u00e1rn\u00ed hrot &#8222;Micro Ridge&#8220;, v\u00fdstupn\u00ed \u00farove\u0148 0,24mV<\/h4>\n","protected":false},"featured_media":40951,"comment_status":"closed","ping_status":"closed","template":"","meta":[],"pwb-brand":[156],"product_brand":[],"product_cat":[157,158],"product_tag":[103,160,161,159],"class_list":{"0":"post-40952","1":"product","2":"type-product","3":"status-publish","4":"has-post-thumbnail","6":"pwb-brand-zyx","7":"product_cat-gramofonove-prenosky","8":"product_cat-zyx","9":"product_tag-gramofon","10":"product_tag-mc-prenoska","11":"product_tag-micro-ridge","12":"product_tag-prenoska","13":"product_shipping_class-z-1-kg","15":"first","16":"outofstock","17":"sale","18":"taxable","19":"shipping-taxable","20":"purchasable","21":"product-type-simple"},"aioseo_notices":[],"jetpack_sharing_enabled":true,"brands":[{"id":156,"name":"ZYX","slug":"zyx"}],"_links":{"self":[{"href":"https:\/\/www.altei.cz\/hifi\/wp-json\/wp\/v2\/product\/40952","targetHints":{"allow":["GET"]}}],"collection":[{"href":"https:\/\/www.altei.cz\/hifi\/wp-json\/wp\/v2\/product"}],"about":[{"href":"https:\/\/www.altei.cz\/hifi\/wp-json\/wp\/v2\/types\/product"}],"replies":[{"embeddable":true,"href":"https:\/\/www.altei.cz\/hifi\/wp-json\/wp\/v2\/comments?post=40952"}],"wp:featuredmedia":[{"embeddable":true,"href":"https:\/\/www.altei.cz\/hifi\/wp-json\/wp\/v2\/media\/40951"}],"wp:attachment":[{"href":"https:\/\/www.altei.cz\/hifi\/wp-json\/wp\/v2\/media?parent=40952"}],"wp:term":[{"taxonomy":"pwb-brand","embeddable":true,"href":"https:\/\/www.altei.cz\/hifi\/wp-json\/wp\/v2\/pwb-brand?post=40952"},{"taxonomy":"product_brand","embeddable":true,"href":"https:\/\/www.altei.cz\/hifi\/wp-json\/wp\/v2\/product_brand?post=40952"},{"taxonomy":"product_cat","embeddable":true,"href":"https:\/\/www.altei.cz\/hifi\/wp-json\/wp\/v2\/product_cat?post=40952"},{"taxonomy":"product_tag","embeddable":true,"href":"https:\/\/www.altei.cz\/hifi\/wp-json\/wp\/v2\/product_tag?post=40952"}],"curies":[{"name":"wp","href":"https:\/\/api.w.org\/{rel}","templated":true}]}}