{"id":41001,"date":"2023-05-23T16:45:54","date_gmt":"2023-05-23T14:45:54","guid":{"rendered":"https:\/\/www.altei.cz\/hifi\/?post_type=product&#038;p=41001"},"modified":"2026-03-18T22:18:19","modified_gmt":"2026-03-18T21:18:19","slug":"ta-r-2500-r","status":"publish","type":"product","link":"https:\/\/www.altei.cz\/hifi\/produkt\/ta-r-2500-r\/","title":{"rendered":"T+A R 2500 R G3"},"content":{"rendered":"<p><span class=\"x193iq5w xeuugli x13faqbe x1vvkbs xlh3980 xvmahel x1n0sxbx x1lliihq x1s928wv xhkezso x1gmr53x x1cpjm7i x1fgarty x1943h6x xudqn12 x3x7a5m x6prxxf xvq8zen xo1l8bm xzsf02u x1yc453h\" dir=\"auto\">T+A R 2500 R , kter\u00fd kombinuje prakti\u010dnost streamovac\u00edho p\u0159ij\u00edma\u010de s v\u00fdkonem audiofilsk\u00fdch komponent \u0159ady R. To druh\u00e9 R v n\u00e1zvu znamen\u00e1 receiver. Vedle nejnov\u011bj\u0161\u00edho streamovac\u00edho klienta <a href=\"https:\/\/www.altei.cz\/hifi\/ta-hifi\/\">T+A<\/a> (Audiophile Streaming Architecture G3) m\u00e1 T+A R 2500 R krom\u011b analogov\u00fdch, digit\u00e1ln\u00edch a HDMI vstup\u016f tak\u00e9 CD mechaniku, DAB+, FM a internetov\u00e9 r\u00e1dio. T+A R 2500 R se tak st\u00e1v\u00e1 vysoce integrovan\u00fdm ozvu\u010dovac\u00edm \u0159\u00eddic\u00edm centrem, kter\u00e9 maximalizuje potenci\u00e1l \u0161irok\u00e9 \u0161k\u00e1ly zdroj\u016f. D\u00edky rozs\u00e1hl\u00fdm mo\u017enostem p\u0159ipojen\u00ed, v\u010detn\u011b vstup\u016f HDMI (i ARC), p\u0159evodn\u00edku USB DAC, v\u00fdstupu pro sluch\u00e1tka a streamov\u00e1n\u00ed p\u0159es Bluetooth, je p\u0159ipraven na jak\u00fdkoli u\u017eivatelsk\u00fd sc\u00e9n\u00e1\u0159. Aby mohl model T+A R 2500 R i p\u0159es svou kompaktn\u00ed elegantn\u00ed sk\u0159\u00ed\u0148 \u017eivit v\u00fdkonov\u011b n\u00e1ro\u010dn\u00e9 reprosoustavy, pou\u017eili in\u017een\u00fd\u0159i T+A referen\u010dn\u00ed technologii v\u00fdkonov\u00e9ho zesilova\u010de dual mono t\u0159\u00eddy AB.<\/span> Mo\u017enosti roz\u0161\u00ed\u0159en\u00ed: PHE MM nebo PHE MC phono modul (p\u0159edzesilova\u010d pro gramofon). Standardn\u011b se dod\u00e1v\u00e1 v barv\u00e1ch st\u0159\u00edbrn\u00e9 a \u010dern\u00e9.<\/p>\n<p><span class=\"x193iq5w xeuugli x13faqbe x1vvkbs xlh3980 xvmahel x1n0sxbx x1lliihq x1s928wv xhkezso x1gmr53x x1cpjm7i x1fgarty x1943h6x xudqn12 x3x7a5m x6prxxf xvq8zen xo1l8bm xzsf02u x1yc453h\" dir=\"auto\">T+A R 2500 R je tak\u00e9 leto\u0161n\u00edm dr\u017eitelem ocen\u011bn\u00ed EISA jako nejlep\u0161\u00ed produkt v kategorii Pr\u00e9miov\u00e9 ALL-IN-ONE \u0159e\u0161en\u00ed 2024-2025<\/span><\/p>\n<p>&nbsp;<\/p>\n<p><a href=\"https:\/\/www.hifi-voice.com\/testy-a-recenze\/all-in-one-systemy\/5475-t-a-r-2500-r?fbclid=IwZXh0bgNhZW0CMTEAAR3lM7K1ThpN_PIMBBrRZcUlrtyfhXIZvhq1oF0JAiXR_0Ypwr9pm9gTtf0_aem__J7E4NN_0BpoSiuI5qC22A\" target=\"_blank\" rel=\"noopener\">Recenze hifi-voice<\/a><\/p>\n<p>&nbsp;<\/p>\n<p>&nbsp;<\/p>\n","protected":false},"excerpt":{"rendered":"<h4 class=\"ls-l-1\">Multizdrojov\u00fd receiver<\/h4>\n","protected":false},"featured_media":41002,"comment_status":"closed","ping_status":"closed","template":"","meta":[],"pwb-brand":[152],"product_brand":[],"product_cat":[40,39,63,30,25,31,32,133],"product_tag":[143,46,47,48,64,150,57,38,69],"class_list":{"0":"post-41001","1":"product","2":"type-product","3":"status-publish","4":"has-post-thumbnail","6":"pwb-brand-ta","7":"product_cat-audio-prevodniky","8":"product_cat-cd-prehravace","9":"product_cat-integrovane-zesilovace","10":"product_cat-predzesilovace","11":"product_cat-streamovaci-prehravace","12":"product_cat-ta","13":"product_cat-ta-roon","14":"product_cat-zesilovace-high-end-audio","15":"product_tag-all-in-one","16":"product_tag-bluetooth","17":"product_tag-cd-prehravac","18":"product_tag-dab","19":"product_tag-integrovany-zesilovac","20":"product_tag-receiver","21":"product_tag-streaming","22":"product_tag-ta-hifi","23":"product_tag-zesilovac","25":"first","26":"instock","27":"taxable","28":"shipping-taxable","29":"purchasable","30":"product-type-simple"},"aioseo_notices":[],"jetpack_sharing_enabled":true,"brands":[{"id":152,"name":"T+A","slug":"ta"}],"_links":{"self":[{"href":"https:\/\/www.altei.cz\/hifi\/wp-json\/wp\/v2\/product\/41001","targetHints":{"allow":["GET"]}}],"collection":[{"href":"https:\/\/www.altei.cz\/hifi\/wp-json\/wp\/v2\/product"}],"about":[{"href":"https:\/\/www.altei.cz\/hifi\/wp-json\/wp\/v2\/types\/product"}],"replies":[{"embeddable":true,"href":"https:\/\/www.altei.cz\/hifi\/wp-json\/wp\/v2\/comments?post=41001"}],"wp:featuredmedia":[{"embeddable":true,"href":"https:\/\/www.altei.cz\/hifi\/wp-json\/wp\/v2\/media\/41002"}],"wp:attachment":[{"href":"https:\/\/www.altei.cz\/hifi\/wp-json\/wp\/v2\/media?parent=41001"}],"wp:term":[{"taxonomy":"pwb-brand","embeddable":true,"href":"https:\/\/www.altei.cz\/hifi\/wp-json\/wp\/v2\/pwb-brand?post=41001"},{"taxonomy":"product_brand","embeddable":true,"href":"https:\/\/www.altei.cz\/hifi\/wp-json\/wp\/v2\/product_brand?post=41001"},{"taxonomy":"product_cat","embeddable":true,"href":"https:\/\/www.altei.cz\/hifi\/wp-json\/wp\/v2\/product_cat?post=41001"},{"taxonomy":"product_tag","embeddable":true,"href":"https:\/\/www.altei.cz\/hifi\/wp-json\/wp\/v2\/product_tag?post=41001"}],"curies":[{"name":"wp","href":"https:\/\/api.w.org\/{rel}","templated":true}]}}