{"id":41014,"date":"2023-06-07T15:01:29","date_gmt":"2023-06-07T13:01:29","guid":{"rendered":"https:\/\/www.altei.cz\/hifi\/?post_type=product&#038;p=41014"},"modified":"2025-03-10T12:18:20","modified_gmt":"2025-03-10T11:18:20","slug":"leica-cine-1-100","status":"publish","type":"product","link":"https:\/\/www.altei.cz\/hifi\/produkt\/leica-cine-1-100\/","title":{"rendered":"LEICA CINE 1-100"},"content":{"rendered":"<p><strong>LEICA CINE 1-100<\/strong><\/p>\n<p>Projektor na kr\u00e1tkou vzd\u00e1lenost pro dom\u00e1c\u00ed kino s rozli\u0161en\u00edm 4K a \u00fahlop\u0159\u00ed\u010dkou obrazu 100&#8243; tedy 254 cm.\u00a0 TV Tuner DVB-C, DVB-S, DVB-S2, DVB-T, DVB-T2\u00a0 sEPG, laserov\u00fd sv\u011bteln\u00fd zdroj, \u0161pi\u010dkov\u00fd Leica 4K objektiv, technologie DLP, rozli\u0161en\u00ed\u00a0 3840 x 2.160, sv\u011bteln\u00fd tok 2.500 lm, dynamick\u00fd kontrast\u00a0 2.000.000 : 1, rozhran\u00ed 2x HDMI 2.1, 2x HDMI 2.0, LAN \/ RJ-45, 2xUSB, barva st\u0159\u00edbrn\u00e1.<\/p>\n<p>V televizoru Leica Cine 1 se snoub\u00ed nejmodern\u011bj\u0161\u00ed laserov\u00e1 technologie, vynikaj\u00edc\u00ed technika a dlouholet\u00e9 zku\u0161enosti pr\u00e9miov\u00e9ho v\u00fdrobce v oblasti optiky. Je to poprv\u00e9, kdy si nezam\u011bnitelnou a brilantn\u00ed kvalitu obrazu Leica m\u016f\u017eete vychutnat i v dom\u00e1c\u00edm kin\u011b. V kombinaci s vynikaj\u00edc\u00edm prostorov\u00fdm zvukov\u00fdm syst\u00e9mem Dolby Atmos\u00ae vytv\u00e1\u0159\u00ed autentickou filmovou atmosf\u00e9ru, kter\u00e1 vypln\u00ed celou m\u00edstnost. Leica Cine 1, kter\u00e1 z\u00edskala ocen\u011bn\u00ed <a href=\"https:\/\/ifdesign.com\/en\/winner-ranking\/project\/leica-cine-1-laser-tv\/577579\" target=\"_blank\" rel=\"noopener\">iF Design Award 2023<\/a> za sv\u016fj ikonick\u00fd design, zahrnuje maxim\u00e1ln\u00ed konektivitu, inovativn\u00ed funkce produktu a intuitivn\u00ed ovl\u00e1d\u00e1n\u00ed, kter\u00e9 p\u0159in\u00e1\u0161\u00ed nejvy\u0161\u0161\u00ed \u00farove\u0148 pohodl\u00ed.<\/p>\n<p>&nbsp;<\/p>\n<p>Leica cinema TV p\u0159evy\u0161uje standardy stanoven\u00e9 nejnov\u011bj\u0161\u00ed generac\u00ed kinematografick\u00fdch televizor\u016f. D\u00edky inovativn\u00ed trojit\u00e9 laserov\u00e9 technologii RGB poskytuje Leica Cine 1 mimo\u0159\u00e1dn\u011b jasn\u00fd obraz a \u00fachvatn\u00e9 barevn\u00e9 pod\u00e1n\u00ed s \u017eivotnost\u00ed p\u0159es 25 000 hodin. Jeho sofistikovan\u00fd objektiv Summicron s asf\u00e9rick\u00fdmi prvky je vyroben v souladu se standardy spole\u010dnosti Leica a je p\u0159esn\u011b p\u0159izp\u016fsoben velikosti obrazu, aby byl zaji\u0161t\u011bna trval\u00e1 vysok\u00e1 obrazov\u00e1 kvalita. Cine 1 tak\u00e9 t\u011b\u017e\u00ed z dlouholet\u00fdch zku\u0161enost\u00ed spole\u010dnosti Leica v oblasti optimalizace digit\u00e1ln\u00edho obrazu. Vlastn\u00ed proces zpracov\u00e1n\u00ed obrazu (Leica Image Optimization &#8211; LIO\u2122) optimalizuje obraz pomoc\u00ed speci\u00e1ln\u00edch algoritm\u016f a dosahuje tak mimo\u0159\u00e1dn\u011b p\u0159irozen\u00e9ho pod\u00e1n\u00ed barev, bohat\u00e9 detailn\u00ed barevn\u00e9 gradace a vynikaj\u00edc\u00edho kontrastn\u00edho pom\u011bru.<\/p>\n<p>&nbsp;<\/p>\n<p>Leica Cine 1 obsahuje celou \u0159adu nejmodern\u011bj\u0161\u00edch funkc\u00ed, kter\u00e9 lze nal\u00e9zt u klasick\u00fdch chytr\u00fdch televizor\u016f, jako je intuitivn\u00ed rozhran\u00ed chytr\u00e9ho televizoru s hlasov\u00fdm ovl\u00e1d\u00e1n\u00edm, integrovan\u00fd trojit\u00fd tuner, Apple AirPlay a p\u0159\u00edm\u00fd p\u0159\u00edstup ke streamovac\u00edm platform\u00e1m. A\u0165 u\u017e sledujete filmy nebo televizi, hrajete hry nebo spravujete svou osobn\u00ed sb\u00edrku film\u016f, televizor Leica cinema spojuje maxim\u00e1ln\u00ed konektivitu s dokonalost\u00ed prostorov\u00e9ho zvuku Dolby Atmos\u00ae a Dolby Vision. Re\u017eim Filmmaker Mode<sup>TM<\/sup> zobrazuje filmy v nefiltrovan\u00e9 p\u016fvodn\u00ed verzi.<\/p>\n<p>Televizor Leica Cine 1 se vyzna\u010duje \u010dist\u00fdmi liniemi a sofistikovan\u00fdmi funkcemi a v ka\u017ed\u00e9m detailu se \u0159\u00edd\u00ed puristickou filozofi\u00ed designu Leica, kter\u00e1 kombinuje mistrovsk\u00e9 \u0159emesln\u00e9 zpracov\u00e1n\u00ed s klasick\u00fdmi tvary a vysoce kvalitn\u00edmi materi\u00e1ly a vytv\u00e1\u0159\u00ed tak precizn\u00ed v\u00fdrobek. To je patrn\u00e9 ve v\u0161ech prvc\u00edch, od odoln\u00e9ho hlin\u00edkov\u00e9ho pouzdra a automatick\u00e9ho protiprachov\u00e9ho krytu a\u017e po perforovan\u00fd kryt reproduktoru a integrovan\u00fd ikonick\u00fd \u010derven\u00fd bod. D\u00edky objektivu s velmi kr\u00e1tkou projek\u010dn\u00ed vzd\u00e1lenost\u00ed lze model Cine 1 prostorov\u011b \u00fasporn\u011b integrovat do ob\u00fdvac\u00edho pokoje v bl\u00edzkosti st\u011bny, zat\u00edmco jeho elegantn\u00ed hlin\u00edkov\u00e9 t\u011blo v autentick\u00e9m vzhledu Leica elegantn\u011b zapad\u00e1 do sv\u00e9ho okol\u00ed jako ikona klasick\u00e9ho stylu.<\/p>\n<p>&nbsp;<\/p>\n<p><a href=\"https:\/\/www.altei.cz\/download\/leica-cine-1_Stereo_12-23.pdf\" target=\"_blank\" rel=\"noopener\">Recenze STEREO &amp; VIDEO<\/a><\/p>\n<p>&nbsp;<\/p>\n","protected":false},"excerpt":{"rendered":"<h4>4K laserov\u00e1 TV &#8211; projektor pro dom\u00e1c\u00ed kino 100&#8243;<\/h4>\n","protected":false},"featured_media":41015,"comment_status":"closed","ping_status":"closed","template":"","meta":[],"pwb-brand":[504],"product_brand":[],"product_cat":[423,424,509],"product_tag":[507,440,442,435,505,428,506,437,508],"class_list":{"0":"post-41014","1":"product","2":"type-product","3":"status-publish","4":"has-post-thumbnail","6":"pwb-brand-leica","7":"product_cat-digitalni-projektor","8":"product_cat-high-end-video","9":"product_cat-leica","10":"product_tag-4k","11":"product_tag-dolby-atmos","12":"product_tag-home-cinema","13":"product_tag-laser","14":"product_tag-leica","15":"product_tag-projektor","16":"product_tag-rgb","17":"product_tag-short-throw","18":"product_tag-tv","20":"first","21":"instock","22":"featured","23":"taxable","24":"shipping-taxable","25":"purchasable","26":"product-type-simple"},"aioseo_notices":[],"jetpack_sharing_enabled":true,"brands":[{"id":504,"name":"Leica","slug":"leica"}],"_links":{"self":[{"href":"https:\/\/www.altei.cz\/hifi\/wp-json\/wp\/v2\/product\/41014","targetHints":{"allow":["GET"]}}],"collection":[{"href":"https:\/\/www.altei.cz\/hifi\/wp-json\/wp\/v2\/product"}],"about":[{"href":"https:\/\/www.altei.cz\/hifi\/wp-json\/wp\/v2\/types\/product"}],"replies":[{"embeddable":true,"href":"https:\/\/www.altei.cz\/hifi\/wp-json\/wp\/v2\/comments?post=41014"}],"wp:featuredmedia":[{"embeddable":true,"href":"https:\/\/www.altei.cz\/hifi\/wp-json\/wp\/v2\/media\/41015"}],"wp:attachment":[{"href":"https:\/\/www.altei.cz\/hifi\/wp-json\/wp\/v2\/media?parent=41014"}],"wp:term":[{"taxonomy":"pwb-brand","embeddable":true,"href":"https:\/\/www.altei.cz\/hifi\/wp-json\/wp\/v2\/pwb-brand?post=41014"},{"taxonomy":"product_brand","embeddable":true,"href":"https:\/\/www.altei.cz\/hifi\/wp-json\/wp\/v2\/product_brand?post=41014"},{"taxonomy":"product_cat","embeddable":true,"href":"https:\/\/www.altei.cz\/hifi\/wp-json\/wp\/v2\/product_cat?post=41014"},{"taxonomy":"product_tag","embeddable":true,"href":"https:\/\/www.altei.cz\/hifi\/wp-json\/wp\/v2\/product_tag?post=41014"}],"curies":[{"name":"wp","href":"https:\/\/api.w.org\/{rel}","templated":true}]}}