{"id":41053,"date":"2023-06-05T21:52:36","date_gmt":"2023-06-05T19:52:36","guid":{"rendered":"https:\/\/www.altei.cz\/hifi\/?post_type=product&#038;p=41053"},"modified":"2024-02-06T10:43:32","modified_gmt":"2024-02-06T09:43:32","slug":"reed-muse-3a-2","status":"publish","type":"product","link":"https:\/\/www.altei.cz\/hifi\/produkt\/reed-muse-3a-2\/","title":{"rendered":"REED MUSE 3A-2"},"content":{"rendered":"<p>REED MUSE 3A-2 je gramofonov\u00e9 \u0161asi inovativn\u011b navr\u017een\u00e9 podle z\u00e1sad stylu Bauhaus. Jedn\u00e1 se o designov\u00fd skvost spl\u0148uj\u00edc\u00ed nejvy\u0161\u0161\u00ed po\u017eadavky na kvalitu.<\/p>\n<p>Cel\u00e9 t\u011blo REED MUSE 3A-2 gramofonu (v\u010detn\u011b spodn\u00ed desky) je vyrobeno z b\u0159ezov\u00e9 p\u0159ekli\u017eky, d\u00edky \u010demu\u017e je odoln\u00e9, stabiln\u00ed a nerezonuje. V z\u00e1vislosti na volb\u011b z\u00e1kazn\u00edka jsou k dispozici t\u0159i barevn\u00e9 varianty: Karnelian Red \u010derven\u00e1, b\u00edl\u00e1 a \u010dern\u00e1. Tal\u00ed\u0159, kter\u00fd je m\u00edrn\u011b vyv\u00fd\u0161en\u00fd nad hlavn\u00ed t\u011blo, a skryt\u00e9 podp\u011bry (no\u017ei\u010dky) vytv\u00e1\u0159ej\u00ed iluzi lehk\u00e9ho, t\u00e9m\u011b\u0159 vzn\u00e1\u0161ej\u00edc\u00edho se p\u0159edm\u011btu, a\u010dkoli je gramofon pom\u011brn\u011b t\u011b\u017ek\u00fd.<\/p>\n<p>Hlavn\u00ed nosn\u00fd syst\u00e9m modelu &#8222;Muse 3A-2&#8220; je stejn\u00fd jako u modelu &#8222;Muse 3C&#8220;. Jedn\u00e1 se o reverzn\u011b posuvn\u00e9 axi\u00e1ln\u00ed kuli\u010dkov\u00e9 lo\u017eisko pro hlavn\u00ed osu. Lo\u017eiskov\u00e1 kuli\u010dka je vyrobena z nerezov\u00e9 oceli a p\u0159\u00ed\u010dn\u00e9 stability je dosa\u017eeno pou\u017eit\u00edm velmi odoln\u00e9ho a tich\u00e9ho kluzn\u00e9ho lo\u017eiska.<\/p>\n<p>Tal\u00ed\u0159 gramofonu &#8222;Muse 3A-2&#8220; m\u00e1 u\u017eivatelsky vym\u011bniteln\u00fd trak\u010dn\u00ed syst\u00e9m. Lze jej velmi snadno p\u0159epnout na \u0159emenov\u00fd nebo t\u0159ec\u00ed pohon (stejn\u011b jako u &#8222;Muse 3C&#8220;). Hlavn\u00ed rozd\u00edl mezi modely &#8222;Muse 1C&#8220;, &#8222;Muse 3C&#8220; a &#8222;Muse 3A&#8220; spo\u010d\u00edv\u00e1 v tom, \u017ee &#8222;Muse 3A&#8220; pou\u017e\u00edv\u00e1 jedin\u00fd, v\u00fdkonn\u00fd a p\u0159esn\u00fd stejnosm\u011brn\u00fd motor. Takov\u00fd syst\u00e9m zaji\u0161\u0165uje m\u00e9n\u011b hluku vych\u00e1zej\u00edc\u00edho z pohonn\u00e9ho syst\u00e9mu, kter\u00fd se m\u016f\u017ee p\u0159en\u00e1\u0161et na LP a gramofonovou p\u0159enosku.<\/p>\n<p>Gramofon &#8222;Muse 3A-2&#8243; m\u00e1 digit\u00e1ln\u00ed indik\u00e1tor \u0159\u00eddic\u00edho syst\u00e9mu, kter\u00fd ud\u00e1v\u00e1 rychlost ot\u00e1\u010den\u00ed tal\u00ed\u0159e a dal\u0161\u00ed d\u016fle\u017eit\u00e9 informace. Krom\u011b toho se na displeji zobrazuje inklinometr napojen\u00fd na velmi p\u0159esnou vodov\u00e1hu, kter\u00e1 je d\u016fle\u017eit\u00e1 pro spr\u00e1vn\u00e9 nastaven\u00ed horizontality.<\/p>\n<p>REED MUSE 3A-2 umo\u017e\u0148uje z\u00e1kazn\u00edkovi namontovat jedno nebo dv\u011b ramena (mo\u017en\u00e1 st\u0159edov\u00e1 nebo mimost\u0159edov\u00e1 mont\u00e1\u017e) o efektivn\u00ed d\u00e9lce od 9,5&#8243; do 12&#8220; v\u010detn\u011b. (na ilustra\u010dn\u00edm sn\u00edmku \u010derven\u00e9ho \u0161asi\u00a0 jsou dv\u011b ramena<a title=\"REED 5T\" href=\"https:\/\/www.altei.cz\/hifi\/produkt\/reed-5t\/\"> REED 5T<\/a>)<\/p>\n<p>&nbsp;<\/p>\n<div  class='avia-button-wrap av-mlnslm-1f9e0bb50ae309d8d1990e03e9adda58-wrap avia-button-center  avia-builder-el-0  avia-builder-el-no-sibling '><a href='https:\/\/www.altei.cz\/hifi\/reed\/'  class='avia-button av-mlnslm-1f9e0bb50ae309d8d1990e03e9adda58 av-link-btn avia-icon_select-no avia-size-small avia-position-center avia-color-theme-color'   aria-label=\"V\u00edce\"><span class='avia_iconbox_title' >V\u00edce<\/span><\/a><\/div>\n","protected":false},"excerpt":{"rendered":"<h4>Gramofonov\u00e9 \u0161asi s m\u011bniteln\u00fdm pohonem<\/h4>\n","protected":false},"featured_media":41049,"comment_status":"closed","ping_status":"closed","template":"","meta":[],"pwb-brand":[328],"product_brand":[],"product_cat":[100,22,282],"product_tag":[512,103,467,286,291,471],"class_list":{"0":"post-41053","1":"product","2":"type-product","3":"status-publish","4":"has-post-thumbnail","6":"pwb-brand-reed","7":"product_cat-gramofonova-chassis","8":"product_cat-high-end-audio","9":"product_cat-reed","10":"product_tag-dve-ramena","11":"product_tag-gramofon","12":"product_tag-gramofonove-sasi","13":"product_tag-reed","14":"product_tag-reminkovy-pohon","15":"product_tag-treci-pohon","17":"first","18":"onbackorder","19":"taxable","20":"shipping-taxable","21":"purchasable","22":"product-type-simple"},"aioseo_notices":[],"jetpack_sharing_enabled":true,"brands":[{"id":328,"name":"Reed","slug":"reed"}],"_links":{"self":[{"href":"https:\/\/www.altei.cz\/hifi\/wp-json\/wp\/v2\/product\/41053","targetHints":{"allow":["GET"]}}],"collection":[{"href":"https:\/\/www.altei.cz\/hifi\/wp-json\/wp\/v2\/product"}],"about":[{"href":"https:\/\/www.altei.cz\/hifi\/wp-json\/wp\/v2\/types\/product"}],"replies":[{"embeddable":true,"href":"https:\/\/www.altei.cz\/hifi\/wp-json\/wp\/v2\/comments?post=41053"}],"wp:featuredmedia":[{"embeddable":true,"href":"https:\/\/www.altei.cz\/hifi\/wp-json\/wp\/v2\/media\/41049"}],"wp:attachment":[{"href":"https:\/\/www.altei.cz\/hifi\/wp-json\/wp\/v2\/media?parent=41053"}],"wp:term":[{"taxonomy":"pwb-brand","embeddable":true,"href":"https:\/\/www.altei.cz\/hifi\/wp-json\/wp\/v2\/pwb-brand?post=41053"},{"taxonomy":"product_brand","embeddable":true,"href":"https:\/\/www.altei.cz\/hifi\/wp-json\/wp\/v2\/product_brand?post=41053"},{"taxonomy":"product_cat","embeddable":true,"href":"https:\/\/www.altei.cz\/hifi\/wp-json\/wp\/v2\/product_cat?post=41053"},{"taxonomy":"product_tag","embeddable":true,"href":"https:\/\/www.altei.cz\/hifi\/wp-json\/wp\/v2\/product_tag?post=41053"}],"curies":[{"name":"wp","href":"https:\/\/api.w.org\/{rel}","templated":true}]}}