{"id":41134,"date":"2023-06-08T17:19:16","date_gmt":"2023-06-08T15:19:16","guid":{"rendered":"https:\/\/www.altei.cz\/hifi\/?post_type=product&#038;p=41134"},"modified":"2025-03-10T15:11:46","modified_gmt":"2025-03-10T14:11:46","slug":"leica-cine-1-100-screen","status":"publish","type":"product","link":"https:\/\/www.altei.cz\/hifi\/produkt\/leica-cine-1-100-screen\/","title":{"rendered":"LEICA CINE 1-100 Screen"},"content":{"rendered":"<p><strong><a title=\"LEICA CINE 1\" href=\"https:\/\/www.altei.cz\/hifi\/leica-cine-1\/\" target=\"_blank\" rel=\"noopener\">LEICA CINE 1-100<\/a> Screen<br \/>\n<\/strong><\/p>\n<p>Projektor na kr\u00e1tkou vzd\u00e1lenost pro dom\u00e1c\u00ed kino s rozli\u0161en\u00edm 4K a \u00fahlop\u0159\u00ed\u010dkou obrazu 100&#8243; tedy 254 cm.\u00a0 Spolu se speci\u00e1ln\u00ed projek\u010dn\u00ed plochou <strong>Celexon<\/strong> ur\u010denou pro laserovou projekci s \u00fahlop\u0159\u00ed\u010dkou 100&#8243; tedy 254 cm. Plocha je motorizovan\u00e1 a vyj\u00ed\u017ed\u00ed odspodu z boxu, kter\u00fd lze zabudovat do n\u00e1bytku.<\/p>\n","protected":false},"excerpt":{"rendered":"<h4>4K laserov\u00e1 TV &#8211; projektor pro dom\u00e1c\u00ed kino 100&#8243; komplet<\/h4>\n","protected":false},"featured_media":41136,"comment_status":"closed","ping_status":"closed","template":"","meta":[],"pwb-brand":[504],"product_brand":[],"product_cat":[423,424,509,515],"product_tag":[507,440,442,435,505,516,428,506,437,508],"class_list":{"0":"post-41134","1":"product","2":"type-product","3":"status-publish","4":"has-post-thumbnail","6":"pwb-brand-leica","7":"product_cat-digitalni-projektor","8":"product_cat-high-end-video","9":"product_cat-leica","10":"product_cat-projekcni-plocha","11":"product_tag-4k","12":"product_tag-dolby-atmos","13":"product_tag-home-cinema","14":"product_tag-laser","15":"product_tag-leica","16":"product_tag-projekcni-platno","17":"product_tag-projektor","18":"product_tag-rgb","19":"product_tag-short-throw","20":"product_tag-tv","22":"first","23":"instock","24":"taxable","25":"shipping-taxable","26":"purchasable","27":"product-type-simple"},"aioseo_notices":[],"jetpack_sharing_enabled":true,"brands":[{"id":504,"name":"Leica","slug":"leica"}],"_links":{"self":[{"href":"https:\/\/www.altei.cz\/hifi\/wp-json\/wp\/v2\/product\/41134","targetHints":{"allow":["GET"]}}],"collection":[{"href":"https:\/\/www.altei.cz\/hifi\/wp-json\/wp\/v2\/product"}],"about":[{"href":"https:\/\/www.altei.cz\/hifi\/wp-json\/wp\/v2\/types\/product"}],"replies":[{"embeddable":true,"href":"https:\/\/www.altei.cz\/hifi\/wp-json\/wp\/v2\/comments?post=41134"}],"wp:featuredmedia":[{"embeddable":true,"href":"https:\/\/www.altei.cz\/hifi\/wp-json\/wp\/v2\/media\/41136"}],"wp:attachment":[{"href":"https:\/\/www.altei.cz\/hifi\/wp-json\/wp\/v2\/media?parent=41134"}],"wp:term":[{"taxonomy":"pwb-brand","embeddable":true,"href":"https:\/\/www.altei.cz\/hifi\/wp-json\/wp\/v2\/pwb-brand?post=41134"},{"taxonomy":"product_brand","embeddable":true,"href":"https:\/\/www.altei.cz\/hifi\/wp-json\/wp\/v2\/product_brand?post=41134"},{"taxonomy":"product_cat","embeddable":true,"href":"https:\/\/www.altei.cz\/hifi\/wp-json\/wp\/v2\/product_cat?post=41134"},{"taxonomy":"product_tag","embeddable":true,"href":"https:\/\/www.altei.cz\/hifi\/wp-json\/wp\/v2\/product_tag?post=41134"}],"curies":[{"name":"wp","href":"https:\/\/api.w.org\/{rel}","templated":true}]}}