{"id":41135,"date":"2023-06-08T17:19:16","date_gmt":"2023-06-08T15:19:16","guid":{"rendered":"https:\/\/www.altei.cz\/hifi\/?post_type=product&#038;p=41135"},"modified":"2024-09-26T12:08:58","modified_gmt":"2024-09-26T10:08:58","slug":"leica-daylight-100","status":"publish","type":"product","link":"https:\/\/www.altei.cz\/hifi\/produkt\/leica-daylight-100\/","title":{"rendered":"LEICA Daylight -100"},"content":{"rendered":"<p><strong>LEICA Daylight -100<\/strong><\/p>\n<p>Projek\u010dn\u00ed plocha fixn\u00ed Daylight screen UST Home Cinema Plus 16:9 s \u00fahlop\u0159\u00ed\u010dkou 100&#8243; (254 cm) ur\u010den\u00e1 p\u0159edev\u0161\u00edm pro TV projektor LEICA CINE 1 100<\/p>\n","protected":false},"excerpt":{"rendered":"<h4>Fixn\u00ed pl\u00e1tno pro 4K laser TV 100&#8243;<\/h4>\n","protected":false},"featured_media":41303,"comment_status":"closed","ping_status":"closed","template":"","meta":[],"pwb-brand":[504],"product_brand":[],"product_cat":[424,509,515],"product_tag":[507,442,435,505,516,437],"class_list":{"0":"post-41135","1":"product","2":"type-product","3":"status-publish","4":"has-post-thumbnail","6":"pwb-brand-leica","7":"product_cat-high-end-video","8":"product_cat-leica","9":"product_cat-projekcni-plocha","10":"product_tag-4k","11":"product_tag-home-cinema","12":"product_tag-laser","13":"product_tag-leica","14":"product_tag-projekcni-platno","15":"product_tag-short-throw","17":"first","18":"onbackorder","19":"taxable","20":"shipping-taxable","21":"purchasable","22":"product-type-simple"},"aioseo_notices":[],"jetpack_sharing_enabled":true,"brands":[{"id":504,"name":"Leica","slug":"leica"}],"_links":{"self":[{"href":"https:\/\/www.altei.cz\/hifi\/wp-json\/wp\/v2\/product\/41135","targetHints":{"allow":["GET"]}}],"collection":[{"href":"https:\/\/www.altei.cz\/hifi\/wp-json\/wp\/v2\/product"}],"about":[{"href":"https:\/\/www.altei.cz\/hifi\/wp-json\/wp\/v2\/types\/product"}],"replies":[{"embeddable":true,"href":"https:\/\/www.altei.cz\/hifi\/wp-json\/wp\/v2\/comments?post=41135"}],"wp:featuredmedia":[{"embeddable":true,"href":"https:\/\/www.altei.cz\/hifi\/wp-json\/wp\/v2\/media\/41303"}],"wp:attachment":[{"href":"https:\/\/www.altei.cz\/hifi\/wp-json\/wp\/v2\/media?parent=41135"}],"wp:term":[{"taxonomy":"pwb-brand","embeddable":true,"href":"https:\/\/www.altei.cz\/hifi\/wp-json\/wp\/v2\/pwb-brand?post=41135"},{"taxonomy":"product_brand","embeddable":true,"href":"https:\/\/www.altei.cz\/hifi\/wp-json\/wp\/v2\/product_brand?post=41135"},{"taxonomy":"product_cat","embeddable":true,"href":"https:\/\/www.altei.cz\/hifi\/wp-json\/wp\/v2\/product_cat?post=41135"},{"taxonomy":"product_tag","embeddable":true,"href":"https:\/\/www.altei.cz\/hifi\/wp-json\/wp\/v2\/product_tag?post=41135"}],"curies":[{"name":"wp","href":"https:\/\/api.w.org\/{rel}","templated":true}]}}