{"id":41308,"date":"2023-07-20T21:45:45","date_gmt":"2023-07-20T19:45:45","guid":{"rendered":"https:\/\/www.altei.cz\/hifi\/?post_type=product&#038;p=41308"},"modified":"2025-06-26T09:31:33","modified_gmt":"2025-06-26T07:31:33","slug":"celexon-100-ust-w","status":"publish","type":"product","link":"https:\/\/www.altei.cz\/hifi\/produkt\/celexon-100-ust-w\/","title":{"rendered":"Celexon 100 UST W"},"content":{"rendered":"<p><strong>Celexon 100 UST W<\/strong><\/p>\n<p>Projek\u010dn\u00ed plocha motorizovan\u00e1 Daylight screen UST Home Cinema Plus 16:9 s \u00fahlop\u0159\u00ed\u010dkou 100&#8243; (254 cm) ur\u010den\u00e1 p\u0159edev\u0161\u00edm pro short throw TV projektor LEICA CINE 1 100. Barva boxu b\u00edl\u00e1.<\/p>\n","protected":false},"excerpt":{"rendered":"<h4>Motorov\u00e9 pl\u00e1tno pro 4K laser TV 100&#8243;<\/h4>\n","protected":false},"featured_media":41312,"comment_status":"closed","ping_status":"closed","template":"","meta":[],"pwb-brand":[576,504],"product_brand":[],"product_cat":[581,424,509,515],"product_tag":[507,442,435,505,516,437],"class_list":{"0":"post-41308","1":"product","2":"type-product","3":"status-publish","4":"has-post-thumbnail","6":"pwb-brand-celexon","7":"pwb-brand-leica","8":"product_cat-celexon","9":"product_cat-high-end-video","10":"product_cat-leica","11":"product_cat-projekcni-plocha","12":"product_tag-4k","13":"product_tag-home-cinema","14":"product_tag-laser","15":"product_tag-leica","16":"product_tag-projekcni-platno","17":"product_tag-short-throw","19":"first","20":"instock","21":"taxable","22":"shipping-taxable","23":"purchasable","24":"product-type-simple"},"aioseo_notices":[],"jetpack_sharing_enabled":true,"brands":[{"id":576,"name":"Celexon","slug":"celexon"},{"id":504,"name":"Leica","slug":"leica"}],"_links":{"self":[{"href":"https:\/\/www.altei.cz\/hifi\/wp-json\/wp\/v2\/product\/41308","targetHints":{"allow":["GET"]}}],"collection":[{"href":"https:\/\/www.altei.cz\/hifi\/wp-json\/wp\/v2\/product"}],"about":[{"href":"https:\/\/www.altei.cz\/hifi\/wp-json\/wp\/v2\/types\/product"}],"replies":[{"embeddable":true,"href":"https:\/\/www.altei.cz\/hifi\/wp-json\/wp\/v2\/comments?post=41308"}],"wp:featuredmedia":[{"embeddable":true,"href":"https:\/\/www.altei.cz\/hifi\/wp-json\/wp\/v2\/media\/41312"}],"wp:attachment":[{"href":"https:\/\/www.altei.cz\/hifi\/wp-json\/wp\/v2\/media?parent=41308"}],"wp:term":[{"taxonomy":"pwb-brand","embeddable":true,"href":"https:\/\/www.altei.cz\/hifi\/wp-json\/wp\/v2\/pwb-brand?post=41308"},{"taxonomy":"product_brand","embeddable":true,"href":"https:\/\/www.altei.cz\/hifi\/wp-json\/wp\/v2\/product_brand?post=41308"},{"taxonomy":"product_cat","embeddable":true,"href":"https:\/\/www.altei.cz\/hifi\/wp-json\/wp\/v2\/product_cat?post=41308"},{"taxonomy":"product_tag","embeddable":true,"href":"https:\/\/www.altei.cz\/hifi\/wp-json\/wp\/v2\/product_tag?post=41308"}],"curies":[{"name":"wp","href":"https:\/\/api.w.org\/{rel}","templated":true}]}}