{"id":41406,"date":"2024-02-27T15:02:14","date_gmt":"2024-02-27T14:02:14","guid":{"rendered":"https:\/\/www.altei.cz\/hifi\/?post_type=product&#038;p=41406"},"modified":"2026-03-18T22:08:59","modified_gmt":"2026-03-18T21:08:59","slug":"ta-criterion-s-230","status":"publish","type":"product","link":"https:\/\/www.altei.cz\/hifi\/produkt\/ta-criterion-s-230\/","title":{"rendered":"T+A Criterion S 230"},"content":{"rendered":"<p>T+A CRITERION S 230 je t\u0159\u00edp\u00e1smov\u00e1 sloupov\u00e1 reprosoustava s p\u0159enosovou zpo\u017e\u010fovac\u00ed linkou, hudebn\u00edm v\u00fdkonem 300 W a kmito\u010dtov\u00fdm rozsahem 29 Hz a\u017e 45 kHz. <span class=\"tlid-translation translation\"><span class=\"tlid-translation translation\">Vybavena hlubokot\u00f3nov\u00fdmi vysokozdvihov\u00fdmi m\u011bni\u010di s membr\u00e1nou o pr\u016fm\u011bru 170 mm, dv\u011bma st\u0159edot\u00f3nov\u00fdmi m\u011bni\u010di nov\u00e9 konstrukce a v\u00fd\u0161kov\u00fdm magneziov\u00fdm vrchl\u00edkov\u00fdm m\u011bni\u010dem.<\/span><\/span><\/p>\n<p><span class=\"tlid-translation translation\"><span class=\"tlid-translation translation\">V modelu <a title=\"T+A HIFI Criterion S\" href=\"https:\/\/www.altei.cz\/hifi\/ta-hifi-audio-loudspeakers-criterion-s\/\">Criterion<\/a> S 230 se spojuje zd\u00e1nliv\u00fd rozpor: sofistikovan\u00fd elegantn\u00ed design, audiofilsk\u00e1 reprodukce hudby a slo\u017eit\u00e1 vnit\u0159n\u00ed konstrukce s dlouhou \u017eivotnost\u00ed. Jeho l\u00e9ta vyv\u00edjen\u00fd syst\u00e9m p\u0159enosov\u00fdch linek umo\u017e\u0148uje \u00fa\u017easnou reprodukci bas\u016f v kompaktn\u00edch rozm\u011brech a syst\u00e9m symetrick\u00e9ho sm\u011brov\u00e1n\u00ed st\u0159edn\u00edch a vysok\u00fdch frekvenc\u00ed \u00fa\u010dinn\u011b minimalizuje \u0161kodliv\u00e9 zvukov\u00e9 odrazy. D\u00edky sv\u00fdm \u0161t\u00edhl\u00fdm tvar\u016fm a t\u0159em decentn\u011b elegantn\u00edm lakovan\u00fdm verz\u00edm se Criterion S 230 bez n\u00e1mahy za\u010dlen\u00ed do jak\u00e9hokoli prost\u0159ed\u00ed a stane se dokonal\u00fdm zt\u011blesn\u011bn\u00edm definice spole\u010dnosti <a href=\"https:\/\/www.ta-hifi.de\/en\/loudspeakers\/criterion-s\/criterion-s-230-floor-standing-speaker\/\" target=\"_blank\" rel=\"noopener\">T+A<\/a>: Jedine\u010dn\u00e1 reprodukce zvuku o\u017eiven\u00e1 v nad\u010dasov\u00e9 elegantn\u00ed form\u011b.<\/span><\/span><\/p>\n<p><a href=\"https:\/\/www.hifi-voice.com\/testy-a-recenze\/reprosoustavy-podlahove\/5911-t-a-criterion-s-230\"><strong>Hi-Fi Voice recenze T+A Criterion S 230<\/strong><\/a><\/p>\n","protected":false},"excerpt":{"rendered":"<h4 class=\"ls-l-1\">\u0160pi\u010dkov\u00e1 sloupov\u00e1 reprosoustava<\/h4>\n","protected":false},"featured_media":41993,"comment_status":"closed","ping_status":"closed","template":"","meta":[],"pwb-brand":[152],"product_brand":[],"product_cat":[90,82,31],"product_tag":[91,66,88,84,85,38],"class_list":{"0":"post-41406","1":"product","2":"type-product","3":"status-publish","4":"has-post-thumbnail","6":"pwb-brand-ta","7":"product_cat-criterion","8":"product_cat-reprosoustavy","9":"product_cat-ta","10":"product_tag-criterion","11":"product_tag-hi-fi","12":"product_tag-high-end","13":"product_tag-reprosoustavy","14":"product_tag-sloupova","15":"product_tag-ta-hifi","17":"first","18":"instock","19":"taxable","20":"shipping-taxable","21":"purchasable","22":"product-type-simple"},"aioseo_notices":[],"jetpack_sharing_enabled":true,"brands":[{"id":152,"name":"T+A","slug":"ta"}],"_links":{"self":[{"href":"https:\/\/www.altei.cz\/hifi\/wp-json\/wp\/v2\/product\/41406","targetHints":{"allow":["GET"]}}],"collection":[{"href":"https:\/\/www.altei.cz\/hifi\/wp-json\/wp\/v2\/product"}],"about":[{"href":"https:\/\/www.altei.cz\/hifi\/wp-json\/wp\/v2\/types\/product"}],"replies":[{"embeddable":true,"href":"https:\/\/www.altei.cz\/hifi\/wp-json\/wp\/v2\/comments?post=41406"}],"wp:featuredmedia":[{"embeddable":true,"href":"https:\/\/www.altei.cz\/hifi\/wp-json\/wp\/v2\/media\/41993"}],"wp:attachment":[{"href":"https:\/\/www.altei.cz\/hifi\/wp-json\/wp\/v2\/media?parent=41406"}],"wp:term":[{"taxonomy":"pwb-brand","embeddable":true,"href":"https:\/\/www.altei.cz\/hifi\/wp-json\/wp\/v2\/pwb-brand?post=41406"},{"taxonomy":"product_brand","embeddable":true,"href":"https:\/\/www.altei.cz\/hifi\/wp-json\/wp\/v2\/product_brand?post=41406"},{"taxonomy":"product_cat","embeddable":true,"href":"https:\/\/www.altei.cz\/hifi\/wp-json\/wp\/v2\/product_cat?post=41406"},{"taxonomy":"product_tag","embeddable":true,"href":"https:\/\/www.altei.cz\/hifi\/wp-json\/wp\/v2\/product_tag?post=41406"}],"curies":[{"name":"wp","href":"https:\/\/api.w.org\/{rel}","templated":true}]}}