{"id":41463,"date":"2023-11-22T20:06:53","date_gmt":"2023-11-22T19:06:53","guid":{"rendered":"https:\/\/www.altei.cz\/hifi\/?post_type=product&#038;p=41463"},"modified":"2026-03-26T16:52:52","modified_gmt":"2026-03-26T15:52:52","slug":"dr-feickert-analogue-vero-s","status":"publish","type":"product","link":"https:\/\/www.altei.cz\/hifi\/produkt\/dr-feickert-analogue-vero-s\/","title":{"rendered":"Dr. Feickert Analogue \u2013 Vero S"},"content":{"rendered":"<p>M\u00e1te-li r\u00e1di zvuk vinyl\u016f a chcete z\u00edskat maximum ze sv\u00e9ho gramofonu a p\u0159enosky, potom bude novinka pojmenovan\u00e1 Vero S z d\u00edlny <a title=\"Dr. Feickert Analogue\" href=\"https:\/\/www.altei.cz\/hifi\/dr-feickert-analogue\/\">Dr. Christiana Feickerta<\/a> t\u00edm prav\u00fdm spole\u010dn\u00edkem pro v\u00e1\u0161 gramofon. M\u00e1 jeden\u00a0 MC a MM vstup a jeden linkov\u00fd v\u00fdstup. Tato spart\u00e1nsk\u00e1 v\u00fdbava je ov\u0161em vyrovn\u00e1na cenou.<\/p>\n<p>&nbsp;<\/p>\n<p><strong><a href=\"https:\/\/www.altei.cz\/download\/Dr_Feickert_VeroS_Uzivatelsky_Navod-2025.pdf\" target=\"_blank\" rel=\"noopener\">U\u017eivatelsk\u00fd n\u00e1vod<\/a><\/strong><\/p>\n<p>&nbsp;<\/p>\n<p><a href=\"https:\/\/www.altei.cz\/download\/Recenze_Stereo_Vero-S.pdf\" target=\"_blank\" rel=\"noopener\">Recenze ve Stereo &amp; Video<\/a><\/p>\n","protected":false},"excerpt":{"rendered":"<h4>\u0160pi\u010dkov\u00fd phono p\u0159edzesilova\u010d\u00a0 MM, MC<\/h4>\n","protected":false},"featured_media":42351,"comment_status":"closed","ping_status":"closed","template":"","meta":[],"pwb-brand":[327],"product_brand":[],"product_cat":[281,234,232,22],"product_tag":[235,34,298],"class_list":{"0":"post-41463","1":"product","2":"type-product","3":"status-publish","4":"has-post-thumbnail","6":"pwb-brand-feickert","7":"product_cat-feickert","8":"product_cat-gramofonove-predzesilovace","9":"product_cat-gramofony-prislusenstvi","10":"product_cat-high-end-audio","11":"product_tag-gramofonovy-predzesilovac","12":"product_tag-predzesilovac","13":"product_tag-riaa","14":"product_shipping_class-z-2-kg","16":"first","17":"onbackorder","18":"taxable","19":"shipping-taxable","20":"purchasable","21":"product-type-simple"},"aioseo_notices":[],"jetpack_sharing_enabled":true,"brands":[{"id":327,"name":"Dr. Feickert Analogue","slug":"feickert"}],"_links":{"self":[{"href":"https:\/\/www.altei.cz\/hifi\/wp-json\/wp\/v2\/product\/41463","targetHints":{"allow":["GET"]}}],"collection":[{"href":"https:\/\/www.altei.cz\/hifi\/wp-json\/wp\/v2\/product"}],"about":[{"href":"https:\/\/www.altei.cz\/hifi\/wp-json\/wp\/v2\/types\/product"}],"replies":[{"embeddable":true,"href":"https:\/\/www.altei.cz\/hifi\/wp-json\/wp\/v2\/comments?post=41463"}],"wp:featuredmedia":[{"embeddable":true,"href":"https:\/\/www.altei.cz\/hifi\/wp-json\/wp\/v2\/media\/42351"}],"wp:attachment":[{"href":"https:\/\/www.altei.cz\/hifi\/wp-json\/wp\/v2\/media?parent=41463"}],"wp:term":[{"taxonomy":"pwb-brand","embeddable":true,"href":"https:\/\/www.altei.cz\/hifi\/wp-json\/wp\/v2\/pwb-brand?post=41463"},{"taxonomy":"product_brand","embeddable":true,"href":"https:\/\/www.altei.cz\/hifi\/wp-json\/wp\/v2\/product_brand?post=41463"},{"taxonomy":"product_cat","embeddable":true,"href":"https:\/\/www.altei.cz\/hifi\/wp-json\/wp\/v2\/product_cat?post=41463"},{"taxonomy":"product_tag","embeddable":true,"href":"https:\/\/www.altei.cz\/hifi\/wp-json\/wp\/v2\/product_tag?post=41463"}],"curies":[{"name":"wp","href":"https:\/\/api.w.org\/{rel}","templated":true}]}}