{"id":41468,"date":"2023-12-01T00:34:59","date_gmt":"2023-11-30T23:34:59","guid":{"rendered":"https:\/\/www.altei.cz\/hifi\/?post_type=product&#038;p=41468"},"modified":"2025-04-24T13:13:20","modified_gmt":"2025-04-24T11:13:20","slug":"mdr-pad","status":"publish","type":"product","link":"https:\/\/www.altei.cz\/hifi\/produkt\/mdr-pad\/","title":{"rendered":"MDR-PAD"},"content":{"rendered":"<div id=\"divPopis\">\n<div class=\"blok\">\n<h4 class=\"Nadpis3\">MDR-PAD N\u00e1hradn\u00ed n\u00e1u\u0161n\u00edk pro sluch\u00e1tka SONY MDR-7506<\/h4>\n<\/div>\n<p>&nbsp;<\/p>\n<p>&nbsp;<\/p>\n<\/div>\n","protected":false},"excerpt":{"rendered":"<h4 class=\"Nadpis3\">N\u00e1hradn\u00ed n\u00e1u\u0161n\u00edk pro sluch\u00e1tka MDR-7506<\/h4>\n","protected":false},"featured_media":41469,"comment_status":"closed","ping_status":"closed","template":"","meta":[],"pwb-brand":[462],"product_brand":[],"product_cat":[22,117,189],"product_tag":[190,66,119,178],"class_list":{"0":"post-41468","1":"product","2":"type-product","3":"status-publish","4":"has-post-thumbnail","6":"pwb-brand-sony","7":"product_cat-high-end-audio","8":"product_cat-sluchatka","9":"product_cat-sony","10":"product_tag-dj","11":"product_tag-hi-fi","12":"product_tag-sluchatka","13":"product_tag-sony","14":"product_shipping_class-z-1-kg","16":"first","17":"instock","18":"featured","19":"taxable","20":"shipping-taxable","21":"purchasable","22":"product-type-simple"},"aioseo_notices":[],"jetpack_sharing_enabled":true,"brands":[{"id":462,"name":"SONY","slug":"sony"}],"_links":{"self":[{"href":"https:\/\/www.altei.cz\/hifi\/wp-json\/wp\/v2\/product\/41468","targetHints":{"allow":["GET"]}}],"collection":[{"href":"https:\/\/www.altei.cz\/hifi\/wp-json\/wp\/v2\/product"}],"about":[{"href":"https:\/\/www.altei.cz\/hifi\/wp-json\/wp\/v2\/types\/product"}],"replies":[{"embeddable":true,"href":"https:\/\/www.altei.cz\/hifi\/wp-json\/wp\/v2\/comments?post=41468"}],"wp:featuredmedia":[{"embeddable":true,"href":"https:\/\/www.altei.cz\/hifi\/wp-json\/wp\/v2\/media\/41469"}],"wp:attachment":[{"href":"https:\/\/www.altei.cz\/hifi\/wp-json\/wp\/v2\/media?parent=41468"}],"wp:term":[{"taxonomy":"pwb-brand","embeddable":true,"href":"https:\/\/www.altei.cz\/hifi\/wp-json\/wp\/v2\/pwb-brand?post=41468"},{"taxonomy":"product_brand","embeddable":true,"href":"https:\/\/www.altei.cz\/hifi\/wp-json\/wp\/v2\/product_brand?post=41468"},{"taxonomy":"product_cat","embeddable":true,"href":"https:\/\/www.altei.cz\/hifi\/wp-json\/wp\/v2\/product_cat?post=41468"},{"taxonomy":"product_tag","embeddable":true,"href":"https:\/\/www.altei.cz\/hifi\/wp-json\/wp\/v2\/product_tag?post=41468"}],"curies":[{"name":"wp","href":"https:\/\/api.w.org\/{rel}","templated":true}]}}