{"id":41571,"date":"2024-01-10T10:12:47","date_gmt":"2024-01-10T09:12:47","guid":{"rendered":"https:\/\/www.altei.cz\/hifi\/?post_type=product&#038;p=41571"},"modified":"2025-06-03T14:01:47","modified_gmt":"2025-06-03T12:01:47","slug":"stax-srm-d10-ii","status":"publish","type":"product","link":"https:\/\/www.altei.cz\/hifi\/produkt\/stax-srm-d10-ii\/","title":{"rendered":"STAX SRM-D10 II"},"content":{"rendered":"<p>STAX SRM-D10 II je p\u0159enosn\u00fd akumul\u00e1torov\u00fd nap\u00e1jec\u00ed zesilova\u010d a DA p\u0159evodn\u00edk, ur\u010den\u00fd pro spojen\u00ed s elektrostatick\u00fdmi sluch\u00e1tky <a href=\"https:\/\/www.altei.cz\/hifi\/stax\/\" target=\"_blank\" rel=\"noopener\">STAX<\/a> s 5 kol\u00edkov\u00fdm konektorem. Podporuje form\u00e1ty DSD i PCM. Vhodn\u00fd pro v\u0161echny audiofily, kte\u0159\u00ed po\u017eaduj\u00ed nekompromisn\u00ed zvukovou kvalitu i na cest\u00e1ch a pro zvukov\u00e9 profesion\u00e1ly, kte\u0159\u00ed cht\u011bj\u00ed m\u00edt v\u017edy po ruce referen\u010dn\u00ed poslech. V\u00fdvoj\u00e1\u0159i <a href=\"https:\/\/staxheadphones.com\" target=\"_blank\" rel=\"noopener\">STAX<\/a> vyu\u017eili u SRM-D10 II\u00a0 hardwarov\u00e9 dek\u00f3dov\u00e1n\u00ed a vysoce kvalitn\u00ed kondenz\u00e1tory, kter\u00e9 zaji\u0161\u0165uj\u00ed bezkonkuren\u010dn\u00ed kvalitu zvuku, tak\u017ee ka\u017ed\u00fd t\u00f3n je \u010dist\u00fd a ka\u017ed\u00fd detail je \u017eiv\u00fd.<br \/>\nD\u00edky podpo\u0159e vzorkovac\u00edch frekvenc\u00ed DSD a\u017e DSD256 a PCM a\u017e 384 kHz\/32bit dok\u00e1\u017ee SRM-D10 II v\u011brn\u011b reprodukovat zvukov\u00e9 form\u00e1ty s vysok\u00fdm rozli\u0161en\u00edm a zachovat p\u016fvodn\u00ed z\u00e1m\u011br um\u011blce.<br \/>\nSRM-D10 II je vybaven \u0161pi\u010dkov\u00fdm v\u00fdkonov\u00fdm zesilova\u010dem, kter\u00fd poskytuje pozoruhodnou s\u00edlu a umo\u017e\u0148uje v\u00e1m vychutnat si hudbu v jej\u00ed nej\u010dist\u0161\u00ed podob\u011b.<br \/>\nVysok\u00e9 v\u00fdstupn\u00ed nap\u011bt\u00ed: Robustn\u00ed polariza\u010dn\u00ed nap\u011bt\u00ed 580 V poskytuje dynami\u010dt\u011bj\u0161\u00ed a mohutn\u011bj\u0161\u00ed zvukovou sc\u00e9nu.<br \/>\nOdoln\u00fd pl\u00e1\u0161\u0165\u00a0 z hlin\u00edkov\u00e9 slitiny vynik\u00e1 nejen elegantn\u00edm a modern\u00edm designem, ale tak\u00e9 vy\u0161\u0161\u00ed pevnost\u00ed a odolnost\u00ed proti korozi.<br \/>\nSRM-D10 II podporuje digit\u00e1ln\u00ed USB-C\u00a0 i 3,5mm analogov\u00e9 audio vstupy, co\u017e nab\u00edz\u00ed flexibilitu p\u0159i p\u0159ipojen\u00ed k \u0161irok\u00e9 \u0161k\u00e1le za\u0159\u00edzen\u00ed.<br \/>\nSRM-D10 II je navr\u017een jako dopln\u011bk ke v\u0161em sluch\u00e1tk\u016fm typu STAX PRO a zaru\u010duje, \u017ee si budete moci naplno vychutnat potenci\u00e1l sv\u00fdch sluch\u00e1tek nejen doma.<\/p>\n<p><strong>UNBOXING<\/strong><\/p>\n<div class='avia-iframe-wrap'><iframe loading=\"lazy\" title=\"Unboxing the STAX SRM-D10 II Amplifier\/DAC\" width=\"1500\" height=\"844\" src=\"https:\/\/www.youtube.com\/embed\/yn28ZBpGU58?feature=oembed\" frameborder=\"0\" allow=\"accelerometer; autoplay; clipboard-write; encrypted-media; gyroscope; picture-in-picture; web-share\" referrerpolicy=\"strict-origin-when-cross-origin\" allowfullscreen><\/iframe><\/div>\n","protected":false},"excerpt":{"rendered":"<h4>P\u0159enosn\u00fd akumul\u00e1torov\u00fd nap\u00e1jec\u00ed DAC a zesilova\u010d pro sluch\u00e1tka STAX<\/h4>\n","protected":false},"featured_media":41573,"comment_status":"closed","ping_status":"closed","template":"","meta":[],"pwb-brand":[330],"product_brand":[],"product_cat":[121,275,133],"product_tag":[176,66,35,108,123,277,230],"class_list":{"0":"post-41571","1":"product","2":"type-product","3":"status-publish","4":"has-post-thumbnail","6":"pwb-brand-stax","7":"product_cat-sluchatkove-zesilovace","8":"product_cat-stax","9":"product_cat-zesilovace-high-end-audio","10":"product_tag-digitalni","11":"product_tag-hi-fi","12":"product_tag-prevodniky","13":"product_tag-referencni","14":"product_tag-sluchatkovy-zesilovac","15":"product_tag-stax","16":"product_tag-usb-c","17":"product_shipping_class-z-5-kg","19":"first","20":"instock","21":"taxable","22":"shipping-taxable","23":"purchasable","24":"product-type-simple"},"aioseo_notices":[],"jetpack_sharing_enabled":true,"brands":[{"id":330,"name":"STAX","slug":"stax"}],"_links":{"self":[{"href":"https:\/\/www.altei.cz\/hifi\/wp-json\/wp\/v2\/product\/41571","targetHints":{"allow":["GET"]}}],"collection":[{"href":"https:\/\/www.altei.cz\/hifi\/wp-json\/wp\/v2\/product"}],"about":[{"href":"https:\/\/www.altei.cz\/hifi\/wp-json\/wp\/v2\/types\/product"}],"replies":[{"embeddable":true,"href":"https:\/\/www.altei.cz\/hifi\/wp-json\/wp\/v2\/comments?post=41571"}],"wp:featuredmedia":[{"embeddable":true,"href":"https:\/\/www.altei.cz\/hifi\/wp-json\/wp\/v2\/media\/41573"}],"wp:attachment":[{"href":"https:\/\/www.altei.cz\/hifi\/wp-json\/wp\/v2\/media?parent=41571"}],"wp:term":[{"taxonomy":"pwb-brand","embeddable":true,"href":"https:\/\/www.altei.cz\/hifi\/wp-json\/wp\/v2\/pwb-brand?post=41571"},{"taxonomy":"product_brand","embeddable":true,"href":"https:\/\/www.altei.cz\/hifi\/wp-json\/wp\/v2\/product_brand?post=41571"},{"taxonomy":"product_cat","embeddable":true,"href":"https:\/\/www.altei.cz\/hifi\/wp-json\/wp\/v2\/product_cat?post=41571"},{"taxonomy":"product_tag","embeddable":true,"href":"https:\/\/www.altei.cz\/hifi\/wp-json\/wp\/v2\/product_tag?post=41571"}],"curies":[{"name":"wp","href":"https:\/\/api.w.org\/{rel}","templated":true}]}}