{"id":41590,"date":"2024-01-16T10:25:42","date_gmt":"2024-01-16T09:25:42","guid":{"rendered":"https:\/\/www.altei.cz\/hifi\/?post_type=product&#038;p=41590"},"modified":"2026-03-18T22:14:53","modified_gmt":"2026-03-18T21:14:53","slug":"ta-solitaire-p-xlr","status":"publish","type":"product","link":"https:\/\/www.altei.cz\/hifi\/produkt\/ta-solitaire-p-xlr\/","title":{"rendered":"T+A Solitaire P-XLR"},"content":{"rendered":"<p>T+A Solitaire P-XLR\u00a0 jsou referen\u010dn\u00ed otev\u0159en\u00e1 magnetostatick\u00e1 plan\u00e1rn\u00ed sluch\u00e1tka pro nejn\u00e1ro\u010dn\u011bj\u0161\u00ed audiofily. Pro poskytnut\u00ed maxim\u00e1ln\u00edho komfortu a \u017eivostnosti jsou pou\u017eity pouze \u0161pi\u010dkov\u00e9 materi\u00e1ly<br \/>\njako leteck\u00fd hlin\u00edk, nerezov\u00e1 ocel, hypoalergenn\u00ed um\u011bl\u00e1 k\u016f\u017ee a p\u0159\u00edrodn\u00ed k\u016f\u017ee Alcantara. Kmito\u010dtov\u00fd rozsah 5 Hz a\u017e 54 kHz, impedance 80 Ohm\u016f. Ke sluch\u00e1tk\u016fm jsou dod\u00e1v\u00e1ny p\u0159ipojovac\u00ed kabely 6,3 mm Jack a XLR. (Dal\u0161\u00ed kabely a jejich d\u00e9lky jsou jako voliteln\u00e9 p\u0159\u00edslu\u0161enstv\u00ed)<\/p>\n<p>&nbsp;<\/p>\n","protected":false},"excerpt":{"rendered":"<h4 class=\"ls-l-1\">Magnetoplan\u00e1rn\u00ed sluch\u00e1tka<\/h4>\n","protected":false},"featured_media":37268,"comment_status":"closed","ping_status":"closed","template":"","meta":[],"pwb-brand":[152],"product_brand":[],"product_cat":[117,31],"product_tag":[118,108,119,120,38,128],"class_list":{"0":"post-41590","1":"product","2":"type-product","3":"status-publish","4":"has-post-thumbnail","6":"pwb-brand-ta","7":"product_cat-sluchatka","8":"product_cat-ta","9":"product_tag-magnetoplanarni","10":"product_tag-referencni","11":"product_tag-sluchatka","12":"product_tag-solitaire-p","13":"product_tag-ta-hifi","14":"product_tag-xlr","15":"product_shipping_class-z-5-kg","17":"first","18":"onbackorder","19":"taxable","20":"shipping-taxable","21":"purchasable","22":"product-type-simple"},"aioseo_notices":[],"jetpack_sharing_enabled":true,"brands":[{"id":152,"name":"T+A","slug":"ta"}],"_links":{"self":[{"href":"https:\/\/www.altei.cz\/hifi\/wp-json\/wp\/v2\/product\/41590","targetHints":{"allow":["GET"]}}],"collection":[{"href":"https:\/\/www.altei.cz\/hifi\/wp-json\/wp\/v2\/product"}],"about":[{"href":"https:\/\/www.altei.cz\/hifi\/wp-json\/wp\/v2\/types\/product"}],"replies":[{"embeddable":true,"href":"https:\/\/www.altei.cz\/hifi\/wp-json\/wp\/v2\/comments?post=41590"}],"wp:featuredmedia":[{"embeddable":true,"href":"https:\/\/www.altei.cz\/hifi\/wp-json\/wp\/v2\/media\/37268"}],"wp:attachment":[{"href":"https:\/\/www.altei.cz\/hifi\/wp-json\/wp\/v2\/media?parent=41590"}],"wp:term":[{"taxonomy":"pwb-brand","embeddable":true,"href":"https:\/\/www.altei.cz\/hifi\/wp-json\/wp\/v2\/pwb-brand?post=41590"},{"taxonomy":"product_brand","embeddable":true,"href":"https:\/\/www.altei.cz\/hifi\/wp-json\/wp\/v2\/product_brand?post=41590"},{"taxonomy":"product_cat","embeddable":true,"href":"https:\/\/www.altei.cz\/hifi\/wp-json\/wp\/v2\/product_cat?post=41590"},{"taxonomy":"product_tag","embeddable":true,"href":"https:\/\/www.altei.cz\/hifi\/wp-json\/wp\/v2\/product_tag?post=41590"}],"curies":[{"name":"wp","href":"https:\/\/api.w.org\/{rel}","templated":true}]}}