{"id":41655,"date":"2024-01-29T23:47:30","date_gmt":"2024-01-29T22:47:30","guid":{"rendered":"https:\/\/www.altei.cz\/hifi\/?post_type=product&#038;p=41655"},"modified":"2026-03-18T22:10:51","modified_gmt":"2026-03-18T21:10:51","slug":"ta-ag-10-s","status":"publish","type":"product","link":"https:\/\/www.altei.cz\/hifi\/produkt\/ta-ag-10-s\/","title":{"rendered":"T+A AG 10 S"},"content":{"rendered":"<p>T+A AG 10 S je stabiliz\u00e1tor pro vynilov\u00e9 desky o hmotnosti 700 g zaji\u0161\u0165uj\u00edc\u00ed p\u0159\u00edtlak LP na gramofonov\u00e9m tal\u00ed\u0159i &#8211;\u00a0 barva st\u0159\u00edbrn\u00e1<\/p>\n<p>k\u00f3d 4355-99102<\/p>\n","protected":false},"excerpt":{"rendered":"<h4 class=\"ls-l-1\">Stabiliz\u00e1tor pro vynilov\u00e9 desky<\/h4>\n","protected":false},"featured_media":41652,"comment_status":"closed","ping_status":"closed","template":"","meta":[],"pwb-brand":[152],"product_brand":[],"product_cat":[221,31],"product_tag":[525,38],"class_list":{"0":"post-41655","1":"product","2":"type-product","3":"status-publish","4":"has-post-thumbnail","6":"pwb-brand-ta","7":"product_cat-prislusenstvi","8":"product_cat-ta","9":"product_tag-stabilizator","10":"product_tag-ta-hifi","11":"product_shipping_class-z-2-kg","13":"first","14":"instock","15":"taxable","16":"shipping-taxable","17":"purchasable","18":"product-type-simple"},"aioseo_notices":[],"jetpack_sharing_enabled":true,"brands":[{"id":152,"name":"T+A","slug":"ta"}],"_links":{"self":[{"href":"https:\/\/www.altei.cz\/hifi\/wp-json\/wp\/v2\/product\/41655","targetHints":{"allow":["GET"]}}],"collection":[{"href":"https:\/\/www.altei.cz\/hifi\/wp-json\/wp\/v2\/product"}],"about":[{"href":"https:\/\/www.altei.cz\/hifi\/wp-json\/wp\/v2\/types\/product"}],"replies":[{"embeddable":true,"href":"https:\/\/www.altei.cz\/hifi\/wp-json\/wp\/v2\/comments?post=41655"}],"wp:featuredmedia":[{"embeddable":true,"href":"https:\/\/www.altei.cz\/hifi\/wp-json\/wp\/v2\/media\/41652"}],"wp:attachment":[{"href":"https:\/\/www.altei.cz\/hifi\/wp-json\/wp\/v2\/media?parent=41655"}],"wp:term":[{"taxonomy":"pwb-brand","embeddable":true,"href":"https:\/\/www.altei.cz\/hifi\/wp-json\/wp\/v2\/pwb-brand?post=41655"},{"taxonomy":"product_brand","embeddable":true,"href":"https:\/\/www.altei.cz\/hifi\/wp-json\/wp\/v2\/product_brand?post=41655"},{"taxonomy":"product_cat","embeddable":true,"href":"https:\/\/www.altei.cz\/hifi\/wp-json\/wp\/v2\/product_cat?post=41655"},{"taxonomy":"product_tag","embeddable":true,"href":"https:\/\/www.altei.cz\/hifi\/wp-json\/wp\/v2\/product_tag?post=41655"}],"curies":[{"name":"wp","href":"https:\/\/api.w.org\/{rel}","templated":true}]}}