{"id":41672,"date":"2024-01-30T12:05:13","date_gmt":"2024-01-30T11:05:13","guid":{"rendered":"https:\/\/www.altei.cz\/hifi\/?post_type=product&#038;p=41672"},"modified":"2024-02-01T11:26:13","modified_gmt":"2024-02-01T10:26:13","slug":"reed-t-lift","status":"publish","type":"product","link":"https:\/\/www.altei.cz\/hifi\/produkt\/reed-t-lift\/","title":{"rendered":"REED T-lift"},"content":{"rendered":"<p>REED T-lift je p\u0159esn\u00fd univerz\u00e1ln\u00ed zved\u00e1\u010dek gramofonov\u00e9ho ramene pou\u017eiteln\u00fd s v\u011bt\u0161inou ramen (s uchycen\u00edm zved\u00e1\u010dku \u00f812.8 mm)<\/p>\n<p>T-lift m\u00e1 zdvih v bodu hrotu chv\u011bjky nastaviteln\u00fd a\u017e 17,8 mm (jedn\u00e1 se o p\u00e1ku viz obr 2).<\/p>\n<p>T-lift je kompatibiln\u00ed s JELCO JL-45<\/p>\n<p>&nbsp;<\/p>\n<p>Materi\u00e1l &#8211; nerezov\u00e1 ocel.<br \/>\nZdvih &#8211; 2,2 mm +10 %.<br \/>\nRychlost zdvihu dol\u016f &#8211; 0,45 mm\/s +\/- 10 %.<br \/>\nProvozn\u00ed teplota &#8211; -5 \u00b0C &#8211; +50 \u00b0C.<br \/>\nHmotnost &#8211; 27 g.<\/p>\n","protected":false},"excerpt":{"rendered":"<h4>Zved\u00e1\u010dek pro gramofonov\u00e9 rameno<\/h4>\n","protected":false},"featured_media":41673,"comment_status":"closed","ping_status":"closed","template":"","meta":[],"pwb-brand":[328],"product_brand":[],"product_cat":[236,22,282],"product_tag":[103,131,527],"class_list":{"0":"post-41672","1":"product","2":"type-product","3":"status-publish","4":"has-post-thumbnail","6":"pwb-brand-reed","7":"product_cat-gramofonova-ramena","8":"product_cat-high-end-audio","9":"product_cat-reed","10":"product_tag-gramofon","11":"product_tag-prislusenstvi","12":"product_tag-zvedacek","13":"product_shipping_class-z-1-kg","15":"first","16":"onbackorder","17":"taxable","18":"shipping-taxable","19":"purchasable","20":"product-type-simple"},"aioseo_notices":[],"jetpack_sharing_enabled":true,"brands":[{"id":328,"name":"Reed","slug":"reed"}],"_links":{"self":[{"href":"https:\/\/www.altei.cz\/hifi\/wp-json\/wp\/v2\/product\/41672","targetHints":{"allow":["GET"]}}],"collection":[{"href":"https:\/\/www.altei.cz\/hifi\/wp-json\/wp\/v2\/product"}],"about":[{"href":"https:\/\/www.altei.cz\/hifi\/wp-json\/wp\/v2\/types\/product"}],"replies":[{"embeddable":true,"href":"https:\/\/www.altei.cz\/hifi\/wp-json\/wp\/v2\/comments?post=41672"}],"wp:featuredmedia":[{"embeddable":true,"href":"https:\/\/www.altei.cz\/hifi\/wp-json\/wp\/v2\/media\/41673"}],"wp:attachment":[{"href":"https:\/\/www.altei.cz\/hifi\/wp-json\/wp\/v2\/media?parent=41672"}],"wp:term":[{"taxonomy":"pwb-brand","embeddable":true,"href":"https:\/\/www.altei.cz\/hifi\/wp-json\/wp\/v2\/pwb-brand?post=41672"},{"taxonomy":"product_brand","embeddable":true,"href":"https:\/\/www.altei.cz\/hifi\/wp-json\/wp\/v2\/product_brand?post=41672"},{"taxonomy":"product_cat","embeddable":true,"href":"https:\/\/www.altei.cz\/hifi\/wp-json\/wp\/v2\/product_cat?post=41672"},{"taxonomy":"product_tag","embeddable":true,"href":"https:\/\/www.altei.cz\/hifi\/wp-json\/wp\/v2\/product_tag?post=41672"}],"curies":[{"name":"wp","href":"https:\/\/api.w.org\/{rel}","templated":true}]}}