{"id":41691,"date":"2024-01-31T17:58:03","date_gmt":"2024-01-31T16:58:03","guid":{"rendered":"https:\/\/www.altei.cz\/hifi\/?post_type=product&#038;p=41691"},"modified":"2024-01-31T19:59:44","modified_gmt":"2024-01-31T18:59:44","slug":"reed-hs-aa","status":"publish","type":"product","link":"https:\/\/www.altei.cz\/hifi\/produkt\/reed-hs-aa\/","title":{"rendered":"REED HS-AA"},"content":{"rendered":"<p>REED HS-AA N\u00e1hradn\u00ed hlavi\u010dka ramena 5A a 5T s p\u0159esn\u00fdm nastaven\u00edm azimutu v povrchov\u00fdch \u00faprav\u00e1ch b\u00edl\u00e1 lasturov\u00e1, \u010dern\u00e1. Cena p\u0159i objedn\u00e1vce s ramenem 5A nebo 5T. Nebo p\u0159i objedn\u00e1vce dal\u0161\u00ed trubky rameme 5T s touto hlavi\u010dkou.<\/p>\n","protected":false},"excerpt":{"rendered":"<h4>Hlavi\u010dka s nastaven\u00edm azimutu<\/h4>\n","protected":false},"featured_media":41692,"comment_status":"closed","ping_status":"closed","template":"","meta":[],"pwb-brand":[328],"product_brand":[],"product_cat":[236,232,22,282],"product_tag":[103,529,528,131],"class_list":{"0":"post-41691","1":"product","2":"type-product","3":"status-publish","4":"has-post-thumbnail","6":"pwb-brand-reed","7":"product_cat-gramofonova-ramena","8":"product_cat-gramofony-prislusenstvi","9":"product_cat-high-end-audio","10":"product_cat-reed","11":"product_tag-gramofon","12":"product_tag-headshell","13":"product_tag-hlavicka-ramene","14":"product_tag-prislusenstvi","15":"product_shipping_class-z-1-kg","17":"first","18":"onbackorder","19":"taxable","20":"shipping-taxable","21":"purchasable","22":"product-type-simple"},"aioseo_notices":[],"jetpack_sharing_enabled":true,"brands":[{"id":328,"name":"Reed","slug":"reed"}],"_links":{"self":[{"href":"https:\/\/www.altei.cz\/hifi\/wp-json\/wp\/v2\/product\/41691","targetHints":{"allow":["GET"]}}],"collection":[{"href":"https:\/\/www.altei.cz\/hifi\/wp-json\/wp\/v2\/product"}],"about":[{"href":"https:\/\/www.altei.cz\/hifi\/wp-json\/wp\/v2\/types\/product"}],"replies":[{"embeddable":true,"href":"https:\/\/www.altei.cz\/hifi\/wp-json\/wp\/v2\/comments?post=41691"}],"wp:featuredmedia":[{"embeddable":true,"href":"https:\/\/www.altei.cz\/hifi\/wp-json\/wp\/v2\/media\/41692"}],"wp:attachment":[{"href":"https:\/\/www.altei.cz\/hifi\/wp-json\/wp\/v2\/media?parent=41691"}],"wp:term":[{"taxonomy":"pwb-brand","embeddable":true,"href":"https:\/\/www.altei.cz\/hifi\/wp-json\/wp\/v2\/pwb-brand?post=41691"},{"taxonomy":"product_brand","embeddable":true,"href":"https:\/\/www.altei.cz\/hifi\/wp-json\/wp\/v2\/product_brand?post=41691"},{"taxonomy":"product_cat","embeddable":true,"href":"https:\/\/www.altei.cz\/hifi\/wp-json\/wp\/v2\/product_cat?post=41691"},{"taxonomy":"product_tag","embeddable":true,"href":"https:\/\/www.altei.cz\/hifi\/wp-json\/wp\/v2\/product_tag?post=41691"}],"curies":[{"name":"wp","href":"https:\/\/api.w.org\/{rel}","templated":true}]}}