{"id":41698,"date":"2024-01-31T20:11:40","date_gmt":"2024-01-31T19:11:40","guid":{"rendered":"https:\/\/www.altei.cz\/hifi\/?post_type=product&#038;p=41698"},"modified":"2024-01-31T20:22:43","modified_gmt":"2024-01-31T19:22:43","slug":"reed-hs-lc","status":"publish","type":"product","link":"https:\/\/www.altei.cz\/hifi\/produkt\/reed-hs-lc\/","title":{"rendered":"REED HS-LC"},"content":{"rendered":"<p>REED HS-LC N\u00e1hradn\u00ed hlavi\u010dka (headshell) ramena pro laserov\u00e9 AZ v povrchov\u00fdch \u00faprav\u00e1ch b\u00edl\u00e1 lasturov\u00e1, \u010dern\u00e1, sametov\u011b bronzov\u00e1<\/p>\n<p>P\u0159i objedn\u00e1n\u00ed REED HS-LC je t\u0159eba specifikovat d\u00e9lku ramene !<\/p>\n<p>&nbsp;<\/p>\n","protected":false},"excerpt":{"rendered":"<h4>N\u00e1hradn\u00ed hlavi\u010dka gramofonov\u00e9ho ramena<\/h4>\n","protected":false},"featured_media":41699,"comment_status":"closed","ping_status":"closed","template":"","meta":[],"pwb-brand":[328],"product_brand":[],"product_cat":[236,232,22,282],"product_tag":[103,529,528,131],"class_list":{"0":"post-41698","1":"product","2":"type-product","3":"status-publish","4":"has-post-thumbnail","6":"pwb-brand-reed","7":"product_cat-gramofonova-ramena","8":"product_cat-gramofony-prislusenstvi","9":"product_cat-high-end-audio","10":"product_cat-reed","11":"product_tag-gramofon","12":"product_tag-headshell","13":"product_tag-hlavicka-ramene","14":"product_tag-prislusenstvi","15":"product_shipping_class-z-1-kg","17":"first","18":"onbackorder","19":"taxable","20":"shipping-taxable","21":"purchasable","22":"product-type-simple"},"aioseo_notices":[],"jetpack_sharing_enabled":true,"brands":[{"id":328,"name":"Reed","slug":"reed"}],"_links":{"self":[{"href":"https:\/\/www.altei.cz\/hifi\/wp-json\/wp\/v2\/product\/41698","targetHints":{"allow":["GET"]}}],"collection":[{"href":"https:\/\/www.altei.cz\/hifi\/wp-json\/wp\/v2\/product"}],"about":[{"href":"https:\/\/www.altei.cz\/hifi\/wp-json\/wp\/v2\/types\/product"}],"replies":[{"embeddable":true,"href":"https:\/\/www.altei.cz\/hifi\/wp-json\/wp\/v2\/comments?post=41698"}],"wp:featuredmedia":[{"embeddable":true,"href":"https:\/\/www.altei.cz\/hifi\/wp-json\/wp\/v2\/media\/41699"}],"wp:attachment":[{"href":"https:\/\/www.altei.cz\/hifi\/wp-json\/wp\/v2\/media?parent=41698"}],"wp:term":[{"taxonomy":"pwb-brand","embeddable":true,"href":"https:\/\/www.altei.cz\/hifi\/wp-json\/wp\/v2\/pwb-brand?post=41698"},{"taxonomy":"product_brand","embeddable":true,"href":"https:\/\/www.altei.cz\/hifi\/wp-json\/wp\/v2\/product_brand?post=41698"},{"taxonomy":"product_cat","embeddable":true,"href":"https:\/\/www.altei.cz\/hifi\/wp-json\/wp\/v2\/product_cat?post=41698"},{"taxonomy":"product_tag","embeddable":true,"href":"https:\/\/www.altei.cz\/hifi\/wp-json\/wp\/v2\/product_tag?post=41698"}],"curies":[{"name":"wp","href":"https:\/\/api.w.org\/{rel}","templated":true}]}}