{"id":41712,"date":"2024-02-01T00:11:02","date_gmt":"2024-01-31T23:11:02","guid":{"rendered":"https:\/\/www.altei.cz\/hifi\/?post_type=product&#038;p=41712"},"modified":"2026-04-01T16:53:58","modified_gmt":"2026-04-01T14:53:58","slug":"dr-feickert-analogue-drf-bi","status":"publish","type":"product","link":"https:\/\/www.altei.cz\/hifi\/produkt\/dr-feickert-analogue-drf-bi\/","title":{"rendered":"Dr. Feickert Analogue &#8211; DRF-BI"},"content":{"rendered":"<p>Dr. Feickert Analogue &#8211; DRF-BI &#8211; Gramofonov\u00fd tal\u00ed\u0159 s mosazn\u00fdmi vlo\u017ekami. Tal\u00ed\u0159 svoj\u00ed zv\u00fd\u0161enou hmotnost\u00ed sni\u017euje mo\u017enost rezonance tal\u00ed\u0159e. Jedn\u00e1 se o p\u0159\u00edplatkovou v\u00fdbavu k z\u00e1kladn\u00ed cen\u011b \u0161asi.<\/p>\n","protected":false},"excerpt":{"rendered":"<h4>Gramofonov\u00fd tal\u00ed\u0159 s mozazn\u00fdmi vlo\u017ekami<\/h4>\n","protected":false},"featured_media":41713,"comment_status":"closed","ping_status":"closed","template":"","meta":[],"pwb-brand":[327],"product_brand":[],"product_cat":[281,100,22],"product_tag":[103],"class_list":{"0":"post-41712","1":"product","2":"type-product","3":"status-publish","4":"has-post-thumbnail","6":"pwb-brand-feickert","7":"product_cat-feickert","8":"product_cat-gramofonova-chassis","9":"product_cat-high-end-audio","10":"product_tag-gramofon","12":"first","13":"onbackorder","14":"taxable","15":"shipping-taxable","16":"purchasable","17":"product-type-simple"},"aioseo_notices":[],"jetpack_sharing_enabled":true,"brands":[{"id":327,"name":"Dr. Feickert Analogue","slug":"feickert"}],"_links":{"self":[{"href":"https:\/\/www.altei.cz\/hifi\/wp-json\/wp\/v2\/product\/41712","targetHints":{"allow":["GET"]}}],"collection":[{"href":"https:\/\/www.altei.cz\/hifi\/wp-json\/wp\/v2\/product"}],"about":[{"href":"https:\/\/www.altei.cz\/hifi\/wp-json\/wp\/v2\/types\/product"}],"replies":[{"embeddable":true,"href":"https:\/\/www.altei.cz\/hifi\/wp-json\/wp\/v2\/comments?post=41712"}],"wp:featuredmedia":[{"embeddable":true,"href":"https:\/\/www.altei.cz\/hifi\/wp-json\/wp\/v2\/media\/41713"}],"wp:attachment":[{"href":"https:\/\/www.altei.cz\/hifi\/wp-json\/wp\/v2\/media?parent=41712"}],"wp:term":[{"taxonomy":"pwb-brand","embeddable":true,"href":"https:\/\/www.altei.cz\/hifi\/wp-json\/wp\/v2\/pwb-brand?post=41712"},{"taxonomy":"product_brand","embeddable":true,"href":"https:\/\/www.altei.cz\/hifi\/wp-json\/wp\/v2\/product_brand?post=41712"},{"taxonomy":"product_cat","embeddable":true,"href":"https:\/\/www.altei.cz\/hifi\/wp-json\/wp\/v2\/product_cat?post=41712"},{"taxonomy":"product_tag","embeddable":true,"href":"https:\/\/www.altei.cz\/hifi\/wp-json\/wp\/v2\/product_tag?post=41712"}],"curies":[{"name":"wp","href":"https:\/\/api.w.org\/{rel}","templated":true}]}}