{"id":41716,"date":"2024-02-01T00:35:51","date_gmt":"2024-01-31T23:35:51","guid":{"rendered":"https:\/\/www.altei.cz\/hifi\/?post_type=product&#038;p=41716"},"modified":"2026-03-18T20:52:26","modified_gmt":"2026-03-18T19:52:26","slug":"dr-feickert-analogue-drf-belt","status":"publish","type":"product","link":"https:\/\/www.altei.cz\/hifi\/produkt\/dr-feickert-analogue-drf-belt\/","title":{"rendered":"Dr. Feickert Analogue &#8211; DRF-Belt"},"content":{"rendered":"<p>Dr. Feickert Analogue &#8211; DRF-Belt &#8211; N\u00e1hradn\u00ed hnac\u00ed \u0159em\u00ednek pro gramofony Dr. Feickert Volare, Woodpecker, Blackbird i Firebird. Stejn\u00fd typ pro v\u0161echny verze \u0161asi.<\/p>\n","protected":false},"excerpt":{"rendered":"<h4>\u0158em\u00ednek pro pohon gramofonu<\/h4>\n","protected":false},"featured_media":41717,"comment_status":"closed","ping_status":"closed","template":"","meta":[],"pwb-brand":[327],"product_brand":[],"product_cat":[281,100,22],"product_tag":[103,530],"class_list":{"0":"post-41716","1":"product","2":"type-product","3":"status-publish","4":"has-post-thumbnail","6":"pwb-brand-feickert","7":"product_cat-feickert","8":"product_cat-gramofonova-chassis","9":"product_cat-high-end-audio","10":"product_tag-gramofon","11":"product_tag-reminek","12":"product_shipping_class-z-1-kg","14":"first","15":"instock","16":"taxable","17":"shipping-taxable","18":"purchasable","19":"product-type-simple"},"aioseo_notices":[],"jetpack_sharing_enabled":true,"brands":[{"id":327,"name":"Dr. Feickert Analogue","slug":"feickert"}],"_links":{"self":[{"href":"https:\/\/www.altei.cz\/hifi\/wp-json\/wp\/v2\/product\/41716","targetHints":{"allow":["GET"]}}],"collection":[{"href":"https:\/\/www.altei.cz\/hifi\/wp-json\/wp\/v2\/product"}],"about":[{"href":"https:\/\/www.altei.cz\/hifi\/wp-json\/wp\/v2\/types\/product"}],"replies":[{"embeddable":true,"href":"https:\/\/www.altei.cz\/hifi\/wp-json\/wp\/v2\/comments?post=41716"}],"wp:featuredmedia":[{"embeddable":true,"href":"https:\/\/www.altei.cz\/hifi\/wp-json\/wp\/v2\/media\/41717"}],"wp:attachment":[{"href":"https:\/\/www.altei.cz\/hifi\/wp-json\/wp\/v2\/media?parent=41716"}],"wp:term":[{"taxonomy":"pwb-brand","embeddable":true,"href":"https:\/\/www.altei.cz\/hifi\/wp-json\/wp\/v2\/pwb-brand?post=41716"},{"taxonomy":"product_brand","embeddable":true,"href":"https:\/\/www.altei.cz\/hifi\/wp-json\/wp\/v2\/product_brand?post=41716"},{"taxonomy":"product_cat","embeddable":true,"href":"https:\/\/www.altei.cz\/hifi\/wp-json\/wp\/v2\/product_cat?post=41716"},{"taxonomy":"product_tag","embeddable":true,"href":"https:\/\/www.altei.cz\/hifi\/wp-json\/wp\/v2\/product_tag?post=41716"}],"curies":[{"name":"wp","href":"https:\/\/api.w.org\/{rel}","templated":true}]}}