{"id":41861,"date":"2024-02-14T22:15:46","date_gmt":"2024-02-14T21:15:46","guid":{"rendered":"https:\/\/www.altei.cz\/hifi\/?post_type=product&#038;p=41861"},"modified":"2024-02-14T22:25:38","modified_gmt":"2024-02-14T21:25:38","slug":"weiss-cable-psu102","status":"publish","type":"product","link":"https:\/\/www.altei.cz\/hifi\/produkt\/weiss-cable-psu102\/","title":{"rendered":"Weiss Cable-PSU102"},"content":{"rendered":"<p>Weiss Cable-PSU102 je p\u0159\u00edstrojov\u00fd kabel pro Referen\u010dn\u00ed extern\u00ed nap\u00e1jec\u00ed zdroj PSU102 Z\u00e1str\u010dka Fischer typu S 102 A051-130+ s kabelovou svorkou E3 102,5\/3,5.<\/p>\n","protected":false},"excerpt":{"rendered":"<h4 class=\"ls-l-1\">Kabel pro referen\u010dn\u00ed nap\u00e1jec\u00ed zdroj<\/h4>\n","protected":false},"featured_media":41857,"comment_status":"closed","ping_status":"closed","template":"","meta":[],"pwb-brand":[332],"product_brand":[],"product_cat":[75,532,336],"product_tag":[33,49,35,60,337],"class_list":{"0":"post-41861","1":"product","2":"type-product","3":"status-publish","4":"has-post-thumbnail","6":"pwb-brand-weiss","7":"product_cat-kabely-a-redukce","8":"product_cat-napajeci-zdroj","9":"product_cat-weiss-hifi","10":"product_tag-dac","11":"product_tag-dsd","12":"product_tag-prevodniky","13":"product_tag-usb","14":"product_tag-weiss-hifi","15":"product_shipping_class-z-1-kg","17":"first","18":"onbackorder","19":"taxable","20":"shipping-taxable","21":"purchasable","22":"product-type-simple"},"aioseo_notices":[],"jetpack_sharing_enabled":true,"brands":[{"id":332,"name":"WEISS","slug":"weiss"}],"_links":{"self":[{"href":"https:\/\/www.altei.cz\/hifi\/wp-json\/wp\/v2\/product\/41861","targetHints":{"allow":["GET"]}}],"collection":[{"href":"https:\/\/www.altei.cz\/hifi\/wp-json\/wp\/v2\/product"}],"about":[{"href":"https:\/\/www.altei.cz\/hifi\/wp-json\/wp\/v2\/types\/product"}],"replies":[{"embeddable":true,"href":"https:\/\/www.altei.cz\/hifi\/wp-json\/wp\/v2\/comments?post=41861"}],"wp:featuredmedia":[{"embeddable":true,"href":"https:\/\/www.altei.cz\/hifi\/wp-json\/wp\/v2\/media\/41857"}],"wp:attachment":[{"href":"https:\/\/www.altei.cz\/hifi\/wp-json\/wp\/v2\/media?parent=41861"}],"wp:term":[{"taxonomy":"pwb-brand","embeddable":true,"href":"https:\/\/www.altei.cz\/hifi\/wp-json\/wp\/v2\/pwb-brand?post=41861"},{"taxonomy":"product_brand","embeddable":true,"href":"https:\/\/www.altei.cz\/hifi\/wp-json\/wp\/v2\/product_brand?post=41861"},{"taxonomy":"product_cat","embeddable":true,"href":"https:\/\/www.altei.cz\/hifi\/wp-json\/wp\/v2\/product_cat?post=41861"},{"taxonomy":"product_tag","embeddable":true,"href":"https:\/\/www.altei.cz\/hifi\/wp-json\/wp\/v2\/product_tag?post=41861"}],"curies":[{"name":"wp","href":"https:\/\/api.w.org\/{rel}","templated":true}]}}