{"id":41863,"date":"2024-02-14T22:27:53","date_gmt":"2024-02-14T21:27:53","guid":{"rendered":"https:\/\/www.altei.cz\/hifi\/?post_type=product&#038;p=41863"},"modified":"2025-08-15T11:11:04","modified_gmt":"2025-08-15T09:11:04","slug":"weiss-dac205","status":"publish","type":"product","link":"https:\/\/www.altei.cz\/hifi\/produkt\/weiss-dac205\/","title":{"rendered":"Weiss DAC205"},"content":{"rendered":"<p>Weiss DAC205 &#8211; t\u00edmto p\u0159evodn\u00edkem roz\u0161i\u0159te a vylep\u0161ete svou st\u00e1vaj\u00edc\u00ed sestavu . P\u0159evodn\u00edk DAC205 p\u0159ij\u00edm\u00e1 p\u0159\u00edchoz\u00ed digit\u00e1ln\u00ed sign\u00e1l ve form\u00e1tech S\/PDIF nebo AES\/EBU a poskytuje \u010dist\u00fd analogov\u00fd v\u00fdstup, kter\u00fd p\u0159ed\u010d\u00ed p\u0159evodn\u00edky DAC zabudovan\u00e9 ve v\u011bt\u0161in\u011b zvukov\u00fdch rozhran\u00ed, p\u0159ehr\u00e1va\u010d\u016f CD a dal\u0161\u00edch za\u0159\u00edzen\u00ed s digit\u00e1ln\u00edmi zvukov\u00fdmi v\u00fdstupy.<\/p>\n<p><strong>V\u00cdCE MO\u017dNOST\u00cd POU\u017dIT\u00cd<\/strong><\/p>\n<p>P\u0159evodn\u00edk Weiss DAC205 je stejn\u011b vhodn\u00fd pro \u0161pi\u010dkovou hi-fi sestavu jako pro profesion\u00e1ln\u00ed mix\u00e1\u017en\u00ed nebo masteringov\u00e9 studio.<\/p>\n<p>U\u017eivatel\u00e9 hi-fi jej obvykle nap\u00e1jej\u00ed z digit\u00e1ln\u00edho v\u00fdstupu p\u0159ehr\u00e1vac\u00edho za\u0159\u00edzen\u00ed, jako je p\u0159ehr\u00e1va\u010d CD nebo s\u00ed\u0165ov\u00fd p\u0159ehr\u00e1va\u010d. Profesion\u00e1ln\u00ed zvuka\u0159i mohou vstup nap\u00e1jet z v\u00fdstupu S\/PDIF nebo AES\/EBU zvukov\u00e9ho rozhran\u00ed.<\/p>\n<p>Spole\u010dn\u00fdm jmenovatelem je, \u017ee kvalita p\u0159evodu p\u0159evodn\u00edku Weiss DAC205 v\u00fdrazn\u011b p\u0159ed\u010d\u00ed b\u011b\u017en\u00e9 p\u0159evodn\u00edky zabudovan\u00e9 ve v\u011bt\u0161in\u011b takov\u00fdch v\u00fdstupn\u00edch za\u0159\u00edzen\u00ed.<\/p>\n<p><strong>NEDOT\u010cEN\u00c1 KVALITA P\u0158EVODU<\/strong><\/p>\n<p>P\u0159evodn\u00edk Weiss DAC205 p\u0159ij\u00edm\u00e1 vstupn\u00ed digit\u00e1ln\u00ed sign\u00e1l prost\u0159ednictv\u00edm vstup\u016f S\/PDIF nebo TOSLINK (optika), transparentn\u011b jej p\u0159ev\u00e1d\u00ed na analogov\u00fd sign\u00e1l a prost\u0159ednictv\u00edm v\u00fdstup\u016f XLR nebo RCA poskytuje nedot\u010den\u00fd zvuk. K p\u0159evodn\u00edku DAC205 lze sou\u010dasn\u011b p\u0159ipojit dv\u011b r\u016fzn\u00e9 jednotky s digit\u00e1ln\u00edmi v\u00fdstupy. Aktivn\u00ed vstup lze snadno vybrat pomoc\u00ed p\u0159ep\u00edna\u010de vstup\u016f um\u00edst\u011bn\u00e9ho na p\u0159edn\u00edm 0panelu.<\/p>\n<p>Na ka\u017ed\u00fd zvukov\u00fd kan\u00e1l pou\u017e\u00edv\u00e1 ne m\u00e9n\u011b ne\u017e \u010dty\u0159i D\/A p\u0159evodn\u00edky, kter\u00e9 jsou provozov\u00e1ny paraleln\u011b pro lep\u0161\u00ed odstup sign\u00e1lu od \u0161umu. Pro dosa\u017een\u00ed vysok\u00e9ho \u00fatlumu jitteru je kombinov\u00e1no n\u011bkolik sch\u00e9mat p\u0159etaktov\u00e1n\u00ed sign\u00e1lu.<\/p>\n<p><strong>DAC205 POROVN\u00c1N\u00cd<\/strong><\/p>\n<p>Ve srovn\u00e1n\u00ed se sv\u00fdm v\u011bt\u0161\u00edm sourozencem, p\u0159evodn\u00edkem DAC204, nab\u00edz\u00ed p\u0159evodn\u00edk DAC205 stejnou kvalitu p\u0159evodu. Nep\u0159ij\u00edm\u00e1 v\u0161ak digit\u00e1ln\u00ed zvuk p\u0159es USB a neprov\u00e1d\u00ed p\u0159evod DSD na PCM.<\/p>\n<p>P\u0159evodn\u00edk Weiss DAC205 je relativn\u011b cenov\u011b dostupnou variantou k jednotk\u00e1m vy\u0161\u0161\u00ed t\u0159\u00eddy od spole\u010dnosti Weiss Engineering, jako jsou DAC501 a HELIOS. M\u00e1 omezenou sadu funkc\u00ed, ale nab\u00edz\u00ed kvalitu p\u0159evodu daleko vy\u0161\u0161\u00ed ne\u017e konkuren\u010dn\u00ed produkty ve stejn\u00e9 cenov\u00e9 kategorii.<\/p>\n<p>&nbsp;<\/p>\n<p>&nbsp;<\/p>\n","protected":false},"excerpt":{"rendered":"<h4 class=\"ls-l-1\">DA p\u0159evodn\u00edk<\/h4>\n","protected":false},"featured_media":41865,"comment_status":"closed","ping_status":"closed","template":"","meta":[],"pwb-brand":[332],"product_brand":[],"product_cat":[40,336],"product_tag":[33,35,337],"class_list":{"0":"post-41863","1":"product","2":"type-product","3":"status-publish","4":"has-post-thumbnail","6":"pwb-brand-weiss","7":"product_cat-audio-prevodniky","8":"product_cat-weiss-hifi","9":"product_tag-dac","10":"product_tag-prevodniky","11":"product_tag-weiss-hifi","12":"product_shipping_class-z-5-kg","14":"first","15":"onbackorder","16":"taxable","17":"shipping-taxable","18":"purchasable","19":"product-type-simple"},"aioseo_notices":[],"jetpack_sharing_enabled":true,"brands":[{"id":332,"name":"WEISS","slug":"weiss"}],"_links":{"self":[{"href":"https:\/\/www.altei.cz\/hifi\/wp-json\/wp\/v2\/product\/41863","targetHints":{"allow":["GET"]}}],"collection":[{"href":"https:\/\/www.altei.cz\/hifi\/wp-json\/wp\/v2\/product"}],"about":[{"href":"https:\/\/www.altei.cz\/hifi\/wp-json\/wp\/v2\/types\/product"}],"replies":[{"embeddable":true,"href":"https:\/\/www.altei.cz\/hifi\/wp-json\/wp\/v2\/comments?post=41863"}],"wp:featuredmedia":[{"embeddable":true,"href":"https:\/\/www.altei.cz\/hifi\/wp-json\/wp\/v2\/media\/41865"}],"wp:attachment":[{"href":"https:\/\/www.altei.cz\/hifi\/wp-json\/wp\/v2\/media?parent=41863"}],"wp:term":[{"taxonomy":"pwb-brand","embeddable":true,"href":"https:\/\/www.altei.cz\/hifi\/wp-json\/wp\/v2\/pwb-brand?post=41863"},{"taxonomy":"product_brand","embeddable":true,"href":"https:\/\/www.altei.cz\/hifi\/wp-json\/wp\/v2\/product_brand?post=41863"},{"taxonomy":"product_cat","embeddable":true,"href":"https:\/\/www.altei.cz\/hifi\/wp-json\/wp\/v2\/product_cat?post=41863"},{"taxonomy":"product_tag","embeddable":true,"href":"https:\/\/www.altei.cz\/hifi\/wp-json\/wp\/v2\/product_tag?post=41863"}],"curies":[{"name":"wp","href":"https:\/\/api.w.org\/{rel}","templated":true}]}}