{"id":42105,"date":"2024-04-12T15:56:17","date_gmt":"2024-04-12T13:56:17","guid":{"rendered":"https:\/\/www.altei.cz\/hifi\/?post_type=product&#038;p=42105"},"modified":"2026-04-22T14:04:18","modified_gmt":"2026-04-22T12:04:18","slug":"sony-ae125-rf-pro-s","status":"publish","type":"product","link":"https:\/\/www.altei.cz\/hifi\/produkt\/sony-ae125-rf-pro-s\/","title":{"rendered":"SONY AE125-RF-PRO-S"},"content":{"rendered":"<p>SONY AE125-RF-PRO-S vys\u00edla\u010d synchronizace pro Aktivn\u00ed 3D br\u00fdle<\/p>\n","protected":false},"excerpt":{"rendered":"<h4>3D Vys\u00edla\u010d synchronizace<\/h4>\n","protected":false},"featured_media":42106,"comment_status":"closed","ping_status":"closed","template":"","meta":[],"pwb-brand":[461],"product_brand":[],"product_cat":[423,424,189,425],"product_tag":[447],"class_list":{"0":"post-42105","1":"product","2":"type-product","3":"status-publish","4":"has-post-thumbnail","6":"pwb-brand-sony-home-cinema","7":"product_cat-digitalni-projektor","8":"product_cat-high-end-video","9":"product_cat-sony","10":"product_cat-sony-home-cinema","11":"product_tag-3d","13":"first","14":"instock","15":"taxable","16":"shipping-taxable","17":"purchasable","18":"product-type-simple"},"aioseo_notices":[],"jetpack_sharing_enabled":true,"brands":[{"id":461,"name":"SONY Home Cinema","slug":"sony-home-cinema"}],"_links":{"self":[{"href":"https:\/\/www.altei.cz\/hifi\/wp-json\/wp\/v2\/product\/42105","targetHints":{"allow":["GET"]}}],"collection":[{"href":"https:\/\/www.altei.cz\/hifi\/wp-json\/wp\/v2\/product"}],"about":[{"href":"https:\/\/www.altei.cz\/hifi\/wp-json\/wp\/v2\/types\/product"}],"replies":[{"embeddable":true,"href":"https:\/\/www.altei.cz\/hifi\/wp-json\/wp\/v2\/comments?post=42105"}],"wp:featuredmedia":[{"embeddable":true,"href":"https:\/\/www.altei.cz\/hifi\/wp-json\/wp\/v2\/media\/42106"}],"wp:attachment":[{"href":"https:\/\/www.altei.cz\/hifi\/wp-json\/wp\/v2\/media?parent=42105"}],"wp:term":[{"taxonomy":"pwb-brand","embeddable":true,"href":"https:\/\/www.altei.cz\/hifi\/wp-json\/wp\/v2\/pwb-brand?post=42105"},{"taxonomy":"product_brand","embeddable":true,"href":"https:\/\/www.altei.cz\/hifi\/wp-json\/wp\/v2\/product_brand?post=42105"},{"taxonomy":"product_cat","embeddable":true,"href":"https:\/\/www.altei.cz\/hifi\/wp-json\/wp\/v2\/product_cat?post=42105"},{"taxonomy":"product_tag","embeddable":true,"href":"https:\/\/www.altei.cz\/hifi\/wp-json\/wp\/v2\/product_tag?post=42105"}],"curies":[{"name":"wp","href":"https:\/\/api.w.org\/{rel}","templated":true}]}}