{"id":42130,"date":"2024-05-22T18:22:48","date_gmt":"2024-05-22T16:22:48","guid":{"rendered":"https:\/\/www.altei.cz\/hifi\/?post_type=product&#038;p=42130"},"modified":"2025-06-16T09:34:28","modified_gmt":"2025-06-16T07:34:28","slug":"zyx-up-1-lambda-polisher","status":"publish","type":"product","link":"https:\/\/www.altei.cz\/hifi\/produkt\/zyx-up-1-lambda-polisher\/","title":{"rendered":"ZYX UP-1 Lambda Polisher"},"content":{"rendered":"<p><a href=\"https:\/\/www.altei.cz\/hifi\/zyx\/\">ZYX<\/a> UP-1 Lambda polisher je nezbytn\u00e9 a d\u016fle\u017eit\u00e9 p\u0159\u00edslu\u0161enstv\u00ed pro kvalitn\u00ed vibra\u010dn\u00ed \u010di\u0161t\u011bn\u00ed diamantov\u00fdch hrot\u016f gramofonov\u00fdch p\u0159enosek.<\/p>\n<p><strong>Jak pou\u017e\u00edvat<\/strong><\/p>\n<ul>\n<li>Polo\u017ete gramofonov\u00e9 rameno na op\u011brku.<\/li>\n<li>Dr\u017ete UP-1 tak, aby \u010distic\u00ed \/ kart\u00e1\u010dov\u00e1 plocha byla sm\u011brem vzh\u016fru.<\/li>\n<li>Podr\u017ete sp\u00edna\u010d 3-1 nebo 3-2, \u010d\u00edm\u017e rozvibrujte \u010distic\u00ed kart\u00e1\u010dek 2 a zlehka jej zespodu p\u0159itiskn\u011bte k hrotu p\u0159enosky.<\/li>\n<li>\u010cistic\u00ed kart\u00e1\u010dek 2 vibruje ve t\u0159ech sm\u011brech, zleva a zprava, vp\u0159edu a vzadu, nahoru a dol\u016f. Se sou\u010dasn\u00fdm le\u0161t\u011bn\u00edm hrotu se z\u00e1rove\u0148 odstra\u0148uj\u00ed ne\u010distoty a prach. Doba \u010dist\u00edc\u00edho procesu se pohybuje v rozmez\u00ed n\u011bkolika a\u017e deseti sekund.<\/li>\n<li>Ulp\u011bl\u00e9 ne\u010distoty na hrotu se sn\u00e1ze odstran\u00ed zm\u011bk\u010den\u00edm pomoc\u00ed vody \u010di elektrolyticky upravenou vodu.<\/li>\n<li>P\u0159i dokon\u010dov\u00e1n\u00ed posu\u0148te \u010distic\u00ed kart\u00e1\u010dek sm\u011brem dol\u016f nebo dop\u0159edu od hrotu a odpojte jej.<\/li>\n<li>Odstra\u0148te prach ze samotn\u00e9ho za\u0159\u00edzen\u00ed UP-1 pomoc\u00ed samostatn\u00e9ho kart\u00e1\u010dku, kter\u00fd je sou\u010d\u00e1st\u00ed balen\u00ed UP-1.<\/li>\n<\/ul>\n","protected":false},"excerpt":{"rendered":"<h4>Vibra\u010dn\u00ed \u010disti\u010d diamantov\u00fdch hrot\u016f gramofonov\u00fdch p\u0159enosek<\/h4>\n","protected":false},"featured_media":42131,"comment_status":"closed","ping_status":"closed","template":"","meta":[],"pwb-brand":[156],"product_brand":[],"product_cat":[157,232,158],"product_tag":[103,66,159],"class_list":{"0":"post-42130","1":"product","2":"type-product","3":"status-publish","4":"has-post-thumbnail","6":"pwb-brand-zyx","7":"product_cat-gramofonove-prenosky","8":"product_cat-gramofony-prislusenstvi","9":"product_cat-zyx","10":"product_tag-gramofon","11":"product_tag-hi-fi","12":"product_tag-prenoska","13":"product_shipping_class-z-1-kg","15":"first","16":"instock","17":"taxable","18":"shipping-taxable","19":"purchasable","20":"product-type-simple"},"aioseo_notices":[],"jetpack_sharing_enabled":true,"brands":[{"id":156,"name":"ZYX","slug":"zyx"}],"_links":{"self":[{"href":"https:\/\/www.altei.cz\/hifi\/wp-json\/wp\/v2\/product\/42130","targetHints":{"allow":["GET"]}}],"collection":[{"href":"https:\/\/www.altei.cz\/hifi\/wp-json\/wp\/v2\/product"}],"about":[{"href":"https:\/\/www.altei.cz\/hifi\/wp-json\/wp\/v2\/types\/product"}],"replies":[{"embeddable":true,"href":"https:\/\/www.altei.cz\/hifi\/wp-json\/wp\/v2\/comments?post=42130"}],"wp:featuredmedia":[{"embeddable":true,"href":"https:\/\/www.altei.cz\/hifi\/wp-json\/wp\/v2\/media\/42131"}],"wp:attachment":[{"href":"https:\/\/www.altei.cz\/hifi\/wp-json\/wp\/v2\/media?parent=42130"}],"wp:term":[{"taxonomy":"pwb-brand","embeddable":true,"href":"https:\/\/www.altei.cz\/hifi\/wp-json\/wp\/v2\/pwb-brand?post=42130"},{"taxonomy":"product_brand","embeddable":true,"href":"https:\/\/www.altei.cz\/hifi\/wp-json\/wp\/v2\/product_brand?post=42130"},{"taxonomy":"product_cat","embeddable":true,"href":"https:\/\/www.altei.cz\/hifi\/wp-json\/wp\/v2\/product_cat?post=42130"},{"taxonomy":"product_tag","embeddable":true,"href":"https:\/\/www.altei.cz\/hifi\/wp-json\/wp\/v2\/product_tag?post=42130"}],"curies":[{"name":"wp","href":"https:\/\/api.w.org\/{rel}","templated":true}]}}