{"id":42210,"date":"2024-06-21T16:04:51","date_gmt":"2024-06-21T14:04:51","guid":{"rendered":"https:\/\/www.altei.cz\/hifi\/?post_type=product&#038;p=42210"},"modified":"2026-02-16T21:16:23","modified_gmt":"2026-02-16T20:16:23","slug":"me-geithain-me-901k1","status":"publish","type":"product","link":"https:\/\/www.altei.cz\/hifi\/produkt\/me-geithain-me-901k1\/","title":{"rendered":"ME Geithain ME-901K1"},"content":{"rendered":"<p><b>Geithain ME-901K1 referen\u010dn\u00ed poslechov\u00fd monitor<\/b><br \/>\nReferen\u010dn\u00ed t\u0159\u00edp\u00e1smov\u00fd aktivn\u00ed studiov\u00fd poslechov\u00fd syst\u00e9m <a href=\"https:\/\/www.me-geithain.de\/en\/me-901k1.html\" target=\"_blank\" rel=\"noopener\">Geithain ME-901K1<\/a> s ledvinovou charakteristikou vyza\u0159ov\u00e1n\u00ed v p\u00e1smu od 30 Hz do 250 Hz je univerz\u00e1ln\u00ed reprosoustavou pro n\u00e1ro\u010dn\u00e9 audiofily stejn\u011b jako hlavn\u00ed poslech ve zvukov\u00fdch a video studi\u00edch. D\u00edky vyza\u0159ovac\u00ed charakteristice Geithain ME-901K1 na n\u00edzk\u00fdch frekvenc\u00edch jsou v\u00fdrazn\u011b omezeny odrazy od st\u011bn za reprosoustavou a event. odrazy v roz\u00edch poslechov\u00e9ho prostoru. ME Geithain ME-901K1 je optimalizov\u00e1n pro poslechov\u00e9 vzd\u00e1lenosti od 2 m do 4 m. T\u0159i v\u00fdkonov\u00e9 zesilova\u010de MOSFET 1000W-500W-500W s elektronickou v\u00fdhybkou jsou integrov\u00e1ny do zadn\u00ed st\u011bny reproboxu. K syst\u00e9mu jsou dod\u00e1v\u00e1ny r\u016fzn\u00e9 typy v\u00fd\u0161kov\u011b diverzifikovan\u00fdch stojan\u016f jako p\u0159\u00edslu\u0161enstv\u00ed. Propriet\u00e1rn\u00ed mont\u00e1\u017en\u00ed prvky jsou pak zabudov\u00e1ny v boc\u00edch reproduktorov\u00e9 sk\u0159\u00edn\u011b. V p\u0159\u00edpad\u011b pot\u0159eby lze objednat vybaven\u00ed reprosoustavy magnetick\u00fdm st\u00edn\u011bn\u00edm.<\/p>\n<p>Velk\u00e9 v\u011bci \u010dasto vych\u00e1zej\u00ed z mal\u00fdch p\u0159\u00ed\u010din. Model ME-901K1 byl navr\u017een pro hudebn\u00ed nad\u0161ence, kte\u0159\u00ed se cht\u011bj\u00ed legend\u00e1rn\u00ed zvuk modelu <a title=\"ME Geithain RL-901K\" href=\"https:\/\/www.altei.cz\/hifi\/produkt\/me-geithain-rl-901k\/\" target=\"_blank\" rel=\"noopener\">RL-901K<\/a>\u00a0, ale v co nejmen\u0161\u00ed sk\u0159\u00edni. Aby se minimalizovala velikost sk\u0159\u00edn\u011b, je\u00a0 modul zesilova\u010d\u016f um\u00edst\u011bn v samostatn\u00e9 sk\u0159\u00edni.<\/p>\n<p>Geithain ME-901K1 je pro minimalizaci rozm\u011br\u016f s odd\u011blenou v\u00fdkonovou \u010d\u00e1st\u00ed. Zesilova\u010de jsou ve vlastn\u00ed sk\u0159\u00edni ve stejn\u00e9m designu jako reprosoustava.<\/p>\n<p>V\u00fdrobce nab\u00edz\u00ed \u0161irok\u00e9 spektrum povrchov\u00fdch \u00faprav od v\u00fdb\u011bru d\u00fdhov\u00e1n\u00ed a\u017e po matn\u00e9 a leskl\u00e9 laky v odst\u00ednech RAL.<\/p>\n<p>Cena za kus v standardn\u00edm proveden\u00ed \u010dern\u00e1 jasanov\u00e1 d\u00fdha<\/p>\n<p>Obr\u00e1zky jsou pouze orienta\u010dn\u00ed. Vyobrazen\u00e9 proveden\u00ed m\u016f\u017ee obsahovat p\u0159\u00edplatkov\u00e9 proveden\u00ed nebo v\u00fdbavu.<\/p>\n<p>&nbsp;<\/p>\n<p>&nbsp;<\/p>\n<p>&nbsp;<\/p>\n","protected":false},"excerpt":{"rendered":"<p>Kompaktn\u00ed referen\u010dn\u00ed aktivn\u00ed reprosoustava<\/p>\n","protected":false},"featured_media":42211,"comment_status":"closed","ping_status":"closed","template":"","meta":[],"pwb-brand":[539],"product_brand":[],"product_cat":[540,411],"product_tag":[113,542,541,84],"class_list":{"0":"post-42210","1":"product","2":"type-product","3":"status-publish","4":"has-post-thumbnail","6":"pwb-brand-me-geithain","7":"product_cat-geithain","8":"product_cat-reprosoustavy-2","9":"product_tag-aktivni","10":"product_tag-koaxialni","11":"product_tag-kompaktni","12":"product_tag-reprosoustavy","14":"first","15":"onbackorder","16":"taxable","17":"shipping-taxable","18":"purchasable","19":"product-type-simple"},"aioseo_notices":[],"jetpack_sharing_enabled":true,"brands":[{"id":539,"name":"ME Geithain","slug":"me-geithain"}],"_links":{"self":[{"href":"https:\/\/www.altei.cz\/hifi\/wp-json\/wp\/v2\/product\/42210","targetHints":{"allow":["GET"]}}],"collection":[{"href":"https:\/\/www.altei.cz\/hifi\/wp-json\/wp\/v2\/product"}],"about":[{"href":"https:\/\/www.altei.cz\/hifi\/wp-json\/wp\/v2\/types\/product"}],"replies":[{"embeddable":true,"href":"https:\/\/www.altei.cz\/hifi\/wp-json\/wp\/v2\/comments?post=42210"}],"wp:featuredmedia":[{"embeddable":true,"href":"https:\/\/www.altei.cz\/hifi\/wp-json\/wp\/v2\/media\/42211"}],"wp:attachment":[{"href":"https:\/\/www.altei.cz\/hifi\/wp-json\/wp\/v2\/media?parent=42210"}],"wp:term":[{"taxonomy":"pwb-brand","embeddable":true,"href":"https:\/\/www.altei.cz\/hifi\/wp-json\/wp\/v2\/pwb-brand?post=42210"},{"taxonomy":"product_brand","embeddable":true,"href":"https:\/\/www.altei.cz\/hifi\/wp-json\/wp\/v2\/product_brand?post=42210"},{"taxonomy":"product_cat","embeddable":true,"href":"https:\/\/www.altei.cz\/hifi\/wp-json\/wp\/v2\/product_cat?post=42210"},{"taxonomy":"product_tag","embeddable":true,"href":"https:\/\/www.altei.cz\/hifi\/wp-json\/wp\/v2\/product_tag?post=42210"}],"curies":[{"name":"wp","href":"https:\/\/api.w.org\/{rel}","templated":true}]}}