{"id":42225,"date":"2024-07-02T22:46:32","date_gmt":"2024-07-02T20:46:32","guid":{"rendered":"https:\/\/www.altei.cz\/hifi\/?post_type=product&#038;p=42225"},"modified":"2025-06-06T14:02:14","modified_gmt":"2025-06-06T12:02:14","slug":"rtm-splicing-block-r39800","status":"publish","type":"product","link":"https:\/\/www.altei.cz\/hifi\/produkt\/rtm-splicing-block-r39800\/","title":{"rendered":"RTM Splicing Block R39800"},"content":{"rendered":"<p>RTM Splicing Block R39800 je st\u0159ihov\u00fd blok pro p\u00e1sy o \u0161\u00ed\u0159ce\u00a0 1\/4&#8243; (6,3mm). Je vyroben z kvalitn\u00ed hlin\u00edkov\u00e9 slitiny a m\u00e1 dv\u011b st\u0159ihov\u00e9 roviny. Cena za 1 kus.<\/p>\n","protected":false},"excerpt":{"rendered":"<p>St\u0159ihov\u00fd blok<\/p>\n<p>&nbsp;<\/p>\n","protected":false},"featured_media":42226,"comment_status":"open","ping_status":"closed","template":"","meta":[],"pwb-brand":[349],"product_brand":[],"product_cat":[352,350,366],"product_tag":[355],"class_list":{"0":"post-42225","1":"product","2":"type-product","3":"status-publish","4":"has-post-thumbnail","6":"pwb-brand-rtm","7":"product_cat-mgf-pas","8":"product_cat-mgf-pasy","9":"product_cat-rtm","10":"product_tag-mgf-pas-1-4","11":"product_shipping_class-z-2-kg","13":"first","14":"instock","15":"taxable","16":"shipping-taxable","17":"purchasable","18":"product-type-simple"},"aioseo_notices":[],"jetpack_sharing_enabled":true,"brands":[{"id":349,"name":"RTM","slug":"rtm"}],"_links":{"self":[{"href":"https:\/\/www.altei.cz\/hifi\/wp-json\/wp\/v2\/product\/42225","targetHints":{"allow":["GET"]}}],"collection":[{"href":"https:\/\/www.altei.cz\/hifi\/wp-json\/wp\/v2\/product"}],"about":[{"href":"https:\/\/www.altei.cz\/hifi\/wp-json\/wp\/v2\/types\/product"}],"replies":[{"embeddable":true,"href":"https:\/\/www.altei.cz\/hifi\/wp-json\/wp\/v2\/comments?post=42225"}],"wp:featuredmedia":[{"embeddable":true,"href":"https:\/\/www.altei.cz\/hifi\/wp-json\/wp\/v2\/media\/42226"}],"wp:attachment":[{"href":"https:\/\/www.altei.cz\/hifi\/wp-json\/wp\/v2\/media?parent=42225"}],"wp:term":[{"taxonomy":"pwb-brand","embeddable":true,"href":"https:\/\/www.altei.cz\/hifi\/wp-json\/wp\/v2\/pwb-brand?post=42225"},{"taxonomy":"product_brand","embeddable":true,"href":"https:\/\/www.altei.cz\/hifi\/wp-json\/wp\/v2\/product_brand?post=42225"},{"taxonomy":"product_cat","embeddable":true,"href":"https:\/\/www.altei.cz\/hifi\/wp-json\/wp\/v2\/product_cat?post=42225"},{"taxonomy":"product_tag","embeddable":true,"href":"https:\/\/www.altei.cz\/hifi\/wp-json\/wp\/v2\/product_tag?post=42225"}],"curies":[{"name":"wp","href":"https:\/\/api.w.org\/{rel}","templated":true}]}}