{"id":42257,"date":"2024-07-22T17:17:16","date_gmt":"2024-07-22T15:17:16","guid":{"rendered":"https:\/\/www.altei.cz\/hifi\/?post_type=product&#038;p=42257"},"modified":"2025-06-03T14:01:19","modified_gmt":"2025-06-03T12:01:19","slug":"stax-srm-270s","status":"publish","type":"product","link":"https:\/\/www.altei.cz\/hifi\/produkt\/stax-srm-270s\/","title":{"rendered":"STAX SRM-270S"},"content":{"rendered":"<p>STAX SRM-270S je tranzistorov\u00fd nap\u00e1jec\u00ed zesilova\u010d, kter\u00fd je d\u00edky stejnosm\u011brn\u00e9mu nap\u00e1jen\u00ed 12 V vhodn\u00fd i do ter\u00e9nu jako mobiln\u00ed alternativa ke stoln\u00edm zesilova\u010d\u016fm, vy\u017eaduj\u00edc\u00edm pouze s\u00ed\u0165ov\u00e9 nap\u00e1jen\u00ed. S\u00ed\u0165ov\u00fd napaje\u010d je sou\u010d\u00e1st\u00ed dod\u00e1vky.\u00a0 Je vhodn\u00fd pro v\u0161echny audiofily, kte\u0159\u00ed se chystaj\u00ed objevovat kouzlo <a href=\"https:\/\/www.altei.cz\/hifi\/stax\/\">STAX<\/a>. Barva \u010dern\u00e1.<\/p>\n<p><strong>Vylep\u0161en\u00fd odvod tepla<\/strong>: P\u0159edn\u00ed hlin\u00edkov\u00fd panel o tlou\u0161\u0165ce 3 mm a<br \/>\nv\u011bt\u0161\u00ed hlin\u00edkov\u00fd kryt pro efektivn\u00ed p\u0159enos tepla.<\/p>\n<p><strong>\u0160pi\u010dkov\u00e1 konektivita<\/strong>: RCA kol\u00edkov\u00e9 konektory a 3 mm tlust\u00fd p\u0159edn\u00ed hlin\u00edkov\u00fd<br \/>\npanel zaji\u0161\u0165uj\u00ed dokonal\u00e9 \u0159e\u0161en\u00ed.<\/p>\n<p><strong>Tranzistorov\u00fd zesilova\u010d s n\u00edzk\u00fdm \u0161umem<\/strong>: Zvolen\u00fd pro prvn\u00ed zesilovac\u00ed stupe\u0148,<br \/>\nspojen\u00fd s propracovan\u00fdm obvodem emitorov\u00e9ho sledova\u010de na v\u00fdstupn\u00edm stupni<br \/>\npro jedine\u010dn\u011b \u010dist\u00fd sign\u00e1l.<\/p>\n<p><strong>Kompaktn\u00ed \u0161asi<\/strong>: Pro snadn\u00e9 um\u00edst\u011bn\u00ed, p\u0159epravu a estetiku.<\/p>\n<p><strong>Flexibiln\u00ed instalace<\/strong>: Svorky PARALLEL OUT umo\u017e\u0148uj\u00ed snadn\u00e9 zapojen\u00ed do<br \/>\nva\u0161eho st\u00e1vaj\u00edc\u00edho audio syst\u00e9mu, a\u0165 u\u017e pro poslech hudby \u010di pro vylep\u0161en\u00ed<br \/>\nfilmov\u00fdch z\u00e1\u017eitk\u016f, a\u0165 u\u017e si je vychutn\u00e1v\u00e1te na va\u0161em pracovn\u00edm stole nebo t\u0159eba<br \/>\nv posteli.<\/p>\n<p>U\u017eijte si nekompromisn\u00ed kvalitu elektrostatick\u00e9 reprodukce japonsk\u00e9 zna\u010dky <a href=\"https:\/\/www.altei.cz\/hifi\/stax\/\">STAX<\/a>, kter\u00e1 ne nadarmo naz\u00fdv\u00e1 sv\u00e1 sluch\u00e1tka EARSPEAKERS.<\/p>\n<p><a href=\"https:\/\/www.hifiroom.cz\/recenze\/stax-srs-x1000-t26706.html\"><strong>HIFIroom recenze setu STAX SRS-X1000<\/strong><\/a><\/p>\n<p><strong>UNBOXING<\/strong><\/p>\n<div class='avia-iframe-wrap'><iframe loading=\"lazy\" title=\"Unboxing the all new STAX SRS-X1000 electrostatic audio system\" width=\"1500\" height=\"844\" src=\"https:\/\/www.youtube.com\/embed\/1WNuas0NqXw?start=215&#038;feature=oembed\" frameborder=\"0\" allow=\"accelerometer; autoplay; clipboard-write; encrypted-media; gyroscope; picture-in-picture; web-share\" referrerpolicy=\"strict-origin-when-cross-origin\" allowfullscreen><\/iframe><\/div>\n","protected":false},"excerpt":{"rendered":"<h4>Nap\u00e1jec\u00ed zesilova\u010d STAX<\/h4>\n","protected":false},"featured_media":42255,"comment_status":"closed","ping_status":"closed","template":"","meta":[],"pwb-brand":[330],"product_brand":[],"product_cat":[40,117,121,275],"product_tag":[66,123,277],"class_list":{"0":"post-42257","1":"product","2":"type-product","3":"status-publish","4":"has-post-thumbnail","6":"pwb-brand-stax","7":"product_cat-audio-prevodniky","8":"product_cat-sluchatka","9":"product_cat-sluchatkove-zesilovace","10":"product_cat-stax","11":"product_tag-hi-fi","12":"product_tag-sluchatkovy-zesilovac","13":"product_tag-stax","14":"product_shipping_class-z-5-kg","16":"first","17":"instock","18":"taxable","19":"shipping-taxable","20":"purchasable","21":"product-type-simple"},"aioseo_notices":[],"jetpack_sharing_enabled":true,"brands":[{"id":330,"name":"STAX","slug":"stax"}],"_links":{"self":[{"href":"https:\/\/www.altei.cz\/hifi\/wp-json\/wp\/v2\/product\/42257","targetHints":{"allow":["GET"]}}],"collection":[{"href":"https:\/\/www.altei.cz\/hifi\/wp-json\/wp\/v2\/product"}],"about":[{"href":"https:\/\/www.altei.cz\/hifi\/wp-json\/wp\/v2\/types\/product"}],"replies":[{"embeddable":true,"href":"https:\/\/www.altei.cz\/hifi\/wp-json\/wp\/v2\/comments?post=42257"}],"wp:featuredmedia":[{"embeddable":true,"href":"https:\/\/www.altei.cz\/hifi\/wp-json\/wp\/v2\/media\/42255"}],"wp:attachment":[{"href":"https:\/\/www.altei.cz\/hifi\/wp-json\/wp\/v2\/media?parent=42257"}],"wp:term":[{"taxonomy":"pwb-brand","embeddable":true,"href":"https:\/\/www.altei.cz\/hifi\/wp-json\/wp\/v2\/pwb-brand?post=42257"},{"taxonomy":"product_brand","embeddable":true,"href":"https:\/\/www.altei.cz\/hifi\/wp-json\/wp\/v2\/product_brand?post=42257"},{"taxonomy":"product_cat","embeddable":true,"href":"https:\/\/www.altei.cz\/hifi\/wp-json\/wp\/v2\/product_cat?post=42257"},{"taxonomy":"product_tag","embeddable":true,"href":"https:\/\/www.altei.cz\/hifi\/wp-json\/wp\/v2\/product_tag?post=42257"}],"curies":[{"name":"wp","href":"https:\/\/api.w.org\/{rel}","templated":true}]}}