{"id":42363,"date":"2024-09-02T15:28:34","date_gmt":"2024-09-02T13:28:34","guid":{"rendered":"https:\/\/www.altei.cz\/hifi\/?post_type=product&#038;p=42363"},"modified":"2026-03-18T22:07:55","modified_gmt":"2026-03-18T21:07:55","slug":"ta-mp-2000-r-g3","status":"publish","type":"product","link":"https:\/\/www.altei.cz\/hifi\/produkt\/ta-mp-2000-r-g3\/","title":{"rendered":"T+A MP 2000 R G3"},"content":{"rendered":"<p>T+A MP 2000 R je multizdrojov\u00fd p\u0159ehr\u00e1va\u010d s DSD\/PCM DA p\u0159evodn\u00edkem.\u00a0 Za\u0159\u00edzen\u00ed zalo\u017een\u00e9 na \u0161pi\u010dkov\u00e9 technologii \u0159ady HV vybaven\u00e9 kvalitn\u00edm transportem CD a schopnost\u00ed zvl\u00e1dnout \u0161irokou \u0161k\u00e1lu digit\u00e1ln\u00edch hudebn\u00edch form\u00e1t\u016f. Sekce p\u0159evodn\u00edku je tak\u00e9 jedine\u010dn\u00e1: T+A True 1-Bit DSD 512 a 384 kHz PCM.<br \/>\nMP 2000 R tak\u00e9 ovl\u00e1d\u00e1 jednotliv\u00e1 p\u0159ipojen\u00e1 za\u0159\u00edzen\u00ed pomoc\u00ed d\u00e1lkov\u00e9ho ovlada\u010de syst\u00e9mu, d\u00e1lkov\u00e9ho ovl\u00e1d\u00e1n\u00ed nebo alternativn\u011b aplikac\u00ed T+A Control.<br \/>\nK dispozici je tak\u00e9 ethernetov\u00fd port pro aktualizace softwaru a p\u0159ipojen\u00ed k syst\u00e9m\u016fm dom\u00e1c\u00ed automatizace.<br \/>\nCel\u00e1 sk\u0159\u00ed\u0148, v\u010detn\u011b z\u00e1kladn\u00ed vnit\u0159n\u00ed desky, se skl\u00e1d\u00e1 z masivn\u00edho hlin\u00edku fr\u00e9zovan\u00e9ho z masivn\u00edch blok\u016f a v\u00fdlisk\u016f. Komponenty vn\u011bj\u0161\u00edho pouzdra jsou pe\u010dliv\u011b ru\u010dn\u011b brou\u0161eny p\u0159ed t\u00edm, ne\u017e jsou opat\u0159eny tvrd\u00fdm anodizovan\u00fdm povrchem.<\/p>\n<p>Ke zdroj\u016fm p\u0159ehr\u00e1v\u00e1n\u00ed jako jsou CD, tuner FM\/FM-HD\/DAB+, internetov\u00fd rozhlas p\u0159ibyla nyn\u00ed i t\u0159et\u00ed generace architektury ASA (Audiophile Streaming Architecture) p\u0159edstavuje audiofilsk\u00e9 spojen\u00ed p\u0159ehr\u00e1va\u010de T+A MP 2000 R G3 s okoln\u00edm sv\u011btem. P\u0159i jej\u00edm v\u00fdvoji se u T+A zam\u011b\u0159ili na maximalizaci zvukov\u00e9ho potenci\u00e1lu a rozmanitosti zdroj\u016f. Proto jej\u00ed s\u00ed\u0165ov\u00e9 desky zpracov\u00e1vaj\u00ed p\u0159\u00edchoz\u00ed sign\u00e1ly WLAN, LAN a USB v re\u017eimu master, co\u017e umo\u017e\u0148uje T+A MP 2000 R G3 p\u0159istupovat nejen ke streamovac\u00edm slu\u017eb\u00e1m, jako jsou Deezer, Qobuz a Tidal, ale tak\u00e9 k lok\u00e1ln\u00edm s\u00ed\u0165ov\u00fdm soubor\u016fm a\u017e do 384\/32 (HD) a tak\u00e9 k p\u0159\u00edchoz\u00edm stream\u016fm z mobiln\u00edch za\u0159\u00edzen\u00ed prost\u0159ednictv\u00edm slu\u017eeb Connect nebo AirPlay v audiofilsk\u00e9 kvalit\u011b. Krom\u011b pohodln\u00fdch slu\u017eeb Connect nab\u00edz\u00ed MP 2000 R G3 tak\u00e9 mo\u017enost p\u0159ehr\u00e1vat nekomprimovan\u00e9 soubory Flac prost\u0159ednictv\u00edm technologie Bluetooth aptX. Poprv\u00e9 v historii spole\u010dnosti T+A je ASA G3 schopen p\u0159ehr\u00e1vat soubory DSD nativn\u011b ze s\u00edt\u011b. Pro p\u0159ehr\u00e1v\u00e1n\u00ed v nejvy\u0161\u0161\u00ed kvalit\u011b je tento datov\u00fd tok p\u0159ed\u00e1v\u00e1n p\u0159evodn\u00edku T+A True-1Bit, kter\u00fd zpracov\u00e1v\u00e1 soubory DSD v jejich nativn\u00edm datov\u00e9m toku bez ztr\u00e1ty kvality.<br \/>\nJ\u00e1drem konstruk\u010dn\u00edho p\u0159\u00edstupu <a title=\"T+A R SERIES\" href=\"https:\/\/www.altei.cz\/hifi\/ta-r-series\/\">T+A<\/a> je v\u00e1\u0161e\u0148 pro co nej\u010dist\u0161\u00ed hudebn\u00ed z\u00e1\u017eitek, nezka\u017een\u00fd ru\u0161iv\u00fdmi vlivy nebo \u0161umem. T+A MP 2000 R G3 nezpracov\u00e1v\u00e1 pouze bezkonkuren\u010dn\u00ed mno\u017estv\u00ed sign\u00e1l\u016f, ale jde je\u0161t\u011b d\u00e1l a pomoc\u00ed syst\u00e9mu T+A DASS (Digital Analogue Separation System), kter\u00fd zcela odd\u011bluje digit\u00e1ln\u00ed a analogov\u00e9 cesty. V\u00fdsledkem je analogov\u00fd v\u00fdstupn\u00ed stupe\u0148 s velkou \u0161\u00ed\u0159kou p\u00e1sma, kter\u00fd p\u0159en\u00e1\u0161\u00ed ka\u017ed\u00fd sign\u00e1l po nejkrat\u0161\u00ed a nej\u010dist\u0161\u00ed cest\u011b do symetrick\u00fdch (XLR) nebo nesymetrick\u00fdch (RCA) v\u00fdstupn\u00edch konektor\u016f.Pro snadn\u00e9 ovl\u00e1d\u00e1n\u00ed je MP 2000 R G3 standardn\u011b vybaven syst\u00e9mov\u00fdm d\u00e1lkov\u00fdm ovlada\u010dem SRC 2. A pro ty, kte\u0159\u00ed se pohybuj\u00ed sp\u00ed\u0161e v digit\u00e1ln\u00ed sf\u00e9\u0159e, nab\u00edz\u00ed aplikace T+A MusicNavigator G3, dostupn\u00e1 ve v\u0161ech obchodech s aplikacemi, intuitivn\u00ed \u0159\u00eddic\u00ed centrum pro MP 2000 R G3 a v\u0161echna p\u0159ipojen\u00e1 za\u0159\u00edzen\u00ed \u0159ady R spole\u010dnosti <a href=\"http:\/\/www.ta-hifi.com\" target=\"_blank\" rel=\"noopener\">T+A<\/a> .<br \/>\nDA p\u0159evodn\u00edk: PCM dvojit\u00fd diferenci\u00e1ln\u00ed \u010dty\u0159n\u00e1sobn\u00fd p\u0159evodn\u00edk a\u017e do 32 bit \/ 384 kHz, DSD 512 s nativn\u00edm 1 bitov\u00fdm T+A p\u0159evodem | V\u00fdstupn\u00ed obvody v proveden\u00ed &#8222;double mono&#8220; s omezovac\u00edm HP filtrem 100 kHz | Hmotnost: 8 kg | Rozm\u011bry (V x \u0160 x H) 8,2 x 46 x 40 cm | V\u010detn\u011b d\u00e1lkov\u00e9ho syt\u00e9mov\u00e9ho ovlada\u010de SRC 1. Standardn\u011b se dod\u00e1v\u00e1 v barv\u00e1ch st\u0159\u00edbrn\u00e9 a \u010dern\u00e9.<\/p>\n<p>&nbsp;<\/p>\n","protected":false},"excerpt":{"rendered":"<h4 class=\"ls-l-1\">Multizdrojov\u00fd p\u0159ehr\u00e1va\u010d s DSD\/PCM DA p\u0159evodn\u00edkem<\/h4>\n","protected":false},"featured_media":37199,"comment_status":"closed","ping_status":"closed","template":"","meta":[],"pwb-brand":[152],"product_brand":[],"product_cat":[40,39,23,24,25,31,32],"product_tag":[42,43,44,45,46,47,48,33,49,94,50,51,52,53,54,35,55,36,28,57,38,59,60,61,62],"class_list":{"0":"post-42363","1":"product","2":"type-product","3":"status-publish","4":"has-post-thumbnail","6":"pwb-brand-ta","7":"product_cat-audio-prevodniky","8":"product_cat-cd-prehravace","9":"product_cat-roon-ready","10":"product_cat-roon-tested","11":"product_cat-streamovaci-prehravace","12":"product_cat-ta","13":"product_cat-ta-roon","14":"product_tag-aac","15":"product_tag-aiff","16":"product_tag-alac","17":"product_tag-asynchronni","18":"product_tag-bluetooth","19":"product_tag-cd-prehravac","20":"product_tag-dab","21":"product_tag-dac","22":"product_tag-dsd","23":"product_tag-dsd512","24":"product_tag-flac","25":"product_tag-fm-tuner","26":"product_tag-internetove-radio","27":"product_tag-mp3","28":"product_tag-pcm","29":"product_tag-prevodniky","30":"product_tag-qobuz","31":"product_tag-roon-ready","32":"product_tag-sitove-prehravace","33":"product_tag-streaming","34":"product_tag-ta-hifi","35":"product_tag-tidal","36":"product_tag-usb","37":"product_tag-wav","38":"product_tag-wma","40":"first","41":"instock","42":"taxable","43":"shipping-taxable","44":"purchasable","45":"product-type-simple"},"aioseo_notices":[],"jetpack_sharing_enabled":true,"brands":[{"id":152,"name":"T+A","slug":"ta"}],"_links":{"self":[{"href":"https:\/\/www.altei.cz\/hifi\/wp-json\/wp\/v2\/product\/42363","targetHints":{"allow":["GET"]}}],"collection":[{"href":"https:\/\/www.altei.cz\/hifi\/wp-json\/wp\/v2\/product"}],"about":[{"href":"https:\/\/www.altei.cz\/hifi\/wp-json\/wp\/v2\/types\/product"}],"replies":[{"embeddable":true,"href":"https:\/\/www.altei.cz\/hifi\/wp-json\/wp\/v2\/comments?post=42363"}],"wp:featuredmedia":[{"embeddable":true,"href":"https:\/\/www.altei.cz\/hifi\/wp-json\/wp\/v2\/media\/37199"}],"wp:attachment":[{"href":"https:\/\/www.altei.cz\/hifi\/wp-json\/wp\/v2\/media?parent=42363"}],"wp:term":[{"taxonomy":"pwb-brand","embeddable":true,"href":"https:\/\/www.altei.cz\/hifi\/wp-json\/wp\/v2\/pwb-brand?post=42363"},{"taxonomy":"product_brand","embeddable":true,"href":"https:\/\/www.altei.cz\/hifi\/wp-json\/wp\/v2\/product_brand?post=42363"},{"taxonomy":"product_cat","embeddable":true,"href":"https:\/\/www.altei.cz\/hifi\/wp-json\/wp\/v2\/product_cat?post=42363"},{"taxonomy":"product_tag","embeddable":true,"href":"https:\/\/www.altei.cz\/hifi\/wp-json\/wp\/v2\/product_tag?post=42363"}],"curies":[{"name":"wp","href":"https:\/\/api.w.org\/{rel}","templated":true}]}}