{"id":42366,"date":"2024-09-02T15:34:11","date_gmt":"2024-09-02T13:34:11","guid":{"rendered":"https:\/\/www.altei.cz\/hifi\/?post_type=product&#038;p=42366"},"modified":"2026-03-18T22:07:10","modified_gmt":"2026-03-18T21:07:10","slug":"ta-mp-2500-r-g3","status":"publish","type":"product","link":"https:\/\/www.altei.cz\/hifi\/produkt\/ta-mp-2500-r-g3\/","title":{"rendered":"T+A MP 2500 R G3"},"content":{"rendered":"<p>T+A MP 2500 R G3 multizdrojov\u00fd SACD\/CD p\u0159ehr\u00e1va\u010d s DSD\/PCM DA p\u0159evodn\u00edkem je za\u0159\u00edzen\u00ed zalo\u017een\u00e9 na technologii \u0159ady HV vybaven\u00e9 kvalitn\u00edm transportem SACD\/CD a schopnost\u00ed zvl\u00e1dnout \u0161irokou \u0161k\u00e1lu digit\u00e1ln\u00edch hudebn\u00edch form\u00e1t\u016f.<br \/>\n<a title=\"T+A MP 2500 R G3\" href=\"https:\/\/www.altei.cz\/hifi\/produkt\/ta-mp-2500-r-g3\/\" target=\"_blank\" rel=\"noopener\">MP 2500 R G3<\/a> tak\u00e9 ovl\u00e1d\u00e1 jednotliv\u00e1 p\u0159ipojen\u00e1 za\u0159\u00edzen\u00ed pomoc\u00ed d\u00e1lkov\u00e9ho ovlada\u010de syst\u00e9mu SRC 1 nebo alternativn\u011b aplikac\u00ed MusicNavigator G3 App.<br \/>\nMultizdrojov\u00fd SACD\/CD p\u0159ehr\u00e1va\u010d s DSD\/PCM DA p\u0159evodn\u00edkem. Zdroje: SACD\/CD, tuner FM\/FM-HD\/DAB+, internetov\u00fd rozhlas, klient pro streamy s vysok\u00fdm rozli\u0161en\u00edm s podporou slu\u017eeb Quobuz a Tidal a pro streamov\u00e1n\u00ed p\u0159es Bluetooth a digit\u00e1ln\u00ed audio vstupy | DA p\u0159evodn\u00edk: PCM dvojit\u00fd diferenci\u00e1ln\u00ed \u010dty\u0159n\u00e1sobn\u00fd p\u0159evodn\u00edk a\u017e do 32 bit \/ 384 kHz, DSD 512 (22 MHz) s nativn\u00edm 1 bitov\u00fdm T+A p\u0159evodem | V\u00fdstupn\u00ed obvody v proveden\u00ed &#8222;double mono&#8220; s omezovac\u00edm HP filtrem 120 kHz | Hmotnost: 12,5 kg | Rozm\u011bry (V x \u0160 x H) 16,5 x 46 x 40 cm | V\u010detn\u011b syst\u00e9mov\u00e9ho d\u00e1lkov\u00e9ho ovlada\u010de SRC 2. Mo\u017enosti roz\u0161\u00ed\u0159en\u00ed: \u0158\u00edzen\u00ed p\u0159es IP. Standardn\u011b se dod\u00e1v\u00e1 v barv\u00e1ch st\u0159\u00edbrn\u00e9 a \u010dern\u00e9.<br \/>\n<span class=\"tlid-translation translation\" lang=\"cs\">Za\u0159\u00edzen\u00ed je takt\u00e9\u017e mo\u017en\u00e9 ovl\u00e1dat pomoc\u00ed aplikace T+A MusicNavigator G3, kter\u00e1 je k dispozici v <a href=\"https:\/\/apps.apple.com\/cz\/app\/t-a-musicnavigator\/id1326150970?l=cs\">App Store<\/a> a <a href=\"https:\/\/play.google.com\/store\/apps\/details?id=de.tahifi.musicnavigator.ui\">Google Play<\/a>.<\/span><\/p>\n<p>&nbsp;<\/p>\n<p>T\u0159et\u00ed generace architektury ASA (Audiophile Streaming Architecture) p\u0159edstavuje audiofilsk\u00e9 spojen\u00ed p\u0159ehr\u00e1va\u010de MP 2500 R G3 s on-line sv\u011btem. P\u0159i jej\u00edm v\u00fdvoji byl kladen d\u016fraz na maximalizaci zvukov\u00e9ho potenci\u00e1lu a rozmanitosti zdroj\u016f. Proto jej\u00ed s\u00ed\u0165ov\u00e9 desky zpracov\u00e1vaj\u00ed p\u0159\u00edchoz\u00ed sign\u00e1ly WLAN, LAN a USB v hlavn\u00edm re\u017eimu, co\u017e umo\u017e\u0148uje MP 2500 R G3 p\u0159istupovat nejen ke streamovac\u00edm slu\u017eb\u00e1m, jako jsou Deezer, Qobuz a Tidal, ale tak\u00e9 k lok\u00e1ln\u00edm s\u00ed\u0165ov\u00fdm soubor\u016fm a\u017e do 384\/32 (HD) a tak\u00e9 k p\u0159\u00edchoz\u00edm stream\u016fm z mobiln\u00edch za\u0159\u00edzen\u00ed prost\u0159ednictv\u00edm slu\u017eeb Connect nebo AirPlay v audiofilsk\u00e9 kvalit\u011b. Krom\u011b pohodln\u00fdch slu\u017eeb Connect nab\u00edz\u00ed MP 2500 R G3 tak\u00e9 mo\u017enost p\u0159ehr\u00e1vat nekomprimovan\u00e9 soubory Flac prost\u0159ednictv\u00edm technologie Bluetooth aptX. Poprv\u00e9 v historii spole\u010dnosti T+A je ASA G3 schopen p\u0159ehr\u00e1vat soubory DSD nativn\u011b ze s\u00edt\u011b. Pro p\u0159ehr\u00e1v\u00e1n\u00ed v nejvy\u0161\u0161\u00ed kvalit\u011b je tento datov\u00fd tok p\u0159ed\u00e1v\u00e1n p\u0159evodn\u00edku T+A True-1Bit, kter\u00fd zpracov\u00e1v\u00e1 soubory DSD v jejich nativn\u00edm datov\u00e9m toku bez ztr\u00e1ty kvality.<\/p>\n<p>&nbsp;<\/p>\n<p>&nbsp;<\/p>\n","protected":false},"excerpt":{"rendered":"<h4 class=\"ls-l-1\">Multizdrojov\u00fd SACD p\u0159ehr\u00e1va\u010d s DSD\/PCM DA p\u0159evodn\u00edkem<\/h4>\n","protected":false},"featured_media":42638,"comment_status":"closed","ping_status":"closed","template":"","meta":[],"pwb-brand":[152],"product_brand":[],"product_cat":[40,39,23,24,95,25,31,32],"product_tag":[42,43,142,44,96,45,46,47,48,33,49,94,50,51,68,52,53,54,97,35,55,36,98,56,28,57,38,59,99,60,61,62],"class_list":{"0":"post-42366","1":"product","2":"type-product","3":"status-publish","4":"has-post-thumbnail","6":"pwb-brand-ta","7":"product_cat-audio-prevodniky","8":"product_cat-cd-prehravace","9":"product_cat-roon-ready","10":"product_cat-roon-tested","11":"product_cat-sacd-prehravace","12":"product_cat-streamovaci-prehravace","13":"product_cat-ta","14":"product_cat-ta-roon","15":"product_tag-aac","16":"product_tag-aiff","17":"product_tag-airplay","18":"product_tag-alac","19":"product_tag-aptx","20":"product_tag-asynchronni","21":"product_tag-bluetooth","22":"product_tag-cd-prehravac","23":"product_tag-dab","24":"product_tag-dac","25":"product_tag-dsd","26":"product_tag-dsd512","27":"product_tag-flac","28":"product_tag-fm-tuner","29":"product_tag-hv-technologie","30":"product_tag-internetove-radio","31":"product_tag-mp3","32":"product_tag-pcm","33":"product_tag-pcm384","34":"product_tag-prevodniky","35":"product_tag-qobuz","36":"product_tag-roon-ready","37":"product_tag-sacd","38":"product_tag-sacd-prehravac","39":"product_tag-sitove-prehravace","40":"product_tag-streaming","41":"product_tag-ta-hifi","42":"product_tag-tidal","43":"product_tag-upnp-av","44":"product_tag-usb","45":"product_tag-wav","46":"product_tag-wma","48":"first","49":"instock","50":"taxable","51":"shipping-taxable","52":"purchasable","53":"product-type-simple"},"aioseo_notices":[],"jetpack_sharing_enabled":true,"brands":[{"id":152,"name":"T+A","slug":"ta"}],"_links":{"self":[{"href":"https:\/\/www.altei.cz\/hifi\/wp-json\/wp\/v2\/product\/42366","targetHints":{"allow":["GET"]}}],"collection":[{"href":"https:\/\/www.altei.cz\/hifi\/wp-json\/wp\/v2\/product"}],"about":[{"href":"https:\/\/www.altei.cz\/hifi\/wp-json\/wp\/v2\/types\/product"}],"replies":[{"embeddable":true,"href":"https:\/\/www.altei.cz\/hifi\/wp-json\/wp\/v2\/comments?post=42366"}],"wp:featuredmedia":[{"embeddable":true,"href":"https:\/\/www.altei.cz\/hifi\/wp-json\/wp\/v2\/media\/42638"}],"wp:attachment":[{"href":"https:\/\/www.altei.cz\/hifi\/wp-json\/wp\/v2\/media?parent=42366"}],"wp:term":[{"taxonomy":"pwb-brand","embeddable":true,"href":"https:\/\/www.altei.cz\/hifi\/wp-json\/wp\/v2\/pwb-brand?post=42366"},{"taxonomy":"product_brand","embeddable":true,"href":"https:\/\/www.altei.cz\/hifi\/wp-json\/wp\/v2\/product_brand?post=42366"},{"taxonomy":"product_cat","embeddable":true,"href":"https:\/\/www.altei.cz\/hifi\/wp-json\/wp\/v2\/product_cat?post=42366"},{"taxonomy":"product_tag","embeddable":true,"href":"https:\/\/www.altei.cz\/hifi\/wp-json\/wp\/v2\/product_tag?post=42366"}],"curies":[{"name":"wp","href":"https:\/\/api.w.org\/{rel}","templated":true}]}}