{"id":42373,"date":"2024-09-03T14:52:56","date_gmt":"2024-09-03T12:52:56","guid":{"rendered":"https:\/\/www.altei.cz\/hifi\/?post_type=product&#038;p=42373"},"modified":"2025-03-03T12:35:17","modified_gmt":"2025-03-03T11:35:17","slug":"dr-feickert-analogue-volare-25","status":"publish","type":"product","link":"https:\/\/www.altei.cz\/hifi\/produkt\/dr-feickert-analogue-volare-25\/","title":{"rendered":"Dr. Feickert Analogue \u2013 Volare 25"},"content":{"rendered":"<p><a title=\"Dr. Feickert Analogue\" href=\"https:\/\/www.altei.cz\/hifi\/dr-feickert-analogue\/\">Dr. Feickert Analogue \u2013 Volare 25 neboli Venticinque<\/a> je gramofonov\u00e9 \u0161asi s dvoumotorov\u00fdm \u0159em\u00ednkov\u00fdm pohonem, kter\u00fd poch\u00e1z\u00ed z top modelu Blackbird. Rychlosti 78,45,33 ot\/min p\u0159ep\u00ednan\u00e9 elektronicky. \u0160asi je\u00a0osazeno rovn\u00fdm ramenem o d\u00e9lce 10&#8243; typu DFA W10 a je vybaveno inverzn\u00edm lo\u017eiskem tal\u00ed\u0159e. Barevn\u00e9 proveden\u00ed horn\u00ed deska st\u0159\u00edbrn\u00fd nebo \u010dern\u00fd hlin\u00edk \/ obvod \u010dern\u00fd matn\u00fd.<\/p>\n<p>P\u0159\u00e1n\u00ed audiofil\u016f, zda by nemohli m\u00edt dvoumotorov\u00e9 \u0161asi men\u0161\u00ed velikosti a s ramenem bylo vysly\u0161eno! Dr. Feickert vynalo\u017eil \u010das a ke 25. v\u00fdro\u010d\u00ed zalo\u017een\u00ed spole\u010dnosti vyvinul p\u011bkn\u011b kompaktn\u00ed a elegantn\u00ed gramofon Volare 25 tentokr\u00e1te v\u010detn\u011b ramene DFA-W10. Tento nov\u00fd design m\u00e1 v\u0161echny dobr\u00e9 vlastnosti\u00a0 \u201evelk\u00fdch\u201c gramofon\u016f\u00a0 z d\u00edlny Dr. Feickert Analogue \u2013 \u0161pi\u010dkov\u00fd pohon poch\u00e1zej\u00edc\u00ed z \u0161asi Blackbird, perfektn\u00ed zvukovou neutralitu, eleganci, kvalitn\u00ed zpracov\u00e1n\u00ed a odolnost.<\/p>\n<p>\u0160asi m\u00edrn\u011b vyrostlo oproti <a title=\"Dr. Feickert Analogue \u2013 Volare\" href=\"https:\/\/www.altei.cz\/hifi\/produkt\/dr-feickert-analogue-volare\/\">Volare<\/a> aby se ve\u0161ly oba motory a elektronika.<\/p>\n<p>Testov\u00e1n\u00ed a cizelov\u00e1n\u00ed v\u00fdsledku p\u0159ineslo nov\u00fd design, kter\u00fd bude m\u011b\u0159\u00edtkem nejen v dan\u00e9m cenov\u00e9m rozp\u011bt\u00ed. Dr. Feickert Analogue \u2013 Volare je ji\u017e nov\u00fd standard, kter\u00fd v limitovan\u00e9 edici p\u0159in\u00e1\u0161\u00ed v\u00edce za p\u0159ijatelnou cenu.<\/p>\n<p>Douf\u00e1me, \u017ee v\u00e1s toto skv\u011bl\u00e9 \u0161asi nadchne \u2013 ale mus\u00edte si posp\u00ed\u0161it, nebo\u0165 je celosv\u011btov\u011b k dispozici pohu\u00fdch 100 kus\u016f.<\/p>\n<p>Rameno DFA-W10 je sou\u010d\u00e1st\u00ed dod\u00e1vky, gramofon se dod\u00e1v\u00e1 bez p\u0159enosky nebo v\u010detn\u011b p\u0159enosky (<a href=\"https:\/\/www.altei.cz\/hifi\/produkt\/dr-feickert-analogue-volare-25\/\"> Volare 25-set<\/a>).<\/p>\n<p>&nbsp;<\/p>\n<p>Pozn\u00e1mka: \u0160asi vybaleno<\/p>\n","protected":false},"excerpt":{"rendered":"<h4>Limitovan\u00e1 edice gramofonov\u00e9ho \u0161asi s ramenem<\/h4>\n","protected":false},"featured_media":42374,"comment_status":"closed","ping_status":"closed","template":"","meta":[],"pwb-brand":[327],"product_brand":[],"product_cat":[281,100,102,22],"product_tag":[545,103,238,467,346,291],"class_list":{"0":"post-42373","1":"product","2":"type-product","3":"status-publish","4":"has-post-thumbnail","6":"pwb-brand-feickert","7":"product_cat-feickert","8":"product_cat-gramofonova-chassis","9":"product_cat-gramofony","10":"product_cat-high-end-audio","11":"product_tag-dvoumotorove","12":"product_tag-gramofon","13":"product_tag-gramofonove-rameno","14":"product_tag-gramofonove-sasi","15":"product_tag-limited-edition","16":"product_tag-reminkovy-pohon","18":"first","19":"instock","20":"taxable","21":"shipping-taxable","22":"purchasable","23":"product-type-simple"},"aioseo_notices":[],"jetpack_sharing_enabled":true,"brands":[{"id":327,"name":"Dr. Feickert Analogue","slug":"feickert"}],"_links":{"self":[{"href":"https:\/\/www.altei.cz\/hifi\/wp-json\/wp\/v2\/product\/42373","targetHints":{"allow":["GET"]}}],"collection":[{"href":"https:\/\/www.altei.cz\/hifi\/wp-json\/wp\/v2\/product"}],"about":[{"href":"https:\/\/www.altei.cz\/hifi\/wp-json\/wp\/v2\/types\/product"}],"replies":[{"embeddable":true,"href":"https:\/\/www.altei.cz\/hifi\/wp-json\/wp\/v2\/comments?post=42373"}],"wp:featuredmedia":[{"embeddable":true,"href":"https:\/\/www.altei.cz\/hifi\/wp-json\/wp\/v2\/media\/42374"}],"wp:attachment":[{"href":"https:\/\/www.altei.cz\/hifi\/wp-json\/wp\/v2\/media?parent=42373"}],"wp:term":[{"taxonomy":"pwb-brand","embeddable":true,"href":"https:\/\/www.altei.cz\/hifi\/wp-json\/wp\/v2\/pwb-brand?post=42373"},{"taxonomy":"product_brand","embeddable":true,"href":"https:\/\/www.altei.cz\/hifi\/wp-json\/wp\/v2\/product_brand?post=42373"},{"taxonomy":"product_cat","embeddable":true,"href":"https:\/\/www.altei.cz\/hifi\/wp-json\/wp\/v2\/product_cat?post=42373"},{"taxonomy":"product_tag","embeddable":true,"href":"https:\/\/www.altei.cz\/hifi\/wp-json\/wp\/v2\/product_tag?post=42373"}],"curies":[{"name":"wp","href":"https:\/\/api.w.org\/{rel}","templated":true}]}}