{"id":42379,"date":"2024-09-04T12:12:04","date_gmt":"2024-09-04T10:12:04","guid":{"rendered":"https:\/\/www.altei.cz\/hifi\/?post_type=product&#038;p=42379"},"modified":"2025-04-25T18:28:06","modified_gmt":"2025-04-25T16:28:06","slug":"dr-feickert-analogue-volare-25-set","status":"publish","type":"product","link":"https:\/\/www.altei.cz\/hifi\/produkt\/dr-feickert-analogue-volare-25-set\/","title":{"rendered":"Dr. Feickert Analogue \u2013 VOLARE 25-set"},"content":{"rendered":"<p><a title=\"Dr. Feickert Analogue\" href=\"https:\/\/www.altei.cz\/hifi\/dr-feickert-analogue\/\">Dr. Feickert Analogue \u2013 Volare 25-set neboli Venticinque<\/a> aneb limitovan\u00e1 edice k 25. v\u00fdro\u010d\u00ed zalo\u017een\u00ed spole\u010dnosti je gramofon s dvoumotorov\u00fdm \u0159em\u00ednkov\u00fdm pohonem, kter\u00fd poch\u00e1z\u00ed z top modelu Blackbird. Rychlosti 78,45,33 ot\/min se p\u0159ep\u00ednaj\u00ed elektronicky. \u0160asi gramofonu je osazeno rovn\u00fdm ramenem o d\u00e9lce 10&#8243; typu DFA S10 s japonskou elektrodynamickou (MC) p\u0159enoskou typu HANA ML a je vybaveno inverzn\u00edm lo\u017eiskem tal\u00ed\u0159e. Barevn\u00e9 proveden\u00ed horn\u00ed deska st\u0159\u00edbrn\u00fd hlin\u00edk \/ obvod \u010dern\u00fd matn\u00fd.<\/p>\n<p>P\u0159\u00e1n\u00ed audiofil\u016f sm\u011brovan\u00ed Dr. Christianu Feickertovi, zda by nemohli m\u00edt dvoumotorov\u00e9 \u0161asi men\u0161\u00ed velikosti a s ramenem bylo vysly\u0161eno! Dr. Feickert vynalo\u017eil \u010das a ke 25. v\u00fdro\u010d\u00ed zalo\u017een\u00ed spole\u010dnosti vyvinul p\u011bkn\u011b kompaktn\u00ed a elegantn\u00ed gramofon tentokr\u00e1te v\u010detn\u011b ramene DFA S10. Tento nov\u00fd design m\u00e1 v\u0161echny dobr\u00e9 vlastnosti\u00a0 \u201evelk\u00fdch\u201c gramofon\u016f\u00a0 z d\u00edlny Dr. Feickert Analogue \u2013 \u0161pi\u010dkov\u00fd pohon poch\u00e1zej\u00edc\u00ed z \u0161asi Blackbird, perfektn\u00ed zvukovou neutralitu, eleganci, kvalitn\u00ed zpracov\u00e1n\u00ed a odolnost.<\/p>\n<p>\u0160asi co do rozm\u011bru m\u00edrn\u011b vyrostlo oproti <a title=\"Dr. Feickert Analogue \u2013 Volare\" href=\"https:\/\/www.altei.cz\/hifi\/produkt\/dr-feickert-analogue-volare\/\">Volare<\/a> , aby se ve\u0161ly oba motory a elektronika pohonu.<\/p>\n<p>Testov\u00e1n\u00ed a cizelov\u00e1n\u00ed v\u00fdsledku p\u0159ineslo nov\u00fd design, kter\u00fd bude m\u011b\u0159\u00edtkem nejen v dan\u00e9m cenov\u00e9m rozp\u011bt\u00ed. Dr. Feickert Analogue \u2013 Volare je ji\u017e nov\u00fd standard, kter\u00fd v limitovan\u00e9 edici p\u0159in\u00e1\u0161\u00ed je\u0161t\u011b mnohem v\u00edce za p\u0159ijatelnou cenu.<\/p>\n<p>Douf\u00e1me, \u017ee v\u00e1s toto skv\u011bl\u00e9 \u0161asi nadchne \u2013 ale mus\u00edte si posp\u00ed\u0161it, nebo\u0165 je celosv\u011btov\u011b k dispozici pouh\u00fdch 100 kus\u016f.<\/p>\n<p>Rameno DFA S10 je sou\u010d\u00e1st\u00ed dod\u00e1vky, gramofon VOLARE 25-set se dod\u00e1v\u00e1 v\u010detn\u011b \u0161pi\u010dkov\u00e9 japonsk\u00e9 p\u0159enosky <a href=\"https:\/\/www.altei.cz\/hifi\/produkt\/hana-ml\/\">HANA ML<\/a> (na p\u0159\u00e1n\u00ed <a href=\"https:\/\/www.altei.cz\/hifi\/produkt\/hana-mh\/\">HANA MH<\/a>). Tedy jen vybrat v\u00e1\u0161 obl\u00edben\u00fd vinyl a nechat hudbu zn\u00edt.<\/p>\n<p>&nbsp;<\/p>\n<p><strong>Pozn\u00e1mka: DEMO kus<\/strong><\/p>\n","protected":false},"excerpt":{"rendered":"<h4>Limitovan\u00e1 edice gramofonu s ramenem a p\u0159enoskou<\/h4>\n","protected":false},"featured_media":42374,"comment_status":"closed","ping_status":"closed","template":"","meta":[],"pwb-brand":[327],"product_brand":[],"product_cat":[258,281,102,22],"product_tag":[545,103,238,467,346,160,291],"class_list":{"0":"post-42379","1":"product","2":"type-product","3":"status-publish","4":"has-post-thumbnail","6":"pwb-brand-feickert","7":"product_cat-b-stock","8":"product_cat-feickert","9":"product_cat-gramofony","10":"product_cat-high-end-audio","11":"product_tag-dvoumotorove","12":"product_tag-gramofon","13":"product_tag-gramofonove-rameno","14":"product_tag-gramofonove-sasi","15":"product_tag-limited-edition","16":"product_tag-mc-prenoska","17":"product_tag-reminkovy-pohon","19":"first","20":"instock","21":"taxable","22":"shipping-taxable","23":"purchasable","24":"product-type-simple"},"aioseo_notices":[],"jetpack_sharing_enabled":true,"brands":[{"id":327,"name":"Dr. Feickert Analogue","slug":"feickert"}],"_links":{"self":[{"href":"https:\/\/www.altei.cz\/hifi\/wp-json\/wp\/v2\/product\/42379","targetHints":{"allow":["GET"]}}],"collection":[{"href":"https:\/\/www.altei.cz\/hifi\/wp-json\/wp\/v2\/product"}],"about":[{"href":"https:\/\/www.altei.cz\/hifi\/wp-json\/wp\/v2\/types\/product"}],"replies":[{"embeddable":true,"href":"https:\/\/www.altei.cz\/hifi\/wp-json\/wp\/v2\/comments?post=42379"}],"wp:featuredmedia":[{"embeddable":true,"href":"https:\/\/www.altei.cz\/hifi\/wp-json\/wp\/v2\/media\/42374"}],"wp:attachment":[{"href":"https:\/\/www.altei.cz\/hifi\/wp-json\/wp\/v2\/media?parent=42379"}],"wp:term":[{"taxonomy":"pwb-brand","embeddable":true,"href":"https:\/\/www.altei.cz\/hifi\/wp-json\/wp\/v2\/pwb-brand?post=42379"},{"taxonomy":"product_brand","embeddable":true,"href":"https:\/\/www.altei.cz\/hifi\/wp-json\/wp\/v2\/product_brand?post=42379"},{"taxonomy":"product_cat","embeddable":true,"href":"https:\/\/www.altei.cz\/hifi\/wp-json\/wp\/v2\/product_cat?post=42379"},{"taxonomy":"product_tag","embeddable":true,"href":"https:\/\/www.altei.cz\/hifi\/wp-json\/wp\/v2\/product_tag?post=42379"}],"curies":[{"name":"wp","href":"https:\/\/api.w.org\/{rel}","templated":true}]}}