{"id":42448,"date":"2024-11-07T15:01:48","date_gmt":"2024-11-07T14:01:48","guid":{"rendered":"https:\/\/www.altei.cz\/hifi\/?post_type=product&#038;p=42448"},"modified":"2026-04-14T14:54:56","modified_gmt":"2026-04-14T12:54:56","slug":"leica-cine-play-1","status":"publish","type":"product","link":"https:\/\/www.altei.cz\/hifi\/produkt\/leica-cine-play-1\/","title":{"rendered":"LEICA CINE PLAY 1"},"content":{"rendered":"<p><strong>LEICA CINE PLAY 1<\/strong><\/p>\n<p>Projektor n\u011bmeck\u00e9 spole\u010dnosti <a href=\"https:\/\/leica-camera.com\/en-int\/home-cinema#\">LEICA<\/a> pro dom\u00e1c\u00ed kino s rozli\u0161en\u00edm 4K a \u00fahlop\u0159\u00ed\u010dkou obrazu od 60&#8243; do 300&#8243; tedy a\u017e 762 cm. Laserov\u00fd sv\u011bteln\u00fd zdroj, \u0161pi\u010dkov\u00fd Leica 4K objektiv, technologie DLP, rozli\u0161en\u00ed\u00a0 3840 x 2.160, sv\u011bteln\u00fd tok 3000 lm.<\/p>\n<p><a title=\"LEICA CINE PLAY 1\" href=\"https:\/\/www.altei.cz\/hifi\/leica-cine-play-1\/\">Leica Cine Play 1<\/a> je o hrav\u00fdch a n\u00e1ladov\u00fdch nejen filmov\u00fdch z\u00e1\u017eitc\u00edch, a\u0165 u\u017e je chcete m\u00edt kdekoli. S p\u0159enosn\u00fdm a flexibiln\u00edm chytr\u00fdm miniprojektorem, kter\u00fd v\u00e1m umo\u017en\u00ed prom\u00edtat na jakoukoli b\u00edlou st\u011bnu, to m\u016f\u017eete rozjet ve velk\u00e9m &#8211; opravdu ve velk\u00e9m. Je ur\u010den pro ty, kte\u0159\u00ed cht\u011bj\u00ed n\u011bco jedine\u010dn\u00e9ho a osobn\u00edho, ani\u017e by se vzdali \u0161pi\u010dkov\u00e9 kvality. S projektorem Leica Cine Play 1 jde o z\u00e1bavu s nejlep\u0161\u00edm obrazem ve sv\u00e9 t\u0159\u00edd\u011b.<\/p>\n<p>D\u00edky inovativn\u00ed trojit\u00e9 laserov\u00e9 technologii RGB poskytuje Leica Cine Play 1 mimo\u0159\u00e1dn\u011b jasn\u00fd obraz a \u00fachvatn\u00e9 barevn\u00e9 pod\u00e1n\u00ed s \u017eivotnost\u00ed p\u0159es 25 000 hodin. Jeho sofistikovan\u00fd objektiv Summicron s asf\u00e9rick\u00fdmi prvky je vyroben v souladu se standardy spole\u010dnosti Leica a je p\u0159esn\u011b p\u0159izp\u016fsoben velikosti obrazu, aby byl zaji\u0161t\u011bna trval\u00e1 vysok\u00e1 obrazov\u00e1 kvalita. Leica Cine Play 1 tak\u00e9 t\u011b\u017e\u00ed z dlouholet\u00fdch zku\u0161enost\u00ed spole\u010dnosti Leica v oblasti optimalizace digit\u00e1ln\u00edho obrazu. Vlastn\u00ed proces zpracov\u00e1n\u00ed obrazu (Leica Image Optimization &#8211; LIO\u2122) optimalizuje obraz pomoc\u00ed speci\u00e1ln\u00edch algoritm\u016f a dosahuje tak mimo\u0159\u00e1dn\u011b p\u0159irozen\u00e9ho pod\u00e1n\u00ed barev, bohat\u00e9 detailn\u00ed barevn\u00e9 gradace a vynikaj\u00edc\u00edho kontrastn\u00edho pom\u011bru.<\/p>\n<p>Leica Cine Play 1 obsahuje celou \u0159adu nejmodern\u011bj\u0161\u00edch funkc\u00ed,\u00a0 jako je intuitivn\u00ed rozhran\u00ed s hlasov\u00fdm ovl\u00e1d\u00e1n\u00edm, Apple AirPlay a p\u0159\u00edm\u00fd p\u0159\u00edstup k dal\u0161\u00edm streamovac\u00edm platform\u00e1m jako iVys\u00edl\u00e1n\u00ed, HBO MAX, Max, Apple TV, YouTube, Netflix, Voyo, Disney. A\u0165 u\u017e sledujete filmy nebo hrajete hry nebo spravujete svou osobn\u00ed sb\u00edrku film\u016f, projektor Leica Cine Play 1 spojuje maxim\u00e1ln\u00ed konektivitu s reprodukc\u00ed zvuku. Re\u017eim Filmmaker Mode<sup>TM<\/sup> zobrazuje filmy v nefiltrovan\u00e9 p\u016fvodn\u00ed verzi.<\/p>\n<p>Leica Cine Play 1 se vyzna\u010duje \u010dist\u00fdmi liniemi a sofistikovan\u00fdmi funkcemi a v ka\u017ed\u00e9m detailu se \u0159\u00edd\u00ed puristickou filozofi\u00ed designu Leica vyh\u00e1zej\u00edc\u00ed z designu \u0161koly <a href=\"https:\/\/cs.wikipedia.org\/wiki\/Bauhaus_(v%C3%BDtvarn%C3%A1_%C5%A1kola)\" target=\"_blank\" rel=\"noopener\">Bauhaus<\/a>, kter\u00e1 kombinuje mistrovsk\u00e9 \u0159emesln\u00e9 zpracov\u00e1n\u00ed s klasick\u00fdmi tvary a vysoce kvalitn\u00edmi materi\u00e1ly a vytv\u00e1\u0159\u00ed tak precizn\u00ed v\u00fdrobek.<\/p>\n<div style=\"width: 1500px;\" class=\"wp-video\"><video class=\"wp-video-shortcode\" id=\"video-42448-1\" width=\"1500\" height=\"844\" preload=\"metadata\" controls=\"controls\"><source type=\"video\/mp4\" src=\"https:\/\/www.altei.cz\/hifi\/wp-content\/uploads\/2024\/11\/250131-1_leica_cineplay-educate_16x9_FullHD.mp4?_=1\" \/><a href=\"https:\/\/www.altei.cz\/hifi\/wp-content\/uploads\/2024\/11\/250131-1_leica_cineplay-educate_16x9_FullHD.mp4\">https:\/\/www.altei.cz\/hifi\/wp-content\/uploads\/2024\/11\/250131-1_leica_cineplay-educate_16x9_FullHD.mp4<\/a><\/video><\/div>\n<p>&nbsp;<\/p>\n<div  class='avia-button-wrap av-vbnwi8-6f38bcba4bfa49d3e30c91cca424f464-wrap avia-button-center  avia-builder-el-0  avia-builder-el-no-sibling '><a href='https:\/\/www.altei.cz\/hifi\/leica-cine-play-1\/'  class='avia-button av-vbnwi8-6f38bcba4bfa49d3e30c91cca424f464 av-link-btn avia-icon_select-no avia-size-small avia-position-center avia-color-theme-color'   aria-label=\"V\u00edce\"><span class='avia_iconbox_title' >V\u00edce<\/span><\/a><\/div>\n","protected":false},"excerpt":{"rendered":"<h4>4K laserov\u00fd projektor pro kino kdekoliv<\/h4>\n","protected":false},"featured_media":42449,"comment_status":"closed","ping_status":"closed","template":"","meta":[],"pwb-brand":[504],"product_brand":[],"product_cat":[423,424,509],"product_tag":[507,142,546,442,435,505,428,506],"class_list":{"0":"post-42448","1":"product","2":"type-product","3":"status-publish","4":"has-post-thumbnail","6":"pwb-brand-leica","7":"product_cat-digitalni-projektor","8":"product_cat-high-end-video","9":"product_cat-leica","10":"product_tag-4k","11":"product_tag-airplay","12":"product_tag-game-mode","13":"product_tag-home-cinema","14":"product_tag-laser","15":"product_tag-leica","16":"product_tag-projektor","17":"product_tag-rgb","19":"first","20":"onbackorder","21":"featured","22":"taxable","23":"shipping-taxable","24":"purchasable","25":"product-type-simple"},"aioseo_notices":[],"jetpack_sharing_enabled":true,"brands":[{"id":504,"name":"Leica","slug":"leica"}],"_links":{"self":[{"href":"https:\/\/www.altei.cz\/hifi\/wp-json\/wp\/v2\/product\/42448","targetHints":{"allow":["GET"]}}],"collection":[{"href":"https:\/\/www.altei.cz\/hifi\/wp-json\/wp\/v2\/product"}],"about":[{"href":"https:\/\/www.altei.cz\/hifi\/wp-json\/wp\/v2\/types\/product"}],"replies":[{"embeddable":true,"href":"https:\/\/www.altei.cz\/hifi\/wp-json\/wp\/v2\/comments?post=42448"}],"wp:featuredmedia":[{"embeddable":true,"href":"https:\/\/www.altei.cz\/hifi\/wp-json\/wp\/v2\/media\/42449"}],"wp:attachment":[{"href":"https:\/\/www.altei.cz\/hifi\/wp-json\/wp\/v2\/media?parent=42448"}],"wp:term":[{"taxonomy":"pwb-brand","embeddable":true,"href":"https:\/\/www.altei.cz\/hifi\/wp-json\/wp\/v2\/pwb-brand?post=42448"},{"taxonomy":"product_brand","embeddable":true,"href":"https:\/\/www.altei.cz\/hifi\/wp-json\/wp\/v2\/product_brand?post=42448"},{"taxonomy":"product_cat","embeddable":true,"href":"https:\/\/www.altei.cz\/hifi\/wp-json\/wp\/v2\/product_cat?post=42448"},{"taxonomy":"product_tag","embeddable":true,"href":"https:\/\/www.altei.cz\/hifi\/wp-json\/wp\/v2\/product_tag?post=42448"}],"curies":[{"name":"wp","href":"https:\/\/api.w.org\/{rel}","templated":true}]}}