{"id":42472,"date":"2024-11-05T14:19:59","date_gmt":"2024-11-05T13:19:59","guid":{"rendered":"https:\/\/www.altei.cz\/hifi\/?post_type=product&#038;p=42472"},"modified":"2026-02-17T17:30:46","modified_gmt":"2026-02-17T16:30:46","slug":"rtm-r39700-kovova-civka","status":"publish","type":"product","link":"https:\/\/www.altei.cz\/hifi\/produkt\/rtm-r39700-kovova-civka\/","title":{"rendered":"RTM R39700 Kovov\u00e1 c\u00edvka"},"content":{"rendered":"<p>RTM R39700 elegantn\u00ed kovov\u00e1 c\u00edvka pro magnetofonov\u00fd p\u00e1s 1\/4&#8243; (6,3mm) s upevn\u011bn\u00edm Trident &#8211; trojzubec o pr\u016fm\u011bru\u00a0 7&#8243; (18 cm) pro n\u00e1vin 1800 ft (549 m). Vyrobeno z elox. hlin\u00edku, oceov\u00fd st\u0159ed, barva st\u0159\u00edbrn\u00e1,\u00a0 dod\u00e1v\u00e1 se v kartonov\u00e9 archiva\u010dn\u00ed krabici. Vyr\u00e1b\u00ed <a title=\"RTM Recording The Masters\" href=\"https:\/\/www.altei.cz\/hifi\/rtm-recording-the-masters\/\">RTM<\/a> .Cena za 1 kus.<\/p>\n","protected":false},"excerpt":{"rendered":"<p>Kovov\u00e1 c\u00edvka 18 cm<\/p>\n","protected":false},"featured_media":42473,"comment_status":"closed","ping_status":"closed","template":"","meta":[],"pwb-brand":[349],"product_brand":[],"product_cat":[352,350,366],"product_tag":[554,355,555],"class_list":{"0":"post-42472","1":"product","2":"type-product","3":"status-publish","4":"has-post-thumbnail","6":"pwb-brand-rtm","7":"product_cat-mgf-pas","8":"product_cat-mgf-pasy","9":"product_cat-rtm","10":"product_tag-kovova-civka","11":"product_tag-mgf-pas-1-4","12":"product_tag-trident","13":"product_shipping_class-z-1-kg","15":"first","16":"instock","17":"taxable","18":"shipping-taxable","19":"purchasable","20":"product-type-simple"},"aioseo_notices":[],"jetpack_sharing_enabled":true,"brands":[{"id":349,"name":"RTM","slug":"rtm"}],"_links":{"self":[{"href":"https:\/\/www.altei.cz\/hifi\/wp-json\/wp\/v2\/product\/42472","targetHints":{"allow":["GET"]}}],"collection":[{"href":"https:\/\/www.altei.cz\/hifi\/wp-json\/wp\/v2\/product"}],"about":[{"href":"https:\/\/www.altei.cz\/hifi\/wp-json\/wp\/v2\/types\/product"}],"replies":[{"embeddable":true,"href":"https:\/\/www.altei.cz\/hifi\/wp-json\/wp\/v2\/comments?post=42472"}],"wp:featuredmedia":[{"embeddable":true,"href":"https:\/\/www.altei.cz\/hifi\/wp-json\/wp\/v2\/media\/42473"}],"wp:attachment":[{"href":"https:\/\/www.altei.cz\/hifi\/wp-json\/wp\/v2\/media?parent=42472"}],"wp:term":[{"taxonomy":"pwb-brand","embeddable":true,"href":"https:\/\/www.altei.cz\/hifi\/wp-json\/wp\/v2\/pwb-brand?post=42472"},{"taxonomy":"product_brand","embeddable":true,"href":"https:\/\/www.altei.cz\/hifi\/wp-json\/wp\/v2\/product_brand?post=42472"},{"taxonomy":"product_cat","embeddable":true,"href":"https:\/\/www.altei.cz\/hifi\/wp-json\/wp\/v2\/product_cat?post=42472"},{"taxonomy":"product_tag","embeddable":true,"href":"https:\/\/www.altei.cz\/hifi\/wp-json\/wp\/v2\/product_tag?post=42472"}],"curies":[{"name":"wp","href":"https:\/\/api.w.org\/{rel}","templated":true}]}}