{"id":42670,"date":"2024-12-10T21:23:40","date_gmt":"2024-12-10T20:23:40","guid":{"rendered":"https:\/\/www.altei.cz\/hifi\/?post_type=product&#038;p=42670"},"modified":"2026-03-18T22:05:17","modified_gmt":"2026-03-18T21:05:17","slug":"ta-pulsar-s-130-w","status":"publish","type":"product","link":"https:\/\/www.altei.cz\/hifi\/produkt\/ta-pulsar-s-130-w\/","title":{"rendered":"T+A Pulsar S 130 W"},"content":{"rendered":"<p><span class=\"tlid-translation translation\"><span class=\"tlid-translation translation\">PULSAR S 130 je t\u0159\u00edp\u00e1smov\u00e1 sloupov\u00e1 reprosoustava s basreflexem, hudebn\u00edm v\u00fdkonem 180 W a kmito\u010dtov\u00fdm rozsahem 32 Hz a\u017e 45 kHz. <\/span><\/span><span class=\"tlid-translation translation\"><span class=\"tlid-translation translation\">Vybavena basov\u00fdmi vysokozdvihov\u00fdmi m\u011bni\u010di s membr\u00e1nou o pr\u016fm\u011bru 150 mm. Barva b\u00edl\u00e1.<br \/>\n<\/span><\/span><\/p>\n<div class=\"text-wrap tlid-copy-target\">\n<p>Model Pulsar S 130 byl vytvo\u0159en nikoli proto, aby \u0159e\u0161il zd\u00e1nliv\u00e9 rozpory, ale aby je spojil: rafinovan\u00e1 elegance se snoub\u00ed s audiofilskou reprodukc\u00ed hudby v kompaktn\u00edm a subtiln\u00edm proveden\u00ed. Navzdory sv\u00fdm skromn\u00fdm rozm\u011br\u016fm poskytuje jeho nov\u011b vyvinut\u00fd basov\u00fd syst\u00e9m \u00fa\u017easn\u00fd v\u00fdkon v oblasti n\u00edzk\u00fdch frekvenc\u00ed, zat\u00edmco oce\u0148ovan\u00fd syst\u00e9m symetrick\u00e9 sm\u011brovosti st\u0159edn\u00edch a vysok\u00fdch frekvenc\u00ed &#8211; ocen\u011bn\u00fd za svou inovaci n\u011bmeckou spolkovou vl\u00e1dou &#8211; zaji\u0161\u0165uje \u010dist\u00fd zvuk bez ru\u0161iv\u00fdch odraz\u016f.<\/p>\n<p>D\u00edky sofistikovan\u00e9mu tvaru a elegantn\u011b tlumen\u00fdm povrchov\u00fdm \u00faprav\u00e1m se reproduktory Pulsar bez probl\u00e9m\u016f za\u010dlen\u00ed do jak\u00e9hokoli prostoru a zt\u011bles\u0148uj\u00ed \u00e9tos spole\u010dnosti <a title=\"T+A HIFI REPROSOUSTAVY\" href=\"https:\/\/www.altei.cz\/hifi\/ta-hifi-reprosoustavy\/\">T+A<\/a> &#8222;Hudba na prvn\u00edm m\u00edst\u011b&#8220;: reprodukce zvuku, kter\u00e1 odr\u00e1\u017e\u00ed z\u00e1m\u011br um\u011blce, prezentovan\u00e1 v nad\u010dasov\u00e9 eleganci, kter\u00e1 interi\u00e9r sp\u00ed\u0161e dopl\u0148uje, ne\u017e mu dominuje.<\/p>\n<p><strong>Cena za p\u00e1r<\/strong><\/p>\n<p><a href=\"https:\/\/www.hifi-voice.com\/testy-a-recenze\/reprosoustavy-podlahove\/6308-t-a-pulsar-s-130\"><b>Hi-Fi Voice recenze T+A Pulsar S 130<\/b><\/a><\/p>\n<\/div>\n<div class=\"text-wrap tlid-copy-target\">\n<div><\/div>\n<\/div>\n<div>\n<div class=\"table-body active\">\n<div class=\"table-row\">\n<div  class='avia-button-wrap av-qwa61a-024b473c711d594dd0dc597b574b5519-wrap avia-button-center  avia-builder-el-0  avia-builder-el-no-sibling '><a href='https:\/\/www.altei.cz\/hifi\/ta-hifi-audio-loudspeakers-pulsar\/'  class='avia-button av-qwa61a-024b473c711d594dd0dc597b574b5519 av-link-btn avia-icon_select-no avia-size-small avia-position-center avia-color-theme-color'   aria-label=\"V\u00edce\"><span class='avia_iconbox_title' >V\u00edce<\/span><\/a><\/div>\n<\/div>\n<\/div>\n<div class=\"table-body active\">\n<div class=\"table-row\">\n<div class=\"table-cell t-cell-6\"><\/div>\n<\/div>\n<\/div>\n<\/div>\n<div class=\"tlid-result-transliteration-container result-transliteration-container transliteration-container\">\n<div class=\"tlid-transliteration-content transliteration-content full\"><\/div>\n<\/div>\n<p>&nbsp;<\/p>\n","protected":false},"excerpt":{"rendered":"<h4 class=\"ls-l-1\">Reprosoustava sloupov\u00e1<\/h4>\n","protected":false},"featured_media":42683,"comment_status":"closed","ping_status":"closed","template":"","meta":[],"pwb-brand":[152],"product_brand":[],"product_cat":[81,82,31],"product_tag":[66,84,85,38],"class_list":{"0":"post-42670","1":"product","2":"type-product","3":"status-publish","4":"has-post-thumbnail","6":"pwb-brand-ta","7":"product_cat-pulsar","8":"product_cat-reprosoustavy","9":"product_cat-ta","10":"product_tag-hi-fi","11":"product_tag-reprosoustavy","12":"product_tag-sloupova","13":"product_tag-ta-hifi","15":"first","16":"onbackorder","17":"taxable","18":"shipping-taxable","19":"purchasable","20":"product-type-simple"},"aioseo_notices":[],"jetpack_sharing_enabled":true,"brands":[{"id":152,"name":"T+A","slug":"ta"}],"_links":{"self":[{"href":"https:\/\/www.altei.cz\/hifi\/wp-json\/wp\/v2\/product\/42670","targetHints":{"allow":["GET"]}}],"collection":[{"href":"https:\/\/www.altei.cz\/hifi\/wp-json\/wp\/v2\/product"}],"about":[{"href":"https:\/\/www.altei.cz\/hifi\/wp-json\/wp\/v2\/types\/product"}],"replies":[{"embeddable":true,"href":"https:\/\/www.altei.cz\/hifi\/wp-json\/wp\/v2\/comments?post=42670"}],"wp:featuredmedia":[{"embeddable":true,"href":"https:\/\/www.altei.cz\/hifi\/wp-json\/wp\/v2\/media\/42683"}],"wp:attachment":[{"href":"https:\/\/www.altei.cz\/hifi\/wp-json\/wp\/v2\/media?parent=42670"}],"wp:term":[{"taxonomy":"pwb-brand","embeddable":true,"href":"https:\/\/www.altei.cz\/hifi\/wp-json\/wp\/v2\/pwb-brand?post=42670"},{"taxonomy":"product_brand","embeddable":true,"href":"https:\/\/www.altei.cz\/hifi\/wp-json\/wp\/v2\/product_brand?post=42670"},{"taxonomy":"product_cat","embeddable":true,"href":"https:\/\/www.altei.cz\/hifi\/wp-json\/wp\/v2\/product_cat?post=42670"},{"taxonomy":"product_tag","embeddable":true,"href":"https:\/\/www.altei.cz\/hifi\/wp-json\/wp\/v2\/product_tag?post=42670"}],"curies":[{"name":"wp","href":"https:\/\/api.w.org\/{rel}","templated":true}]}}