{"id":42770,"date":"2025-01-24T15:13:34","date_gmt":"2025-01-24T14:13:34","guid":{"rendered":"https:\/\/www.altei.cz\/hifi\/?post_type=product&#038;p=42770"},"modified":"2026-04-24T12:33:09","modified_gmt":"2026-04-24T10:33:09","slug":"ta-solitaire-t-cw","status":"publish","type":"product","link":"https:\/\/www.altei.cz\/hifi\/produkt\/ta-solitaire-t-cw\/","title":{"rendered":"T+A Solitaire T-CW"},"content":{"rendered":"<p>Solitaire T-CW jsou sluch\u00e1tka, kter\u00e1 p\u0159eklenuj\u00ed propast mezi dv\u011bma kategoriemi: audiofilsk\u00e9 a bezdr\u00e1tov\u00e9. Tato uzav\u0159en\u00e1 audiofilsk\u00e1 sluch\u00e1tka zapadnou do jak\u00e9hokoli high end sluch\u00e1tkov\u00e9ho syst\u00e9mu a poskytuj\u00ed vynikaj\u00edc\u00ed kvalitu zvuku, ani\u017e by vy\u017eadovala dal\u0161\u00ed elektronick\u00e9 zpracov\u00e1n\u00ed sign\u00e1lu. P\u0159edchoz\u00ed generace bezdr\u00e1tov\u00fdch sluch\u00e1tek se nemohly kvalitou ani zdaleka rovnat dr\u00e1tov\u00fdm typ\u016fm, ale Solitaire T s pasivn\u00edm tlumen\u00edm, aktivn\u00edm potla\u010den\u00edm \u0161umu a vynikaj\u00edc\u00edmi elektronick\u00fdmi sou\u010d\u00e1stkami s vysoce kvalitn\u00edmi kodeky Bluetooth nab\u00edz\u00ed prakticky stejnou kvalitu p\u0159i bezdr\u00e1tov\u00e9m p\u0159ipojen\u00ed.<br \/>\nSolitaire T v\u0161echny tyto vlastnosti ukr\u00fdvaj\u00ed v nad\u010dasov\u011b elegantn\u00edm designu, kter\u00fd kombinuje inovativn\u00ed mechanick\u00e9 \u0159e\u0161en\u00ed, vysoce kvalitn\u00ed materi\u00e1ly a intuitivn\u00ed ovl\u00e1d\u00e1n\u00ed s v\u00fdrazn\u00fdm, sebev\u011bdom\u00fdm, ale nen\u00e1padn\u00fdm vzhledem.<br \/>\nSolitaire T-CW je mnohem v\u00edc ne\u017e jen p\u00e1r audiofilsk\u00fdch sluch\u00e1tek, cestovn\u00edch sluch\u00e1tek nebo kombinace oboj\u00edho.<br \/>\nP\u0159in\u00e1\u0161\u00ed v\u00e1m hudbu v kvalit\u011b T+A bez ohledu na to, kde se zrovna nach\u00e1z\u00edte: doma, v pr\u00e1ci nebo na cest\u011b za nov\u00fdmi obzory. T+A, a\u0165 jste kdekoli. Novinkou nen\u00ed jen barva ko\u0148akov\u011b b\u00edl\u00e1 se sv\u011btle hn\u011bd\u00fdm kryt\u00edm hlavov\u00e9ho mostu, ale i nov\u00e9 pozdro na sluch\u00e1tka a dopl\u0148ky.<br \/>\nPomoc\u00ed aplikace T+A Solitaire Companion App, kter\u00e1 je k dispozici v <a href=\"https:\/\/apps.apple.com\/cz\/app\/t-a-solitaire-companion-app\/id6444182313?l=cs\">App Store<\/a> a <a href=\"https:\/\/play.google.com\/store\/apps\/details?id=de.tahifi.solitaire\">Google Play<\/a>, m\u016f\u017eete upravovat ekvaliz\u00e9r, aktualizovat software a vyu\u017e\u00edvat dal\u0161\u00ed funkce.<\/p>\n<p><strong><a href=\"https:\/\/www.hifi-voice.com\/testy-a-recenze\/sluchatka\/4257-t-a-solitaire-t\">Hi-Fi Voice recenze T+A Solitaire T<\/a><\/strong><\/p>\n<div  class='avia-button-wrap av-qb0xkp-833f2a1059ec8108ca554a246eea4017-wrap avia-button-center  avia-builder-el-0  avia-builder-el-no-sibling '><a href='https:\/\/www.altei.cz\/hifi\/solitaire-t\/'  class='avia-button av-qb0xkp-833f2a1059ec8108ca554a246eea4017 av-link-btn avia-icon_select-no avia-size-small avia-position-center avia-color-theme-color'   aria-label=\"V\u00edce\"><span class='avia_iconbox_title' >V\u00edce<\/span><\/a><\/div>\n<p>&nbsp;<\/p>\n<p>&nbsp;<\/p>\n","protected":false},"excerpt":{"rendered":"<h4 class=\"ls-l-1\">Dynamick\u00e1 uzav\u0159en\u00e1 sluch\u00e1tka s v\u00edce mo\u017enostmi p\u0159ipojen\u00ed<\/h4>\n","protected":false},"featured_media":42771,"comment_status":"closed","ping_status":"closed","template":"","meta":[],"pwb-brand":[152],"product_brand":[],"product_cat":[117,31],"product_tag":[46,474,119,38,230],"class_list":{"0":"post-42770","1":"product","2":"type-product","3":"status-publish","4":"has-post-thumbnail","6":"pwb-brand-ta","7":"product_cat-sluchatka","8":"product_cat-ta","9":"product_tag-bluetooth","10":"product_tag-dynamicka","11":"product_tag-sluchatka","12":"product_tag-ta-hifi","13":"product_tag-usb-c","14":"product_shipping_class-z-10-kg","16":"first","17":"onbackorder","18":"taxable","19":"shipping-taxable","20":"purchasable","21":"product-type-simple"},"aioseo_notices":[],"jetpack_sharing_enabled":true,"brands":[{"id":152,"name":"T+A","slug":"ta"}],"_links":{"self":[{"href":"https:\/\/www.altei.cz\/hifi\/wp-json\/wp\/v2\/product\/42770","targetHints":{"allow":["GET"]}}],"collection":[{"href":"https:\/\/www.altei.cz\/hifi\/wp-json\/wp\/v2\/product"}],"about":[{"href":"https:\/\/www.altei.cz\/hifi\/wp-json\/wp\/v2\/types\/product"}],"replies":[{"embeddable":true,"href":"https:\/\/www.altei.cz\/hifi\/wp-json\/wp\/v2\/comments?post=42770"}],"wp:featuredmedia":[{"embeddable":true,"href":"https:\/\/www.altei.cz\/hifi\/wp-json\/wp\/v2\/media\/42771"}],"wp:attachment":[{"href":"https:\/\/www.altei.cz\/hifi\/wp-json\/wp\/v2\/media?parent=42770"}],"wp:term":[{"taxonomy":"pwb-brand","embeddable":true,"href":"https:\/\/www.altei.cz\/hifi\/wp-json\/wp\/v2\/pwb-brand?post=42770"},{"taxonomy":"product_brand","embeddable":true,"href":"https:\/\/www.altei.cz\/hifi\/wp-json\/wp\/v2\/product_brand?post=42770"},{"taxonomy":"product_cat","embeddable":true,"href":"https:\/\/www.altei.cz\/hifi\/wp-json\/wp\/v2\/product_cat?post=42770"},{"taxonomy":"product_tag","embeddable":true,"href":"https:\/\/www.altei.cz\/hifi\/wp-json\/wp\/v2\/product_tag?post=42770"}],"curies":[{"name":"wp","href":"https:\/\/api.w.org\/{rel}","templated":true}]}}