{"id":42777,"date":"2025-01-24T15:58:39","date_gmt":"2025-01-24T14:58:39","guid":{"rendered":"https:\/\/www.altei.cz\/hifi\/?post_type=product&#038;p=42777"},"modified":"2026-03-18T22:00:34","modified_gmt":"2026-03-18T21:00:34","slug":"ta-talis-s-330","status":"publish","type":"product","link":"https:\/\/www.altei.cz\/hifi\/produkt\/ta-talis-s-330\/","title":{"rendered":"T+A Talis S 330"},"content":{"rendered":"<p><span class=\"tlid-translation translation\"><span class=\"tlid-translation translation\"><a href=\"https:\/\/www.altei.cz\/hifi\/ta-hifi\/\">T+A<\/a> TALIS S 330 je t\u0159\u00edp\u00e1smov\u00e1 hlin\u00edkov\u00e1 sloupov\u00e1 reprosoustava s basreflexem, hudebn\u00edm v\u00fdkonem 270 W a kmito\u010dtov\u00fdm rozsahem 25 Hz a\u017e 40 kHz. <\/span><\/span><span class=\"tlid-translation translation\"><span class=\"tlid-translation translation\">Vybavena hlubokot\u00f3nov\u00fdmi m\u011bni\u010di s hlin\u00edkovou membr\u00e1nou o pr\u016fm\u011bru 170 mm a v\u00fd\u0161kov\u00fdm vrchl\u00edkov\u00fdm m\u011bni\u010dem s ho\u0159\u010d\u00edkovou membr\u00e1nou a vlnovodem.<br \/>\n<strong>Cena za p\u00e1r<\/strong><br \/>\n<\/span><\/span><\/p>\n<p>&nbsp;<\/p>\n<div class=\"simplebar-wrapper\">\n<div class=\"simplebar-mask\">\n<div class=\"simplebar-offset\">\n<div class=\"simplebar-content-wrapper\">\n<div class=\"simplebar-content\">\n<div class=\"text-container\"><\/div>\n<\/div>\n<\/div>\n<\/div>\n<\/div>\n<\/div>\n<div  class='tabcontainer av-u0g448-3745d43df21e0b5c0ca40661bed1f9e0 sidebar_tab sidebar_tab_left  avia-builder-el-0  avia-builder-el-no-sibling  border_tabs'>\n<section class='av_tab_section av_tab_section av-m0p2b2dw-c59e17ae7a4b24134d3e59e6bfff0b15'  itemscope=\"itemscope\" itemtype=\"https:\/\/schema.org\/CreativeWork\" ><div id='tab-id-1-tab' class='tab active_tab' role='tab' aria-selected=\"true\" tabindex=\"0\" data-fake-id='#tab-id-1' aria-controls='tab-id-1-content'  itemprop=\"headline\" ><span class='tab_icon avia-iconfont avia-font-entypo-fontello' data-av_icon='\ue816' data-av_iconfont='entypo-fontello' ><\/span>S 300<\/div><div id='tab-id-1-content' class='tab_content active_tab_content' role='tabpanel' aria-labelledby='tab-id-1-tab' aria-hidden=\"false\"><div class='tab_inner_content invers-color'  itemprop=\"text\" ><p>T+A Talis S 330 je kompaktn\u00ed podlahov\u00e1 reprosoustava s okouzluj\u00edc\u00ed estetikou. Tato unik\u00e1tn\u00ed reprosoustava m\u00e1 na \u0161\u00ed\u0159ku pouh\u00fdch 21 cm, na v\u00fd\u0161ku 105 cm a je typick\u00fdm p\u0159edstavitelem filozofie cel\u00e9 \u0159ady, pokud jde o technologii a kvalitu zvuku: t\u011b\u017ek\u00e9 ozvu\u010dnice z masivn\u00edho hlin\u00edku, \u0161pi\u010dkov\u00e9 reproduktorov\u00e9 m\u011bni\u010de a v\u00fdhybky a prostorov\u00fd zvukov\u00fd obraz bez zkreslen\u00ed, s \u0161irok\u00fdm dynamick\u00fdm rozsahem a vynikaj\u00edc\u00ed basovou odezvou.<br \/>\nKl\u00ed\u010dem k mimo\u0159\u00e1dn\u00e9mu v\u00fdkonu modelu T+A Talis S 330 jsou zcela nov\u011b vyvinut\u00e9 m\u011bni\u010de. Soustava disponuje dv\u011bma \u0161pi\u010dkov\u00fdmi basov\u00fdmi m\u011bni\u010di, kter\u00e9 generuj\u00ed hlubok\u00e9, vysokotlak\u00e9 basy i p\u0159i velmi vysok\u00fdch \u00farovn\u00edch.<br \/>\nSt\u0159edot\u00f3nov\u00e9 m\u011bni\u010de zaji\u0161\u0165uj\u00ed dokonalou kontrolu nad cel\u00fdm vok\u00e1ln\u00edm rozsahem, maj\u00edc\u00ed \u017eiv\u00fd, dynamick\u00fd charakter. Nov\u00fd super v\u00fd\u0161kov\u00fd kopulov\u00fd m\u011bni\u010d je vzdu\u0161n\u00fd, rychl\u00fd, dynamick\u00fd a beze stopy po hran\u00e1ch nebo tvrdosti.<br \/>\nSofistikovan\u00e1 t\u0159\u00edp\u00e1smov\u00e1 v\u00fdhybka je schopna hrav\u011b a suver\u00e9nn\u011b obslou\u017eit v\u0161echna p\u00e1sma a poskytuje tak otev\u0159enou a mimo\u0159\u00e1dn\u011b prostornou zvukovou sc\u00e9nu.<br \/>\nK dosa\u017een\u00ed vynikaj\u00edc\u00ed basov\u00e9 odezvy je velmi d\u016fle\u017eit\u00e9, aby soustava st\u00e1la na pevn\u00e9m a stabiln\u00edm z\u00e1kladu bez rezonanc\u00ed a byla izolov\u00e1na od podkladu. Proto byla pro tyto reproduktory vyvinuta nov\u00e1 konstrukce hrotu. T\u011b\u017ek\u00e9 hroty jsou vyrobeny z masivn\u00ed nerezov\u00e9 oceli, lze je demontovat a jsou zakon\u010deny bu\u010f \u0161pi\u010dat\u00fdmi kovov\u00fdmi ku\u017eely, nebo plastov\u00fdmi kluzn\u00fdmi podlo\u017ekami pro choulostiv\u00e9 podlahy.<\/p>\n<\/div><\/div><\/section>\n<section class='av_tab_section av_tab_section av-m0p2c2e3-dd8e9ba161f644e5cf5be89aa5e91a2b'  itemscope=\"itemscope\" itemtype=\"https:\/\/schema.org\/CreativeWork\" ><div id='tab-id-2-tab' class='tab' role='tab' aria-selected=\"false\" tabindex=\"0\" data-fake-id='#tab-id-2' aria-controls='tab-id-2-content'  itemprop=\"headline\" ><span class='tab_icon avia-iconfont avia-font-entypo-fontello' data-av_icon='\ue816' data-av_iconfont='entypo-fontello' ><\/span>Konstrukce ozvu\u010dnice<\/div><div id='tab-id-2-content' class='tab_content' role='tabpanel' aria-labelledby='tab-id-2-tab' aria-hidden=\"true\"><div class='tab_inner_content invers-color'  itemprop=\"text\" ><p>Za b\u011b\u017en\u00fdch podm\u00ednek omezuje relativn\u011b mal\u00fd objem reproduktorov\u00e9 ozvu\u010dnice spodn\u00ed hranici kmito\u010dtu a maxim\u00e1ln\u00ed akustick\u00fd tlak v basov\u00e9m p\u00e1smu. U modelu S 330 to v\u0161ak neplat\u00ed, proto\u017ee celkov\u00fd vnit\u0159n\u00ed objem hlin\u00edkov\u00e9 konstrukce je mnohem v\u011bt\u0161\u00ed ne\u017e by byla srovnateln\u00e9 konstrukce d\u0159ev\u011bn\u00e9. Konstrukt\u00e9\u0159i T+A z\u00e1rove\u0148 vyvinuli mimo\u0159\u00e1dn\u011b sofistikovan\u00e9 High-End basov\u00e9 m\u011bni\u010de vybaven\u00e9 vysoce v\u00fdkonn\u00fdmi magnetick\u00fdmi syst\u00e9my. M\u011bni\u010de jsou p\u0159esn\u011b na m\u00edru p\u0159izp\u016fsobeny ozvu\u010dnici a jejich vyztu\u017een\u00e9 ku\u017eely vytv\u00e1\u0159ej\u00ed neuv\u011b\u0159iteln\u011b hlubok\u00e9, vysokotlak\u00e9 basy, kter\u00e9 z\u016fst\u00e1vaj\u00ed stabiln\u00ed za jak\u00fdchkoliv okolnost\u00ed.<\/p>\n<\/div><\/div><\/section>\n<section class='av_tab_section av_tab_section av-m0p2dip5-349ea78f464f248ae8fd6f37cc2ab0e1'  itemscope=\"itemscope\" itemtype=\"https:\/\/schema.org\/CreativeWork\" ><div id='tab-id-3-tab' class='tab' role='tab' aria-selected=\"false\" tabindex=\"0\" data-fake-id='#tab-id-3' aria-controls='tab-id-3-content'  itemprop=\"headline\" ><span class='tab_icon avia-iconfont avia-font-entypo-fontello' data-av_icon='\ue816' data-av_iconfont='entypo-fontello' ><\/span>M\u011bni\u010de<\/div><div id='tab-id-3-content' class='tab_content' role='tabpanel' aria-labelledby='tab-id-3-tab' aria-hidden=\"true\"><div class='tab_inner_content invers-color'  itemprop=\"text\" ><p>St\u0159edot\u00f3nov\u00fd m\u011bni\u010d je navr\u017een tak, aby poskytoval dokonalou kontrolu nad cel\u00fdm vok\u00e1ln\u00edm rozsahem od 300 do 2000 Hz, a jeho \u017eiv\u00fd, dynamick\u00fd charakter vytv\u00e1\u0159\u00ed mimo\u0159\u00e1dn\u011b p\u0159irozen\u00fd dojem.<br \/>\nNov\u00e1 super v\u00fd\u0161kov\u00e1 ho\u0159\u010d\u00edkov\u00e1 kopulka AudiophileLinearity+ tvo\u0159\u00ed dokonal\u00fd dopln\u011bk, kter\u00fd roz\u0161i\u0159uje p\u0159ednesov\u00fd rozsah a\u017e na 35 000 Hz a v\u00fd\u0161e; je vzdu\u0161n\u00e1, svi\u017en\u00e1, dynamick\u00e1 a beze zn\u00e1mky ostrosti \u010di tvrdosti.<br \/>\nSofistikovan\u00e1 v\u00fdhybka je sestavena z t\u011bch nejlep\u0161\u00edch dostupn\u00fdch komponent\u016f. Je p\u0159esn\u011b vypo\u010d\u00edtan\u00e1 a vylad\u011bn\u00e1 pro optim\u00e1ln\u00ed zdvih ku\u017eel\u016f a p\u0159enosov\u00e9 charakteristiky, co\u017e j\u00ed d\u00e1v\u00e1 schopnost bez vynalo\u017een\u00ed v\u011bt\u0161\u00edho \u00fasil\u00ed zpracov\u00e1vat extr\u00e9mn\u011b vysok\u00e9 hladiny, \u010d\u00edm\u017e je zaji\u0161t\u011bna vynikaj\u00edc\u00ed kontrola v\u0161ech t\u0159\u00ed frekven\u010dn\u00edch p\u00e1sem.<br \/>\nReprosoustavy <a href=\"https:\/\/www.ta-hifi.de\/en\/loudspeakers\/talis-330\/talis-s-330-floorstanding-speaker\/\" target=\"_blank\" rel=\"noopener\">T+A Talis S 330<\/a> jsou vyrobeny podle mimo\u0159\u00e1dn\u011b vysok\u00fdch standard\u016f: ka\u017ed\u00fd detail je precizn\u011b dota\u017een\u00fd &#8211; dokonce i uvnit\u0159 ozvu\u010dnice.<\/p>\n<\/div><\/div><\/section>\n<\/div>\n","protected":false},"excerpt":{"rendered":"<h4 class=\"ls-l-1\">High End reprosoustava sloupov\u00e1<\/h4>\n","protected":false},"featured_media":42784,"comment_status":"closed","ping_status":"closed","template":"","meta":[],"pwb-brand":[152],"product_brand":[],"product_cat":[82,31,87],"product_tag":[66,88,84,85,38,89],"class_list":{"0":"post-42777","1":"product","2":"type-product","3":"status-publish","4":"has-post-thumbnail","6":"pwb-brand-ta","7":"product_cat-reprosoustavy","8":"product_cat-ta","9":"product_cat-talis","10":"product_tag-hi-fi","11":"product_tag-high-end","12":"product_tag-reprosoustavy","13":"product_tag-sloupova","14":"product_tag-ta-hifi","15":"product_tag-talis","17":"first","18":"onbackorder","19":"taxable","20":"shipping-taxable","21":"purchasable","22":"product-type-simple"},"aioseo_notices":[],"jetpack_sharing_enabled":true,"brands":[{"id":152,"name":"T+A","slug":"ta"}],"_links":{"self":[{"href":"https:\/\/www.altei.cz\/hifi\/wp-json\/wp\/v2\/product\/42777","targetHints":{"allow":["GET"]}}],"collection":[{"href":"https:\/\/www.altei.cz\/hifi\/wp-json\/wp\/v2\/product"}],"about":[{"href":"https:\/\/www.altei.cz\/hifi\/wp-json\/wp\/v2\/types\/product"}],"replies":[{"embeddable":true,"href":"https:\/\/www.altei.cz\/hifi\/wp-json\/wp\/v2\/comments?post=42777"}],"wp:featuredmedia":[{"embeddable":true,"href":"https:\/\/www.altei.cz\/hifi\/wp-json\/wp\/v2\/media\/42784"}],"wp:attachment":[{"href":"https:\/\/www.altei.cz\/hifi\/wp-json\/wp\/v2\/media?parent=42777"}],"wp:term":[{"taxonomy":"pwb-brand","embeddable":true,"href":"https:\/\/www.altei.cz\/hifi\/wp-json\/wp\/v2\/pwb-brand?post=42777"},{"taxonomy":"product_brand","embeddable":true,"href":"https:\/\/www.altei.cz\/hifi\/wp-json\/wp\/v2\/product_brand?post=42777"},{"taxonomy":"product_cat","embeddable":true,"href":"https:\/\/www.altei.cz\/hifi\/wp-json\/wp\/v2\/product_cat?post=42777"},{"taxonomy":"product_tag","embeddable":true,"href":"https:\/\/www.altei.cz\/hifi\/wp-json\/wp\/v2\/product_tag?post=42777"}],"curies":[{"name":"wp","href":"https:\/\/api.w.org\/{rel}","templated":true}]}}