{"id":42801,"date":"2025-01-27T15:54:14","date_gmt":"2025-01-27T14:54:14","guid":{"rendered":"https:\/\/www.altei.cz\/hifi\/?post_type=product&#038;p=42801"},"modified":"2026-03-18T22:00:08","modified_gmt":"2026-03-18T21:00:08","slug":"ta-talis-r-330","status":"publish","type":"product","link":"https:\/\/www.altei.cz\/hifi\/produkt\/ta-talis-r-330\/","title":{"rendered":"T+A Talis R 330"},"content":{"rendered":"<p><span class=\"tlid-translation translation\"><span class=\"tlid-translation translation\">T+A Talis R 330 je dvoup\u00e1smov\u00e1 hlin\u00edkov\u00e1 reg\u00e1lov\u00e1 reprosoustava s basreflexem, hudebn\u00edm v\u00fdkonem 200 W a kmito\u010dtov\u00fdm rozsahem 35 Hz a\u017e 40 kHz. <\/span><\/span><span class=\"tlid-translation translation\"><span class=\"tlid-translation translation\">Vybavena hlubokot\u00f3nov\u00fdm m\u011bni\u010dem se StarStabilizer membr\u00e1nou o pr\u016fm\u011bru 170 mm a v\u00fd\u0161kov\u00fdm vrchl\u00edkov\u00fdm m\u011bni\u010dem s ho\u0159\u0159\u010d\u00edkovou membr\u00e1nou a vlnovodem.<\/span><\/span><\/p>\n<p>Dvoup\u00e1smov\u00fd syst\u00e9m je ide\u00e1ln\u00ed pro reg\u00e1lov\u00e9 reproduktory, proto\u017ee k reprodukci zvuku pou\u017e\u00edv\u00e1 pouze basov\u00fd a v\u00fd\u0161kov\u00fd reproduktor. Model <span class=\"tlid-translation translation\">T+A Talis R 330<\/span> byl navr\u017een tak, aby kombinoval charakteristicky prostorov\u00fd a p\u0159irozen\u00fd zvuk dvoup\u00e1smov\u00fdch syst\u00e9m\u016f s v\u00fdjime\u010dn\u011b \u010distou a p\u0159esnou basovou odezvou, \u010d\u00edm\u017e \u0159e\u0161\u00ed \u010dast\u00e9 omezen\u00ed tradi\u010dn\u00edch konstrukc\u00ed. Za t\u00edmto \u00fa\u010delem vyu\u017e\u00edv\u00e1 model R 330 basov\u00fd reproduktor upraven\u00fd ze sestersk\u00e9ho modelu Talis S 330, kter\u00fd je d\u00e1le optimalizov\u00e1n pro specifick\u00e9 po\u017eadavky dvoup\u00e1smov\u00e9ho syst\u00e9mu v kompaktn\u00ed sk\u0159\u00edni. D\u00edky v\u00fdkonn\u00fdm magnetick\u00fdm m\u011bni\u010d\u016fm a membr\u00e1nov\u00e9 ochran\u011b StarStabilizer jsou reprodukov\u00e1ny i vysok\u00e9 hladiny zvuku bez probl\u00e9m\u016f v r\u00e1mci mo\u017enost\u00ed modelu R 330.<br \/>\nJedin\u00fd vysoce v\u00fdkonn\u00fd 17cm m\u011bni\u010d dod\u00e1v\u00e1 energii cel\u00e9mu basov\u00e9mu a st\u0159edov\u00e9mu p\u00e1smu modelu R 330. Jeho robustn\u00ed magnet, velk\u00e1 kmitac\u00ed c\u00edvka a zav\u011b\u0161en\u00ed s dlouhou dr\u00e1hou &#8211; speci\u00e1ln\u011b navr\u017een\u00e9 pro reg\u00e1lov\u00e9 reproduktory &#8211; umo\u017e\u0148uj\u00ed dos\u00e1hnout vysok\u00fdch hladin akustick\u00e9ho tlaku i p\u0159i nejni\u017e\u0161\u00edch frekvenc\u00edch bez zkreslen\u00ed. Basov\u00fd m\u011bni\u010d modelu R 330 je jako jeden ze dvou m\u011bni\u010d\u016f v reproduktoru vystaven jedine\u010dn\u00fdm n\u00e1rok\u016fm: mus\u00ed poskytnout s\u00edlu basov\u00e9ho p\u00e1sma a z\u00e1rove\u0148 zachytit jemnost st\u0159edn\u00edho p\u00e1sma.<br \/>\nJako rozhodn\u011b audiofilskou odpov\u011b\u010f na tyto po\u017eadavky v <a href=\"https:\/\/www.ta-hifi.de\/en\/loudspeakers\/talis-330\/talis-r-330-bookshelf-speaker\/\" target=\"_blank\" rel=\"noopener\">T+A<\/a>\u00a0 implementovali syst\u00e9m StarStabilizer. Tyto syst\u00e9my zaji\u0161\u0165uj\u00ed p\u00edstov\u00fd chod reproduktoru d\u00edky p\u0159esn\u011b vypo\u010d\u00edtan\u00fdm komponent\u016fm odpru\u017een\u00ed a zabra\u0148uj\u00ed jak\u00e9mukoli po\u0161kozen\u00ed membr\u00e1ny pomoc\u00ed speci\u00e1ln\u011b navr\u017een\u00e9 centr\u00e1ln\u00ed v\u00fdztuhy. Tato c\u00edlen\u00e1 struktura nejen zachov\u00e1v\u00e1 integritu bas\u016f, ale chr\u00e1n\u00ed tak\u00e9 jemnost st\u0159edn\u00edho p\u00e1sma a zaji\u0161\u0165uje \u010dist\u00fd, nezm\u011bn\u011bn\u00fd zvuk v cel\u00e9m frekven\u010dn\u00edm rozsahu.<\/p>\n<p>&nbsp;<\/p>\n<p>Stejn\u011b jako model Talis <a title=\"T+A Talis S 330\" href=\"https:\/\/www.altei.cz\/hifi\/produkt\/ta-talis-s-330\/\" target=\"_blank\" rel=\"noopener\">S 330<\/a> se i model T+A Talis R 330 zrodil z vize dosa\u017een\u00ed elegantn\u00edho designu bez ztr\u00e1ty kvality zvuku. Kompaktn\u011bj\u0161\u00ed t\u011blo modelu R 330 si vy\u017e\u00e1dalo ve\u0161ker\u00e9 zku\u0161enosti v\u00fdvoj\u00e1\u0159\u016f T+A s akustick\u00fdm lad\u011bn\u00edm a zpracov\u00e1n\u00edm materi\u00e1l\u016f, aby vytvo\u0159ili reg\u00e1lov\u00fd reproduktor, kter\u00fd netrp\u00ed \u017e\u00e1dn\u00fdmi kompromisy, a\u0165 u\u017e po str\u00e1nce zvukov\u00e9, nebo vizu\u00e1ln\u00ed. Jako dvoup\u00e1smov\u00fd syst\u00e9m se o kompletn\u00ed vyza\u0159ovan\u00e9 p\u00e1smo star\u00e1 jedin\u00fd m\u011bni\u010d st\u0159edobasov\u00fd a jeden v\u00fd\u0161kov\u00fd, co\u017e zaji\u0161\u0165uje perfektn\u00ed soudr\u017enost vyza\u0159ovan\u00e9ho zvuku. \u0160t\u00edhl\u00e9, precizn\u011b zkonstruovan\u00e9 bo\u010dn\u00ed panely navazuj\u00ed na WrapAround Baffle, \u010d\u00edm\u017e maximalizuj\u00ed vnit\u0159n\u00ed objem, ani\u017e by se zm\u011bnila rafinovan\u00e1 silueta reprosoustavy. Ru\u010dn\u011b opracovan\u00fd hlin\u00edk, a\u0165 u\u017e s povrchovou \u00fapravou v syt\u011b p\u016flno\u010dn\u00ed \u010dern\u00e9 nebo elegantn\u00ed kart\u00e1\u010dovan\u00e9 st\u0159\u00edbrn\u00e9 barv\u011b, vyza\u0159uje nen\u00e1padn\u00fd luxus a d\u011bl\u00e1 z modelu R 330 v\u00fdrazn\u00fd prvek na ka\u017ed\u00e9 polici nebo stojanu s reproduktory.<\/p>\n<p>&nbsp;<\/p>\n<div class=\"text-wrap tlid-copy-target\">\n<div><span class=\"tlid-translation translation\"><span class=\"tlid-translation translation\"><strong>Cena za p\u00e1r<\/strong><\/span><\/span><\/div>\n<\/div>\n<div class=\"text-wrap tlid-copy-target\">\n<div><\/div>\n<\/div>\n<div>\n<div class=\"table-body active\" data-toggle-target=\"table-5-1\">\n<div class=\"table-row\"><\/div>\n<\/div>\n<div class=\"table-body active\" data-toggle-target=\"table-5-1\">\n<div class=\"table-row\">\n<div class=\"table-cell t-cell-6\"><\/div>\n<\/div>\n<\/div>\n<\/div>\n<div class=\"tlid-result-transliteration-container result-transliteration-container transliteration-container\">\n<div class=\"tlid-transliteration-content transliteration-content full\"><\/div>\n<\/div>\n<p>&nbsp;<\/p>\n","protected":false},"excerpt":{"rendered":"<h4 class=\"ls-l-1\">High End reprosoustava reg\u00e1lov\u00e1<\/h4>\n","protected":false},"featured_media":42803,"comment_status":"closed","ping_status":"closed","template":"","meta":[],"pwb-brand":[152],"product_brand":[],"product_cat":[82,31,87],"product_tag":[66,88,86,264,84,38,89],"class_list":{"0":"post-42801","1":"product","2":"type-product","3":"status-publish","4":"has-post-thumbnail","6":"pwb-brand-ta","7":"product_cat-reprosoustavy","8":"product_cat-ta","9":"product_cat-talis","10":"product_tag-hi-fi","11":"product_tag-high-end","12":"product_tag-regalova","13":"product_tag-reprosoustava","14":"product_tag-reprosoustavy","15":"product_tag-ta-hifi","16":"product_tag-talis","18":"first","19":"onbackorder","20":"taxable","21":"shipping-taxable","22":"purchasable","23":"product-type-simple"},"aioseo_notices":[],"jetpack_sharing_enabled":true,"brands":[{"id":152,"name":"T+A","slug":"ta"}],"_links":{"self":[{"href":"https:\/\/www.altei.cz\/hifi\/wp-json\/wp\/v2\/product\/42801","targetHints":{"allow":["GET"]}}],"collection":[{"href":"https:\/\/www.altei.cz\/hifi\/wp-json\/wp\/v2\/product"}],"about":[{"href":"https:\/\/www.altei.cz\/hifi\/wp-json\/wp\/v2\/types\/product"}],"replies":[{"embeddable":true,"href":"https:\/\/www.altei.cz\/hifi\/wp-json\/wp\/v2\/comments?post=42801"}],"wp:featuredmedia":[{"embeddable":true,"href":"https:\/\/www.altei.cz\/hifi\/wp-json\/wp\/v2\/media\/42803"}],"wp:attachment":[{"href":"https:\/\/www.altei.cz\/hifi\/wp-json\/wp\/v2\/media?parent=42801"}],"wp:term":[{"taxonomy":"pwb-brand","embeddable":true,"href":"https:\/\/www.altei.cz\/hifi\/wp-json\/wp\/v2\/pwb-brand?post=42801"},{"taxonomy":"product_brand","embeddable":true,"href":"https:\/\/www.altei.cz\/hifi\/wp-json\/wp\/v2\/product_brand?post=42801"},{"taxonomy":"product_cat","embeddable":true,"href":"https:\/\/www.altei.cz\/hifi\/wp-json\/wp\/v2\/product_cat?post=42801"},{"taxonomy":"product_tag","embeddable":true,"href":"https:\/\/www.altei.cz\/hifi\/wp-json\/wp\/v2\/product_tag?post=42801"}],"curies":[{"name":"wp","href":"https:\/\/api.w.org\/{rel}","templated":true}]}}