{"id":42806,"date":"2025-01-27T20:24:34","date_gmt":"2025-01-27T19:24:34","guid":{"rendered":"https:\/\/www.altei.cz\/hifi\/?post_type=product&#038;p=42806"},"modified":"2026-03-16T06:49:52","modified_gmt":"2026-03-16T05:49:52","slug":"hana-sh-mkii","status":"publish","type":"product","link":"https:\/\/www.altei.cz\/hifi\/produkt\/hana-sh-mkii\/","title":{"rendered":"HANA SH MkII"},"content":{"rendered":"<p>HANA SH MkII je elektrodynamick\u00e1 p\u0159enoska MC s vysokou v\u00fdstupn\u00ed \u00farovn\u00ed, s hrotem typu Shibata z p\u0159\u00edrodn\u00edho diamantu a 1\/2&#8243; uchycen\u00edm. Chv\u011bjka z tvrzen\u00e9ho aluminia, magnet AlNiCo, v\u00fdstupn\u00ed \u00farove\u0148 2mV, kmito\u010dtov\u00fd rozsah 15Hz a\u017e 32kHz, impedance 130\u03a9, hmotnost 8,6g. Barva \u010dern\u00e1.<\/p>\n<p>Upgrade Mk II celosv\u011btov\u011b nejprod\u00e1van\u011bj\u0161\u00edch japonsk\u00fdch p\u0159enosek \u0159ady Hana S zvy\u0161uje jejich hudebn\u00ed vlastnosti i hodnotu. Mistr v konstrukci p\u0159enosek pan Maseo Okada implementoval novou ku\u017eelovou hlin\u00edkovou chv\u011bjku se zv\u00fd\u0161enou tuhost\u00ed, co\u017e vede k pozoruhodn\u00e9mu zlep\u0161en\u00ed p\u0159enosu modulace z dr\u00e1\u017eky vinylov\u00e9 desky do syst\u00e9mu p\u0159enosky. V nov\u00e9 \u0159ad\u011b S Mk II jsou pou\u017eity d\u00edly s vy\u0161\u0161\u00ed specifikac\u00ed, pokro\u010dil\u00e9 materi\u00e1ly a unik\u00e1tn\u00ed technologick\u00e9 postupy p\u0159evzat\u00e9 z dra\u017e\u0161\u00edch elitn\u00edch model\u016f p\u0159enosek Hana, kter\u00e9 definuj\u00ed zn\u00e1m\u00fd\u00a0 &#8222;brilantn\u00ed a n\u00e1dhern\u00fd&#8220; zvuk Hana.<\/p>\n<p>Vylep\u0161en\u00fd antirezonan\u010dn\u00ed tvar t\u011bla p\u0159enosky po vzoru \u0159ady Hana ML\u00a0 je je\u0161t\u011b tlumen\u00fd matnou barvou Soft Feel Black z elastomerov\u00e9 prysky\u0159ice. P\u0159enoska je vybavena mosaznou vrchn\u00ed desti\u010dkou se z\u00e1vitov\u00fdmi \u0161rouben\u00edmi pro mont\u00e1\u017e p\u0159enosky na headshell gramofonov\u00e9ho ramene. T\u011b\u017e\u0161\u00ed p\u0159enosky HANA SH MkII nab\u00edzej\u00ed roz\u0161\u00ed\u0159enou kompatibilitu s \u0161ir\u0161\u00ed \u0161k\u00e1lou gramofonov\u00fdch ramen, a zlep\u0161en\u00ed basov\u00e9 odezvy a dynamiky p\u0159ednesu.<\/p>\n<p>MC (Moving Coil) syst\u00e9m p\u0159enosky HANA SH MkII , kter\u00fd byl vyvinut pro modely <a title=\"HANA UB\" href=\"https:\/\/www.altei.cz\/hifi\/produkt\/hana-ub\/\" target=\"_blank\" rel=\"noopener\">Umami Blue<\/a> a <a title=\"HANA ML\" href=\"https:\/\/www.altei.cz\/hifi\/produkt\/hana-ml\/\" target=\"_blank\" rel=\"noopener\">ML<\/a> , obsahuje magnet AlNiCo a k\u0159\u00ed\u017eovou c\u00edvku z vysoce \u010dist\u00e9ho 30mikronov\u00e9ho kryo o\u0161et\u0159en\u00e9ho m\u011bd\u011bn\u00e9ho dr\u00e1tu s impedanc\u00ed 8\u03a9. To zlep\u0161uje odstup sign\u00e1lu od \u0161umu, sni\u017euje pohyblivou hmotnost pro vy\u0161\u0161\u00ed rozli\u0161en\u00ed a sledovatelnost a je optimalizov\u00e1n pro pou\u017eit\u00ed s \u0161ir\u0161\u00ed \u0161k\u00e1lou gramofonov\u00fdch p\u0159edzesilova\u010d\u016f.<\/p>\n<p>&nbsp;<\/p>\n<div  class='avia-button-wrap av-l42vxc-b29bdb87ed910ebe96744896e8a228af-wrap avia-button-center  avia-builder-el-0  avia-builder-el-no-sibling '><a href='https:\/\/www.altei.cz\/hifi\/hana\/'  class='avia-button av-l42vxc-b29bdb87ed910ebe96744896e8a228af av-link-btn avia-icon_select-no avia-size-small avia-position-center avia-color-theme-color'   aria-label=\"V\u00edce\"><span class='avia_iconbox_title' >V\u00edce<\/span><\/a><\/div>\n","protected":false},"excerpt":{"rendered":"<h4>Elektrodynamick\u00e1 p\u0159enoska MC s vysokou\u00a0v\u00fdstupn\u00ed \u00farovn\u00ed<\/h4>\n","protected":false},"featured_media":42811,"comment_status":"closed","ping_status":"closed","template":"","meta":[],"pwb-brand":[155],"product_brand":[],"product_cat":[157],"product_tag":[103,159],"class_list":{"0":"post-42806","1":"product","2":"type-product","3":"status-publish","4":"has-post-thumbnail","6":"pwb-brand-hana","7":"product_cat-gramofonove-prenosky","8":"product_tag-gramofon","9":"product_tag-prenoska","11":"first","12":"instock","13":"featured","14":"taxable","15":"shipping-taxable","16":"purchasable","17":"product-type-simple"},"aioseo_notices":[],"jetpack_sharing_enabled":true,"brands":[{"id":155,"name":"HANA","slug":"hana"}],"_links":{"self":[{"href":"https:\/\/www.altei.cz\/hifi\/wp-json\/wp\/v2\/product\/42806","targetHints":{"allow":["GET"]}}],"collection":[{"href":"https:\/\/www.altei.cz\/hifi\/wp-json\/wp\/v2\/product"}],"about":[{"href":"https:\/\/www.altei.cz\/hifi\/wp-json\/wp\/v2\/types\/product"}],"replies":[{"embeddable":true,"href":"https:\/\/www.altei.cz\/hifi\/wp-json\/wp\/v2\/comments?post=42806"}],"wp:featuredmedia":[{"embeddable":true,"href":"https:\/\/www.altei.cz\/hifi\/wp-json\/wp\/v2\/media\/42811"}],"wp:attachment":[{"href":"https:\/\/www.altei.cz\/hifi\/wp-json\/wp\/v2\/media?parent=42806"}],"wp:term":[{"taxonomy":"pwb-brand","embeddable":true,"href":"https:\/\/www.altei.cz\/hifi\/wp-json\/wp\/v2\/pwb-brand?post=42806"},{"taxonomy":"product_brand","embeddable":true,"href":"https:\/\/www.altei.cz\/hifi\/wp-json\/wp\/v2\/product_brand?post=42806"},{"taxonomy":"product_cat","embeddable":true,"href":"https:\/\/www.altei.cz\/hifi\/wp-json\/wp\/v2\/product_cat?post=42806"},{"taxonomy":"product_tag","embeddable":true,"href":"https:\/\/www.altei.cz\/hifi\/wp-json\/wp\/v2\/product_tag?post=42806"}],"curies":[{"name":"wp","href":"https:\/\/api.w.org\/{rel}","templated":true}]}}