{"id":42914,"date":"2025-02-17T08:52:47","date_gmt":"2025-02-17T07:52:47","guid":{"rendered":"https:\/\/www.altei.cz\/hifi\/?post_type=product&#038;p=42914"},"modified":"2025-02-17T12:44:27","modified_gmt":"2025-02-17T11:44:27","slug":"bw-zeppelin","status":"publish","type":"product","link":"https:\/\/www.altei.cz\/hifi\/produkt\/bw-zeppelin\/","title":{"rendered":"B&#038;W Zeppelin"},"content":{"rendered":"<h3>B&amp;W Zeppelin &#8211; design se snoub\u00ed s nejlep\u0161\u00edm zvukem ve sv\u00e9 t\u0159\u00edd\u011b.<\/h3>\n<p>Zeppelin, bezdr\u00e1tov\u00fd chytr\u00fd reproduktor p\u0159epracovan\u00fd pro v\u011bk streamov\u00e1n\u00ed. Jeho elegantn\u00ed tvar kombinuje stereofonn\u00ed zvuk s vysok\u00fdm rozli\u0161en\u00edm s rozs\u00e1hlou nab\u00eddkou chytr\u00fdch, p\u0159ipojen\u00fdch funkc\u00ed a slu\u017eeb.<\/p>\n<h3>Zeppelin, po kter\u00e9m jste v\u017edycky tou\u017eili<\/h3>\n<p>Pro\u010d se rozhodovat mezi produktem s funkcemi, kter\u00e9 pot\u0159ebujete, a kr\u00e1sn\u00fdm designem se zvukem, kter\u00fd chcete? M\u011bjte oboj\u00ed&#8230;<\/p>\n<h3>Hudba, kterou milujete, okam\u017eit\u011b<\/h3>\n<p>B&amp;W Zeppelin um\u00ed streamovat z Apple\u00ae AirPlay 2\u00ae, Bluetooth aptX\u2122 Adaptive a Spotify Connect &#8211; a tak\u00e9 z aplikace Bowers &amp; Wilkins Music App.<\/p>\n<h3>\u0158\u00edzeno dokonalost\u00ed<\/h3>\n<p>Zeppelin pou\u017e\u00edv\u00e1 m\u011bni\u010de spole\u010dn\u00e9 s vlastn\u00edmi konstrukcemi reproduktor\u016f Bowers &amp; Wilkins. Nic jin\u00e9ho se jim nep\u0159ibli\u017euje.<\/p>\n<h3>Zvuk s vysok\u00fdm rozli\u0161en\u00edm<\/h3>\n<p>D\u00edky integrovan\u00e9mu p\u0159\u00edstupu k \u0161irok\u00e9 \u0161k\u00e1le streamovac\u00edch slu\u017eeb si m\u016f\u017eete vychutnat svou obl\u00edbenou hudbu v kvalit\u011b a\u017e 24 bit\u016f ve vysok\u00e9m rozli\u0161en\u00ed ze slu\u017eeb Deezer, Qobuz, TIDAL a dal\u0161\u00edch. M\u016f\u017eete tak\u00e9 p\u0159istupovat k podcast\u016fm a rozhlasov\u00fdm stanic\u00edm, a to v\u0161e s bezprobl\u00e9mov\u00fdm ovl\u00e1d\u00e1n\u00edm prost\u0159ednictv\u00edm aplikace Bowers &amp; Wilkins Music.<\/p>\n<p>&nbsp;<\/p>\n<p>&nbsp;<\/p>\n","protected":false},"excerpt":{"rendered":"<p>B&amp;W Zeppelin &#8211; design se snoub\u00ed s nejlep\u0161\u00edm zvukem ve sv\u00e9 t\u0159\u00edd\u011b. Zeppelin, bezdr\u00e1tov\u00fd chytr\u00fd reproduktor p\u0159epracovan\u00fd pro v\u011bk streamov\u00e1n\u00ed. Jeho elegantn\u00ed tvar kombinuje stereofonn\u00ed zvuk s vysok\u00fdm rozli\u0161en\u00edm s rozs\u00e1hlou nab\u00eddkou chytr\u00fdch, p\u0159ipojen\u00fdch funkc\u00ed a slu\u017eeb. Zeppelin, po kter\u00e9m jste v\u017edycky tou\u017eili Pro\u010d se rozhodovat mezi produktem s funkcemi, kter\u00e9 pot\u0159ebujete, a kr\u00e1sn\u00fdm designem [&hellip;]<\/p>\n","protected":false},"featured_media":42915,"comment_status":"closed","ping_status":"closed","template":"","meta":[],"pwb-brand":[459],"product_brand":[],"product_cat":[567,465,82,23],"product_tag":[142,113,46,466,264,147],"class_list":{"0":"post-42914","1":"product","2":"type-product","3":"status-publish","4":"has-post-thumbnail","6":"pwb-brand-bowers-wilkins","7":"product_cat-bw","8":"product_cat-bluetooth","9":"product_cat-reprosoustavy","10":"product_cat-roon-ready","11":"product_tag-airplay","12":"product_tag-aktivni","13":"product_tag-bluetooth","14":"product_tag-formation","15":"product_tag-reprosoustava","16":"product_tag-spotify","18":"first","19":"instock","20":"taxable","21":"shipping-taxable","22":"purchasable","23":"product-type-simple"},"aioseo_notices":[],"jetpack_sharing_enabled":true,"brands":[{"id":459,"name":"B&amp;W","slug":"bowers-wilkins"}],"_links":{"self":[{"href":"https:\/\/www.altei.cz\/hifi\/wp-json\/wp\/v2\/product\/42914","targetHints":{"allow":["GET"]}}],"collection":[{"href":"https:\/\/www.altei.cz\/hifi\/wp-json\/wp\/v2\/product"}],"about":[{"href":"https:\/\/www.altei.cz\/hifi\/wp-json\/wp\/v2\/types\/product"}],"replies":[{"embeddable":true,"href":"https:\/\/www.altei.cz\/hifi\/wp-json\/wp\/v2\/comments?post=42914"}],"wp:featuredmedia":[{"embeddable":true,"href":"https:\/\/www.altei.cz\/hifi\/wp-json\/wp\/v2\/media\/42915"}],"wp:attachment":[{"href":"https:\/\/www.altei.cz\/hifi\/wp-json\/wp\/v2\/media?parent=42914"}],"wp:term":[{"taxonomy":"pwb-brand","embeddable":true,"href":"https:\/\/www.altei.cz\/hifi\/wp-json\/wp\/v2\/pwb-brand?post=42914"},{"taxonomy":"product_brand","embeddable":true,"href":"https:\/\/www.altei.cz\/hifi\/wp-json\/wp\/v2\/product_brand?post=42914"},{"taxonomy":"product_cat","embeddable":true,"href":"https:\/\/www.altei.cz\/hifi\/wp-json\/wp\/v2\/product_cat?post=42914"},{"taxonomy":"product_tag","embeddable":true,"href":"https:\/\/www.altei.cz\/hifi\/wp-json\/wp\/v2\/product_tag?post=42914"}],"curies":[{"name":"wp","href":"https:\/\/api.w.org\/{rel}","templated":true}]}}