{"id":42986,"date":"2025-03-01T14:34:03","date_gmt":"2025-03-01T13:34:03","guid":{"rendered":"https:\/\/www.altei.cz\/hifi\/?post_type=product&#038;p=42986"},"modified":"2025-03-04T10:18:53","modified_gmt":"2025-03-04T09:18:53","slug":"me-geithain-me-800k","status":"publish","type":"product","link":"https:\/\/www.altei.cz\/hifi\/produkt\/me-geithain-me-800k\/","title":{"rendered":"ME Geithain ME-800K"},"content":{"rendered":"<p><b>Geithain ME-800K referen\u010dn\u00ed poslechov\u00fd monitor<\/b><br \/>\nV\u00fdkonn\u00fd \u010dty\u0159p\u00e1smov\u00fd sloupov\u00fd aktivn\u00ed poslechov\u00fd syst\u00e9m ME 800K s ledvinovou charakteristikou vyza\u0159ov\u00e1n\u00ed v basov\u00e9m p\u00e1smu je univerz\u00e1ln\u00ed reprosoustavou pro n\u00e1ro\u010dn\u00e9 audiofily stejn\u011b jako hlavn\u00ed poslech ve zvukov\u00fdch a video studi\u00edch. D\u00edky vyza\u0159ovac\u00ed charakteristice Geithain ME-800K na n\u00edzk\u00fdch frekvenc\u00edch jsou v\u00fdrazn\u011b omezeny odrazy od st\u011bn za reprosoustavou a event. odrazy v roz\u00edch poslechov\u00e9ho prostoru. ME Geithain ME-800K je optimalizov\u00e1n pro poslechov\u00e9 vzd\u00e1lenosti od 3 m do 8 m. \u010cty\u0159i v\u00fdkonov\u00e9 zesilova\u010de MOSFET 1000W-1000W-500W-500W s elektronickou v\u00fdhybkou jsou integrov\u00e1ny do zadn\u00ed st\u011bny reproboxu. K syst\u00e9mu jsou dod\u00e1v\u00e1ny r\u016fzn\u00e9 typy v\u00fd\u0161kov\u011b diverzifikovan\u00fdch stojan\u016f jako p\u0159\u00edslu\u0161enstv\u00ed. Propriet\u00e1rn\u00ed mont\u00e1\u017en\u00ed prvky jsou pak zabudov\u00e1ny v boc\u00edch reproduktorov\u00e9 sk\u0159\u00edn\u011b. V p\u0159\u00edpad\u011b pot\u0159eby lze objednat vybaven\u00ed reprosoustavy magnetick\u00fdm st\u00edn\u011bn\u00edm.<\/p>\n<p>\u010cty\u0159p\u00e1smov\u00e1 koncepce modelu ME 800K se skl\u00e1d\u00e1 ze dvou 15palcov\u00fdch woofer\u016f, 6,5palcov\u00e9ho vysoce v\u00fdkonn\u00e9ho st\u0159edot\u00f3nov\u00e9ho syst\u00e9mu a soustavy v\u00fd\u0161kov\u00fdch reproduktor\u016f se t\u0159emi vertik\u00e1ln\u011b uspo\u0159\u00e1dan\u00fdmi 1palcov\u00fdmi kalotami. Sm\u011brovost syst\u00e9mu byla optimalizov\u00e1na pro poslechov\u00e9 vzd\u00e1lenosti od t\u0159\u00ed do osmi metr\u016f a poskytuje p\u0159irozen\u00fd zvukov\u00fd obraz ve stereofonn\u00edm i v\u00edcekan\u00e1lov\u00e9m provozu. Dva 1000W a dva 500W zesilovac\u00ed moduly dod\u00e1vaj\u00ed basov\u00e9mu, st\u0159edov\u00e9mu a v\u00fd\u0161kov\u00e9mu kan\u00e1lu dostate\u010dn\u00fd v\u00fdkon. V\u00fdsledn\u00e1 pojistka proti p\u0159et\u00ed\u017een\u00ed zaji\u0161\u0165uje, \u017ee ani sign\u00e1ly s nejvy\u0161\u0161\u00edmi \u0161pi\u010dkov\u00fdmi \u00farovn\u011bmi nejsou omezov\u00e1ny. Tak\u00e9 hladiny akustick\u00e9ho tlaku a\u017e 126 dB lze prov\u00e1d\u011bt bez sly\u0161iteln\u00e9ho zkreslen\u00ed v cel\u00e9m efektivn\u00edm frekven\u010dn\u00edm rozsahu. Kompenza\u010dn\u00ed s\u00ed\u0165 pro m\u00edstnost, integrovan\u00e1 do elektroniky zesilova\u010de, umo\u017e\u0148uje \u0159\u00eddit frekven\u010dn\u00ed odezvu v z\u00e1vislosti na m\u00edstnosti.<\/p>\n<p>Vertik\u00e1ln\u00ed uspo\u0159\u00e1d\u00e1n\u00ed 15palcov\u00fdch woofer\u016f poskytuje index sm\u011brovosti, kter\u00fd zaji\u0161\u0165uje realistickou p\u0159\u00edtomnost bas\u016f i p\u0159i poslechov\u00e9 vzd\u00e1lenosti a\u017e osm metr\u016f. Spolehliv\u00e1 technologie ME Geithain nazvan\u00e1 K minimalizuje v oblasti bas\u016f odrazy od m\u00edstnosti sm\u011b\u0159uj\u00edc\u00ed dozadu a zjednodu\u0161uje um\u00edst\u011bn\u00ed modelu ME 800K v poslechov\u00e9 m\u00edstnosti. V p\u0159\u00edpad\u011b pot\u0159eby lze ob\u011b 15palcov\u00e9 basov\u00e9 jednotky provozovat jako subwoofery prost\u0159ednictv\u00edm vstupu LFE.<\/p>\n<p>V\u00fdrobce nab\u00edz\u00ed \u0161irok\u00e9 spektrum povrchov\u00fdch \u00faprav od v\u00fdb\u011bru d\u00fdhov\u00e1n\u00ed a\u017e po matn\u00e9 a leskl\u00e9 laky v odst\u00ednech RAL.<\/p>\n<p>Cena je uvedena za kus v standardn\u00edm proveden\u00ed \u010dern\u00e1 jasanov\u00e1 d\u00fdha<\/p>\n<p>Obr\u00e1zky pouze orienta\u010dn\u00ed. Vyobrazen\u00e9 proveden\u00ed m\u016f\u017ee obsahovat p\u0159\u00edplatkov\u00e9 proveden\u00ed nebo v\u00fdbavu.<\/p>\n<p>&nbsp;<\/p>\n","protected":false},"excerpt":{"rendered":"<p>Referen\u010dn\u00ed aktivn\u00ed reprosoustava<\/p>\n","protected":false},"featured_media":42987,"comment_status":"closed","ping_status":"closed","template":"","meta":[],"pwb-brand":[539],"product_brand":[],"product_cat":[540,411],"product_tag":[113,570,84,85],"class_list":{"0":"post-42986","1":"product","2":"type-product","3":"status-publish","4":"has-post-thumbnail","6":"pwb-brand-me-geithain","7":"product_cat-geithain","8":"product_cat-reprosoustavy-2","9":"product_tag-aktivni","10":"product_tag-ctyrpasmova","11":"product_tag-reprosoustavy","12":"product_tag-sloupova","14":"first","15":"onbackorder","16":"taxable","17":"shipping-taxable","18":"purchasable","19":"product-type-simple"},"aioseo_notices":[],"jetpack_sharing_enabled":true,"brands":[{"id":539,"name":"ME Geithain","slug":"me-geithain"}],"_links":{"self":[{"href":"https:\/\/www.altei.cz\/hifi\/wp-json\/wp\/v2\/product\/42986","targetHints":{"allow":["GET"]}}],"collection":[{"href":"https:\/\/www.altei.cz\/hifi\/wp-json\/wp\/v2\/product"}],"about":[{"href":"https:\/\/www.altei.cz\/hifi\/wp-json\/wp\/v2\/types\/product"}],"replies":[{"embeddable":true,"href":"https:\/\/www.altei.cz\/hifi\/wp-json\/wp\/v2\/comments?post=42986"}],"wp:featuredmedia":[{"embeddable":true,"href":"https:\/\/www.altei.cz\/hifi\/wp-json\/wp\/v2\/media\/42987"}],"wp:attachment":[{"href":"https:\/\/www.altei.cz\/hifi\/wp-json\/wp\/v2\/media?parent=42986"}],"wp:term":[{"taxonomy":"pwb-brand","embeddable":true,"href":"https:\/\/www.altei.cz\/hifi\/wp-json\/wp\/v2\/pwb-brand?post=42986"},{"taxonomy":"product_brand","embeddable":true,"href":"https:\/\/www.altei.cz\/hifi\/wp-json\/wp\/v2\/product_brand?post=42986"},{"taxonomy":"product_cat","embeddable":true,"href":"https:\/\/www.altei.cz\/hifi\/wp-json\/wp\/v2\/product_cat?post=42986"},{"taxonomy":"product_tag","embeddable":true,"href":"https:\/\/www.altei.cz\/hifi\/wp-json\/wp\/v2\/product_tag?post=42986"}],"curies":[{"name":"wp","href":"https:\/\/api.w.org\/{rel}","templated":true}]}}